{"id":46790,"date":"2016-11-30T00:00:00","date_gmt":"2016-11-30T00:00:00","guid":{"rendered":"https:\/\/wydawnictwo.ug.edu.pl\/ksiegarnia-online\/uncategorized\/perswazja-jezykowa-w-roznych-dyskursach-tom-2\/"},"modified":"2026-02-11T16:14:26","modified_gmt":"2026-02-11T16:14:26","slug":"perswazja-jezykowa-w-roznych-dyskursach-tom-2","status":"publish","type":"product","link":"https:\/\/wydawnictwo.ug.edu.pl\/en\/ksiegarnia-online\/jezykoznawstwo\/perswazja-jezykowa-w-roznych-dyskursach-tom-2\/","title":{"rendered":"Perswazja j\u0119zykowa w r\u00f3\u017cnych dyskursach. Tom 2"},"content":{"rendered":"","protected":false},"excerpt":{"rendered":"<p>Celem sk\u0142adaj\u0105cej si\u0119 z dw\u00f3ch tom\u00f3w monografii jest stworzenie nowego forum wymiany my\u015bli pomi\u0119dzy naukowcami, kt\u00f3rych badania (z zakresu j\u0119zykoznawstwa, erystyki, psycho- i socjolingwistyki, psychologii spo\u0142ecznej, socjologii, prawa, marketingu i innych) przyczyniaj\u0105 si\u0119 do zg\u0142\u0119bienia wiedzy o sposobach oddzia\u0142ywania j\u0119zykowego w ro\u017cnych typach dyskursu: politycznym, medialnym, religijnym czy dydaktycznym, zar\u00f3wno w przestrzeni komunikacji narodowej, jak i mi\u0119dzykulturowej. Novum niniejszego projektu stanowi wielokierunkowa analiza problem\u00f3w ustalenia powinowactwa mentalnego u\u017cytkownik\u00f3w r\u00f3\u017cnych j\u0119zyk\u00f3w w szerokim opracowaniu interdyscyplinarnym.<\/p>\n","protected":false},"featured_media":14585,"template":"","meta":{"_acf_changed":false},"journal":[],"rodzaj":[7074],"seria":[],"product_brand":[],"product_cat":[6924,6926],"product_tag":[7470,7472],"class_list":{"0":"post-46790","1":"product","2":"type-product","3":"status-publish","4":"has-post-thumbnail","6":"rodzaj-ksiazki","7":"product_cat-jezykoznawstwo","8":"product_cat-przekladoznawstwo","9":"product_tag-aleksandra-klimkiewicz","10":"product_tag-zanna-sladkiewicz","12":"first","13":"outofstock","14":"taxable","15":"shipping-taxable","16":"purchasable","17":"product-type-simple"},"acf":[],"_links":{"self":[{"href":"https:\/\/wydawnictwo.ug.edu.pl\/en\/wp-json\/wp\/v2\/product\/46790","targetHints":{"allow":["GET"]}}],"collection":[{"href":"https:\/\/wydawnictwo.ug.edu.pl\/en\/wp-json\/wp\/v2\/product"}],"about":[{"href":"https:\/\/wydawnictwo.ug.edu.pl\/en\/wp-json\/wp\/v2\/types\/product"}],"wp:featuredmedia":[{"embeddable":true,"href":"https:\/\/wydawnictwo.ug.edu.pl\/en\/wp-json\/wp\/v2\/media\/14585"}],"wp:attachment":[{"href":"https:\/\/wydawnictwo.ug.edu.pl\/en\/wp-json\/wp\/v2\/media?parent=46790"}],"wp:term":[{"taxonomy":"journal","embeddable":true,"href":"https:\/\/wydawnictwo.ug.edu.pl\/en\/wp-json\/wp\/v2\/journal?post=46790"},{"taxonomy":"rodzaj","embeddable":true,"href":"https:\/\/wydawnictwo.ug.edu.pl\/en\/wp-json\/wp\/v2\/rodzaj?post=46790"},{"taxonomy":"seria","embeddable":true,"href":"https:\/\/wydawnictwo.ug.edu.pl\/en\/wp-json\/wp\/v2\/seria?post=46790"},{"taxonomy":"product_brand","embeddable":true,"href":"https:\/\/wydawnictwo.ug.edu.pl\/en\/wp-json\/wp\/v2\/product_brand?post=46790"},{"taxonomy":"product_cat","embeddable":true,"href":"https:\/\/wydawnictwo.ug.edu.pl\/en\/wp-json\/wp\/v2\/product_cat?post=46790"},{"taxonomy":"product_tag","embeddable":true,"href":"https:\/\/wydawnictwo.ug.edu.pl\/en\/wp-json\/wp\/v2\/product_tag?post=46790"}],"curies":[{"name":"wp","href":"https:\/\/api.w.org\/{rel}","templated":true}]}}