{"id":46789,"date":"2016-11-30T00:00:00","date_gmt":"2016-11-30T00:00:00","guid":{"rendered":"https:\/\/wydawnictwo.ug.edu.pl\/ksiegarnia-online\/uncategorized\/sinice-cyjanobakterie-zatoki-gdanskiej-i-baltyku-poludniowego\/"},"modified":"2026-02-17T15:42:54","modified_gmt":"2026-02-17T15:42:54","slug":"sinice-cyjanobakterie-zatoki-gdanskiej-i-baltyku-poludniowego","status":"publish","type":"product","link":"https:\/\/wydawnictwo.ug.edu.pl\/en\/ksiegarnia-online\/biologia\/sinice-cyjanobakterie-zatoki-gdanskiej-i-baltyku-poludniowego\/","title":{"rendered":"Sinice \u2013 Cyjanobakterie Zatoki Gda\u0144skiej i Ba\u0142tyku Po\u0142udniowego"},"content":{"rendered":"","protected":false},"excerpt":{"rendered":"<p>Autorzy prezentuj\u0105 oryginaln\u0105 i zmodyfikowan\u0105 po 10 latach wersj\u0119; swojego klucza taksonomicznego sinic w serii ,,Flora Zatoki Gda\u0144skiej i w\u00f3d przyleg\u0142ych (Ba\u0142tyk Po\u0142udniowy)\u201d. Tre\u015bci tego klucza zawieraj\u0105 klasyfikacj\u0119 systematyczn\u0105 opart\u0105 na zasadach ,,polyphasic approach\u201d i nowo okre\u015blonych cechach genetycznych, morfologicznych i fizjologicznych sinic (Kom\u00e1rek 2005, Hoffman i in. 2005, Kom\u00e1rek i in. 2014). Kryteria tego systemu mieszcz\u0119 si\u0119; obecnie we wsp\u00f3\u0142czesnej literaturze fykologicznej i s\u0105 respektowane przez hydrobiolog\u00f3w. Wydanie drugie, zmienione i unowocze\u015bnione tego klucza pe\u0142ni r\u00f3wnocze\u015bnie funkcje; monografii cyanobakterii, organizm\u00f3w prokaryotycznych, \u017cyj\u0105cych obecnie w wodach rejonu Ba\u0142tyku Po\u0142udniowego. Znajomo\u015b\u0107 tych charakterystyk mo\u017ce w przysz\u0142o\u015bci uruchomi\u0107 eksperymenty ekologiczne zwi\u0105zane z ocen\u0105 ich wra\u017cliwo\u015bci na zmieniaj\u0105ce si\u0119 z czasem warunki \u015brodowiskowe Morza Ba\u0142tyckiego. Pozycja tego klucza mo\u017ce stanowi\u0107 podstaw\u0119 bada\u0144 bioindykacyjnych w wodach nie tylko Ba\u0142tyku Po\u0142udniowego. Bogato ilustrowana rysunkami i fotografami Iista przedstawionych sinic umo\u017cliwia szybk\u0105 i poprawn\u0105 ocen\u0119 taksonomiczn\u0105 i ewentualnie tak\u017ce wska\u017anikow\u0105. (&#8230;) Du\u017ca jego przydatno\u015b\u0107 w dalszych badaniach taksonomicznych sinic b\u0119dzie oczekiwana przez fykolog\u00f3w monitoruj\u0105cych wody przybrze\u017cne i ca\u0142ego Morza Ba\u0142tyckiego.<\/p>\n","protected":false},"featured_media":14579,"template":"","meta":{"_acf_changed":false},"journal":[],"rodzaj":[7074],"seria":[],"product_brand":[],"product_cat":[7307],"product_tag":[8307,7426],"class_list":{"0":"post-46789","1":"product","2":"type-product","3":"status-publish","4":"has-post-thumbnail","6":"rodzaj-ksiazki","7":"product_cat-biologia","8":"product_tag-jiri-komarek","9":"product_tag-marcin-plinskimarcin-plinski","11":"first","12":"outofstock","13":"taxable","14":"shipping-taxable","15":"product-type-simple"},"acf":[],"_links":{"self":[{"href":"https:\/\/wydawnictwo.ug.edu.pl\/en\/wp-json\/wp\/v2\/product\/46789","targetHints":{"allow":["GET"]}}],"collection":[{"href":"https:\/\/wydawnictwo.ug.edu.pl\/en\/wp-json\/wp\/v2\/product"}],"about":[{"href":"https:\/\/wydawnictwo.ug.edu.pl\/en\/wp-json\/wp\/v2\/types\/product"}],"wp:featuredmedia":[{"embeddable":true,"href":"https:\/\/wydawnictwo.ug.edu.pl\/en\/wp-json\/wp\/v2\/media\/14579"}],"wp:attachment":[{"href":"https:\/\/wydawnictwo.ug.edu.pl\/en\/wp-json\/wp\/v2\/media?parent=46789"}],"wp:term":[{"taxonomy":"journal","embeddable":true,"href":"https:\/\/wydawnictwo.ug.edu.pl\/en\/wp-json\/wp\/v2\/journal?post=46789"},{"taxonomy":"rodzaj","embeddable":true,"href":"https:\/\/wydawnictwo.ug.edu.pl\/en\/wp-json\/wp\/v2\/rodzaj?post=46789"},{"taxonomy":"seria","embeddable":true,"href":"https:\/\/wydawnictwo.ug.edu.pl\/en\/wp-json\/wp\/v2\/seria?post=46789"},{"taxonomy":"product_brand","embeddable":true,"href":"https:\/\/wydawnictwo.ug.edu.pl\/en\/wp-json\/wp\/v2\/product_brand?post=46789"},{"taxonomy":"product_cat","embeddable":true,"href":"https:\/\/wydawnictwo.ug.edu.pl\/en\/wp-json\/wp\/v2\/product_cat?post=46789"},{"taxonomy":"product_tag","embeddable":true,"href":"https:\/\/wydawnictwo.ug.edu.pl\/en\/wp-json\/wp\/v2\/product_tag?post=46789"}],"curies":[{"name":"wp","href":"https:\/\/api.w.org\/{rel}","templated":true}]}}