{"id":46784,"date":"2016-12-01T00:00:00","date_gmt":"2016-12-01T00:00:00","guid":{"rendered":"https:\/\/wydawnictwo.ug.edu.pl\/ksiegarnia-online\/uncategorized\/modele-i-strategie-biznesu-w-obszarze-dystrybucji-energii-elektrycznej-w-polsce\/"},"modified":"2026-02-11T16:01:01","modified_gmt":"2026-02-11T16:01:01","slug":"modele-i-strategie-biznesu-w-obszarze-dystrybucji-energii-elektrycznej-w-polsce","status":"publish","type":"product","link":"https:\/\/wydawnictwo.ug.edu.pl\/en\/ksiegarnia-online\/zarzadzanie\/modele-i-strategie-biznesu-w-obszarze-dystrybucji-energii-elektrycznej-w-polsce\/","title":{"rendered":"Modele i strategie biznesu w obszarze dystrybucji energii elektrycznej w Polsce"},"content":{"rendered":"","protected":false},"excerpt":{"rendered":"<p>W dyskusjach dotycz\u0105cych prowadzonego biznesu i skutecznego zarz\u0105dzania nim jako argument\u00f3w opisuj\u0105cych efektywno\u015b\u0107 czy skuteczno\u015b\u0107 proces\u00f3w zarz\u0105dzania, mened\u017cerowie cz\u0119sto u\u017cywaj\u0105 takich okre\u015ble\u0144 jak model biznesu oraz strategia biznesu). Z tego wzgl\u0119du zasadne staje si\u0119 poszukiwanie odpowiedzi na pytanie: czy te okre\u015blenia s\u0105 to\u017csame i u\u017cywane zamiennie dla opisania tego samego narz\u0119dzia, zjawiska i procesu, czy te\u017c odnosz\u0105 si\u0119 do r\u00f3\u017cnych narz\u0119dzi, kt\u00f3re mened\u017cerowie wykorzystuj\u0105 na rozmaitych etapach procesu zarz\u0105dzania biznesem?<\/p>\n","protected":false},"featured_media":14571,"template":"","meta":{"_acf_changed":false},"journal":[],"rodzaj":[7074],"seria":[],"product_brand":[],"product_cat":[6942],"product_tag":[8123,8124,8148],"class_list":{"0":"post-46784","1":"product","2":"type-product","3":"status-publish","4":"has-post-thumbnail","6":"rodzaj-ksiazki","7":"product_cat-zarzadzanie","8":"product_tag-agnieszka-anna-szpitter","9":"product_tag-bogdan-nogalski","10":"product_tag-jan-brzoskajan-brzoska","12":"first","13":"outofstock","14":"taxable","15":"shipping-taxable","16":"product-type-simple"},"acf":[],"_links":{"self":[{"href":"https:\/\/wydawnictwo.ug.edu.pl\/en\/wp-json\/wp\/v2\/product\/46784","targetHints":{"allow":["GET"]}}],"collection":[{"href":"https:\/\/wydawnictwo.ug.edu.pl\/en\/wp-json\/wp\/v2\/product"}],"about":[{"href":"https:\/\/wydawnictwo.ug.edu.pl\/en\/wp-json\/wp\/v2\/types\/product"}],"wp:featuredmedia":[{"embeddable":true,"href":"https:\/\/wydawnictwo.ug.edu.pl\/en\/wp-json\/wp\/v2\/media\/14571"}],"wp:attachment":[{"href":"https:\/\/wydawnictwo.ug.edu.pl\/en\/wp-json\/wp\/v2\/media?parent=46784"}],"wp:term":[{"taxonomy":"journal","embeddable":true,"href":"https:\/\/wydawnictwo.ug.edu.pl\/en\/wp-json\/wp\/v2\/journal?post=46784"},{"taxonomy":"rodzaj","embeddable":true,"href":"https:\/\/wydawnictwo.ug.edu.pl\/en\/wp-json\/wp\/v2\/rodzaj?post=46784"},{"taxonomy":"seria","embeddable":true,"href":"https:\/\/wydawnictwo.ug.edu.pl\/en\/wp-json\/wp\/v2\/seria?post=46784"},{"taxonomy":"product_brand","embeddable":true,"href":"https:\/\/wydawnictwo.ug.edu.pl\/en\/wp-json\/wp\/v2\/product_brand?post=46784"},{"taxonomy":"product_cat","embeddable":true,"href":"https:\/\/wydawnictwo.ug.edu.pl\/en\/wp-json\/wp\/v2\/product_cat?post=46784"},{"taxonomy":"product_tag","embeddable":true,"href":"https:\/\/wydawnictwo.ug.edu.pl\/en\/wp-json\/wp\/v2\/product_tag?post=46784"}],"curies":[{"name":"wp","href":"https:\/\/api.w.org\/{rel}","templated":true}]}}