{"id":46783,"date":"2016-12-01T00:00:00","date_gmt":"2016-12-01T00:00:00","guid":{"rendered":"https:\/\/wydawnictwo.ug.edu.pl\/ksiegarnia-online\/uncategorized\/ustroj-konstytucyjny-i-sadowy-napoleonskiego-1807-1814-i-wersalskiego-1920-1939-wolnego-miasta-gdanska-w-rozwoju-prawno-historyczno-porownawczym\/"},"modified":"2026-02-11T16:01:03","modified_gmt":"2026-02-11T16:01:03","slug":"ustroj-konstytucyjny-i-sadowy-napoleonskiego-1807-1814-i-wersalskiego-1920-1939-wolnego-miasta-gdanska-w-rozwoju-prawno-historyczno-porownawczym","status":"publish","type":"product","link":"https:\/\/wydawnictwo.ug.edu.pl\/en\/ksiegarnia-online\/prawo-i-administracja\/ustroj-konstytucyjny-i-sadowy-napoleonskiego-1807-1814-i-wersalskiego-1920-1939-wolnego-miasta-gdanska-w-rozwoju-prawno-historyczno-porownawczym\/","title":{"rendered":"Ustr\u00f3j konstytucyjny i s\u0105dowy napoleo\u0144skiego (1807\u20131814) i wersalskiego (1920\u20131939) Wolnego Miasta Gda\u0144ska w rozwoju prawno-historyczno-por\u00f3wnawczym"},"content":{"rendered":"","protected":false},"excerpt":{"rendered":"<p>W ksi\u0105\u017cce przedstawiono ustr\u00f3j i s\u0105downictwo dw\u00f3ch Wolnych Miast Gda\u0144skich wraz z uj\u0119tym ca\u0142o\u015bciowo kontekstem historycznym i por\u00f3wnawczym. Opracowanie jest syntez\u0105 opart\u0105 przede wszystkim na dotychczasowym dorobku Autora uzupe\u0142nionym jego dodatkowymi badaniami \u017ar\u00f3d\u0142owym, ale tak\u017ce zbiera w jedn\u0105 ca\u0142o\u015b\u0107 aktualny stan wiedzy dotycz\u0105cy poruszanej problematyki zar\u00f3wno nauki polskiej, jak i niemieckiej.<\/p>\n","protected":false},"featured_media":14573,"template":"","meta":{"_acf_changed":false},"journal":[],"rodzaj":[7074],"seria":[],"product_brand":[],"product_cat":[6932],"product_tag":[8068],"class_list":{"0":"post-46783","1":"product","2":"type-product","3":"status-publish","4":"has-post-thumbnail","6":"rodzaj-ksiazki","7":"product_cat-prawo-i-administracja","8":"product_tag-tadeusz-maciejewskitadeusz-maciejewski","10":"first","11":"outofstock","12":"taxable","13":"shipping-taxable","14":"product-type-simple"},"acf":[],"_links":{"self":[{"href":"https:\/\/wydawnictwo.ug.edu.pl\/en\/wp-json\/wp\/v2\/product\/46783","targetHints":{"allow":["GET"]}}],"collection":[{"href":"https:\/\/wydawnictwo.ug.edu.pl\/en\/wp-json\/wp\/v2\/product"}],"about":[{"href":"https:\/\/wydawnictwo.ug.edu.pl\/en\/wp-json\/wp\/v2\/types\/product"}],"wp:featuredmedia":[{"embeddable":true,"href":"https:\/\/wydawnictwo.ug.edu.pl\/en\/wp-json\/wp\/v2\/media\/14573"}],"wp:attachment":[{"href":"https:\/\/wydawnictwo.ug.edu.pl\/en\/wp-json\/wp\/v2\/media?parent=46783"}],"wp:term":[{"taxonomy":"journal","embeddable":true,"href":"https:\/\/wydawnictwo.ug.edu.pl\/en\/wp-json\/wp\/v2\/journal?post=46783"},{"taxonomy":"rodzaj","embeddable":true,"href":"https:\/\/wydawnictwo.ug.edu.pl\/en\/wp-json\/wp\/v2\/rodzaj?post=46783"},{"taxonomy":"seria","embeddable":true,"href":"https:\/\/wydawnictwo.ug.edu.pl\/en\/wp-json\/wp\/v2\/seria?post=46783"},{"taxonomy":"product_brand","embeddable":true,"href":"https:\/\/wydawnictwo.ug.edu.pl\/en\/wp-json\/wp\/v2\/product_brand?post=46783"},{"taxonomy":"product_cat","embeddable":true,"href":"https:\/\/wydawnictwo.ug.edu.pl\/en\/wp-json\/wp\/v2\/product_cat?post=46783"},{"taxonomy":"product_tag","embeddable":true,"href":"https:\/\/wydawnictwo.ug.edu.pl\/en\/wp-json\/wp\/v2\/product_tag?post=46783"}],"curies":[{"name":"wp","href":"https:\/\/api.w.org\/{rel}","templated":true}]}}