{"id":46781,"date":"2016-12-01T00:00:00","date_gmt":"2016-12-01T00:00:00","guid":{"rendered":"https:\/\/wydawnictwo.ug.edu.pl\/ksiegarnia-online\/uncategorized\/plec-dana-czy-zadana-strategie-negocjacji-nietozsamosci-transplciowej-w-polsce\/"},"modified":"2026-02-11T16:14:40","modified_gmt":"2026-02-11T16:14:40","slug":"plec-dana-czy-zadana-strategie-negocjacji-nietozsamosci-transplciowej-w-polsce","status":"publish","type":"product","link":"https:\/\/wydawnictwo.ug.edu.pl\/en\/ksiegarnia-online\/socjologia\/plec-dana-czy-zadana-strategie-negocjacji-nietozsamosci-transplciowej-w-polsce\/","title":{"rendered":"P\u0142e\u0107: dana czy zadana? Strategie negocjacji (nie)to\u017csamo\u015bci transp\u0142ciowej w Polsce"},"content":{"rendered":"","protected":false},"excerpt":{"rendered":"<p>Ksi\u0105\u017cka Anny M. K\u0142onkowskiej jest dobrze napisan\u0105 i eksperck\u0105 prezentacj\u0105 \u015bwiatowego i polskiego stanu bada\u0144 na temat sytuacji spo\u0142ecznej os\u00f3b transp\u0142ciowych. Warto\u015bci\u0105 dodan\u0105 s\u0105 wyniki bada\u0144 empirycznych na temat strategii \u017cyciowych os\u00f3b transp\u0142ciowych w Polsce w ostatnich kilku latach. S\u0105 to zatem oryginalne i nowe dane na temat wa\u017cnej kwestii spo\u0142ecznej, uzyskane przez badaczk\u0119, kt\u00f3ra od wielu lat publikuje na ten temat i jest jedn\u0105 z nielicznych polskich ekspertek w zakresie transp\u0142ciowo\u015bci.<\/p>\n","protected":false},"featured_media":14722,"template":"","meta":{"_acf_changed":false},"journal":[],"rodzaj":[],"seria":[],"product_brand":[],"product_cat":[6953],"product_tag":[8146],"class_list":{"0":"post-46781","1":"product","2":"type-product","3":"status-publish","4":"has-post-thumbnail","6":"product_cat-socjologia","7":"product_tag-anna-m-klonkowskaanna-m-klonkowska","9":"first","10":"outofstock","11":"taxable","12":"shipping-taxable","13":"product-type-simple"},"acf":[],"_links":{"self":[{"href":"https:\/\/wydawnictwo.ug.edu.pl\/en\/wp-json\/wp\/v2\/product\/46781","targetHints":{"allow":["GET"]}}],"collection":[{"href":"https:\/\/wydawnictwo.ug.edu.pl\/en\/wp-json\/wp\/v2\/product"}],"about":[{"href":"https:\/\/wydawnictwo.ug.edu.pl\/en\/wp-json\/wp\/v2\/types\/product"}],"wp:featuredmedia":[{"embeddable":true,"href":"https:\/\/wydawnictwo.ug.edu.pl\/en\/wp-json\/wp\/v2\/media\/14722"}],"wp:attachment":[{"href":"https:\/\/wydawnictwo.ug.edu.pl\/en\/wp-json\/wp\/v2\/media?parent=46781"}],"wp:term":[{"taxonomy":"journal","embeddable":true,"href":"https:\/\/wydawnictwo.ug.edu.pl\/en\/wp-json\/wp\/v2\/journal?post=46781"},{"taxonomy":"rodzaj","embeddable":true,"href":"https:\/\/wydawnictwo.ug.edu.pl\/en\/wp-json\/wp\/v2\/rodzaj?post=46781"},{"taxonomy":"seria","embeddable":true,"href":"https:\/\/wydawnictwo.ug.edu.pl\/en\/wp-json\/wp\/v2\/seria?post=46781"},{"taxonomy":"product_brand","embeddable":true,"href":"https:\/\/wydawnictwo.ug.edu.pl\/en\/wp-json\/wp\/v2\/product_brand?post=46781"},{"taxonomy":"product_cat","embeddable":true,"href":"https:\/\/wydawnictwo.ug.edu.pl\/en\/wp-json\/wp\/v2\/product_cat?post=46781"},{"taxonomy":"product_tag","embeddable":true,"href":"https:\/\/wydawnictwo.ug.edu.pl\/en\/wp-json\/wp\/v2\/product_tag?post=46781"}],"curies":[{"name":"wp","href":"https:\/\/api.w.org\/{rel}","templated":true}]}}