{"id":46780,"date":"2016-12-01T00:00:00","date_gmt":"2016-12-01T00:00:00","guid":{"rendered":"https:\/\/wydawnictwo.ug.edu.pl\/ksiegarnia-online\/uncategorized\/papier-tusz-i-pedzel-czyli-traktat-o-chinskiej-kaligrafii\/"},"modified":"2026-02-11T16:14:33","modified_gmt":"2026-02-11T16:14:33","slug":"papier-tusz-i-pedzel-czyli-traktat-o-chinskiej-kaligrafii","status":"publish","type":"product","link":"https:\/\/wydawnictwo.ug.edu.pl\/en\/ksiegarnia-online\/historia-sztuki-i-kulturoznawstwo\/papier-tusz-i-pedzel-czyli-traktat-o-chinskiej-kaligrafii\/","title":{"rendered":"Papier, tusz i p\u0119dzel, czyli traktat o chi\u0144skiej kaligrafii"},"content":{"rendered":"","protected":false},"excerpt":{"rendered":"<p>Wydawnictwo Uniwersytetu Gda\u0144skiego prezentuje przek\u0142ad na j. polski bezpo\u015brednio z j. chi\u0144skiego ksi\u0105\u017cki autorstwa Sun Mina pt.<em>\u00a0Papier, tusz i p\u0119dzel, czyli traktat o chi\u0144skiej kaligrafii<\/em>.\u00a0Sun Min, autor ponad 20 ksi\u0105\u017cek i ponad 20 artyku\u0142\u00f3w teoretycznych o kaligrafii, kt\u00f3re by\u0142y opublikowane w profesjonalnych czasopismach kaligraficznych. Laureat Szanghajskiej Nagrody Kaligraficznej im. Xie Zhiliu (1993) oraz Teoretycznej Chi\u0144skiej Narodowej Nagrody Kaligraficznej Lanting (2006). W celu zach\u0119cenia m\u0142odzie\u017cy do uczenia si\u0119 kaligrafii ustanowi\u0142 w\u0142asn\u0105 Nagrod\u0119 Kaligraficzn\u0105 im. Sun Mina. W 2006 r. uzyska\u0142 tytu\u0142 Osobowo\u015bci Roku w dziedzinie kaligrafii w Chinach, przyznany przez czasopismo &#8220;Kaligrafia&#8221;. W 2011 r. odznaczony przez Prezydenta RP Bronis\u0142awa Komorowskiego Krzy\u017cem Kawalerskim Orderu Odrodzenia Polski.<\/p>\n<p>Ksi\u0105\u017cka pt.<em>\u00a0Papier, tusz i p\u0119dzel, czyli traktat o chi\u0144skiej kaligrafii\u00a0<\/em>zosta\u0142a wybrana do B&amp;R BOOK PROGRAM, kt\u00f3ry w 2016 r. zosta\u0142 stworzony przez Chi\u0144sk\u0105 Administracj\u0119 Pa\u0144stwow\u0105 Prasy, Publikacji, Radia, Filmu i Telewizji oraz szanghajski program \u201eDzie\u0142a za granic\u0105\u201d.<\/p>\n","protected":false},"featured_media":15845,"template":"","meta":{"_acf_changed":false},"journal":[],"rodzaj":[7076],"seria":[7079],"product_brand":[],"product_cat":[6936],"product_tag":[8145],"class_list":{"0":"post-46780","1":"product","2":"type-product","3":"status-publish","4":"has-post-thumbnail","6":"rodzaj-serie-wydawnicze","7":"seria-biblioteka-studiow-azji-wschodniej","8":"product_cat-historia-sztuki-i-kulturoznawstwo","9":"product_tag-sun-min","10":"pa_rok-wydania-2017-en","12":"first","13":"outofstock","14":"taxable","15":"shipping-taxable","16":"product-type-simple"},"acf":[],"_links":{"self":[{"href":"https:\/\/wydawnictwo.ug.edu.pl\/en\/wp-json\/wp\/v2\/product\/46780","targetHints":{"allow":["GET"]}}],"collection":[{"href":"https:\/\/wydawnictwo.ug.edu.pl\/en\/wp-json\/wp\/v2\/product"}],"about":[{"href":"https:\/\/wydawnictwo.ug.edu.pl\/en\/wp-json\/wp\/v2\/types\/product"}],"wp:featuredmedia":[{"embeddable":true,"href":"https:\/\/wydawnictwo.ug.edu.pl\/en\/wp-json\/wp\/v2\/media\/15845"}],"wp:attachment":[{"href":"https:\/\/wydawnictwo.ug.edu.pl\/en\/wp-json\/wp\/v2\/media?parent=46780"}],"wp:term":[{"taxonomy":"journal","embeddable":true,"href":"https:\/\/wydawnictwo.ug.edu.pl\/en\/wp-json\/wp\/v2\/journal?post=46780"},{"taxonomy":"rodzaj","embeddable":true,"href":"https:\/\/wydawnictwo.ug.edu.pl\/en\/wp-json\/wp\/v2\/rodzaj?post=46780"},{"taxonomy":"seria","embeddable":true,"href":"https:\/\/wydawnictwo.ug.edu.pl\/en\/wp-json\/wp\/v2\/seria?post=46780"},{"taxonomy":"product_brand","embeddable":true,"href":"https:\/\/wydawnictwo.ug.edu.pl\/en\/wp-json\/wp\/v2\/product_brand?post=46780"},{"taxonomy":"product_cat","embeddable":true,"href":"https:\/\/wydawnictwo.ug.edu.pl\/en\/wp-json\/wp\/v2\/product_cat?post=46780"},{"taxonomy":"product_tag","embeddable":true,"href":"https:\/\/wydawnictwo.ug.edu.pl\/en\/wp-json\/wp\/v2\/product_tag?post=46780"}],"curies":[{"name":"wp","href":"https:\/\/api.w.org\/{rel}","templated":true}]}}