{"id":46777,"date":"2016-12-01T00:00:00","date_gmt":"2016-12-01T00:00:00","guid":{"rendered":"https:\/\/wydawnictwo.ug.edu.pl\/ksiegarnia-online\/uncategorized\/nowozytne-zetony-inspirowane-monetami-antycznymi-rekonesans-na-bazie-polskich-zbiorow\/"},"modified":"2026-02-11T16:14:45","modified_gmt":"2026-02-11T16:14:45","slug":"nowozytne-zetony-inspirowane-monetami-antycznymi-rekonesans-na-bazie-polskich-zbiorow","status":"publish","type":"product","link":"https:\/\/wydawnictwo.ug.edu.pl\/en\/ksiegarnia-online\/historia\/nowozytne-zetony-inspirowane-monetami-antycznymi-rekonesans-na-bazie-polskich-zbiorow\/","title":{"rendered":"Nowo\u017cytne \u017cetony inspirowane monetami antycznymi. Rekonesans na bazie polskich zbior\u00f3w"},"content":{"rendered":"","protected":false},"excerpt":{"rendered":"<p>Przedmiotem pracy s\u0105 nowo\u017cytne\u00a0\u017cetony, tj. niepe\u0142ni\u0105ce funkcji pieni\u0119\u017cnych przedmioty u\u017cytkowe zbli\u017cone form\u0105 do monet, z przedstawieniami i inskrypcjami inspirowanymi monetami antycznymi. Taki zakres przedmiotowy wymaga\u0142 wypracowania definicji szeregu kategorii artefakt\u00f3w monetopodobnych (\u017cetony, liczmany, medale, medaliki i in.), kt\u00f3re w dotychczasowej literaturze tematu nie by\u0142y wystarczaj\u0105co precyzyjnie zdefiniowane. W tym zakresie praca wnosi znacz\u0105cy wk\u0142ad w teoretyczne podstawy numizmatyki i pokrewnych subdyscyplin historii kultury materialnej oraz historii sztuki: kalkulologii i medalierstwa (medaloznawstwa), a po cz\u0119\u015bci tak\u017ce falerystyki i sfragistyki.<\/p>\n","protected":false},"featured_media":14685,"template":"","meta":{"_acf_changed":false},"journal":[],"rodzaj":[7076],"seria":[7797],"product_brand":[],"product_cat":[6958],"product_tag":[8142],"class_list":{"0":"post-46777","1":"product","2":"type-product","3":"status-publish","4":"has-post-thumbnail","6":"rodzaj-serie-wydawnicze","7":"seria-dissertationes-laudatissimae-universitas-gedanensis","8":"product_cat-historia","9":"product_tag-arkadiusz-dymowskiarkadiusz-dymowski","11":"first","12":"outofstock","13":"taxable","14":"shipping-taxable","15":"product-type-simple"},"acf":[],"_links":{"self":[{"href":"https:\/\/wydawnictwo.ug.edu.pl\/en\/wp-json\/wp\/v2\/product\/46777","targetHints":{"allow":["GET"]}}],"collection":[{"href":"https:\/\/wydawnictwo.ug.edu.pl\/en\/wp-json\/wp\/v2\/product"}],"about":[{"href":"https:\/\/wydawnictwo.ug.edu.pl\/en\/wp-json\/wp\/v2\/types\/product"}],"wp:featuredmedia":[{"embeddable":true,"href":"https:\/\/wydawnictwo.ug.edu.pl\/en\/wp-json\/wp\/v2\/media\/14685"}],"wp:attachment":[{"href":"https:\/\/wydawnictwo.ug.edu.pl\/en\/wp-json\/wp\/v2\/media?parent=46777"}],"wp:term":[{"taxonomy":"journal","embeddable":true,"href":"https:\/\/wydawnictwo.ug.edu.pl\/en\/wp-json\/wp\/v2\/journal?post=46777"},{"taxonomy":"rodzaj","embeddable":true,"href":"https:\/\/wydawnictwo.ug.edu.pl\/en\/wp-json\/wp\/v2\/rodzaj?post=46777"},{"taxonomy":"seria","embeddable":true,"href":"https:\/\/wydawnictwo.ug.edu.pl\/en\/wp-json\/wp\/v2\/seria?post=46777"},{"taxonomy":"product_brand","embeddable":true,"href":"https:\/\/wydawnictwo.ug.edu.pl\/en\/wp-json\/wp\/v2\/product_brand?post=46777"},{"taxonomy":"product_cat","embeddable":true,"href":"https:\/\/wydawnictwo.ug.edu.pl\/en\/wp-json\/wp\/v2\/product_cat?post=46777"},{"taxonomy":"product_tag","embeddable":true,"href":"https:\/\/wydawnictwo.ug.edu.pl\/en\/wp-json\/wp\/v2\/product_tag?post=46777"}],"curies":[{"name":"wp","href":"https:\/\/api.w.org\/{rel}","templated":true}]}}