{"id":46776,"date":"2016-12-01T00:00:00","date_gmt":"2016-12-01T00:00:00","guid":{"rendered":"https:\/\/wydawnictwo.ug.edu.pl\/ksiegarnia-online\/uncategorized\/wplyw-dostepnosci-transportowej-na-rozwoj-gmin-na-przykladzie-gdyni\/"},"modified":"2026-02-11T16:14:49","modified_gmt":"2026-02-11T16:14:49","slug":"wplyw-dostepnosci-transportowej-na-rozwoj-gmin-na-przykladzie-gdyni","status":"publish","type":"product","link":"https:\/\/wydawnictwo.ug.edu.pl\/en\/ksiegarnia-online\/ekonomia\/wplyw-dostepnosci-transportowej-na-rozwoj-gmin-na-przykladzie-gdyni\/","title":{"rendered":"Wp\u0142yw dost\u0119pno\u015bci transportowej na rozw\u00f3j gmin na przyk\u0142adzie Gdyni"},"content":{"rendered":"","protected":false},"excerpt":{"rendered":"<p>Jedn\u0105 z podstawowych miar atrakcyjno\u015bci danej lokalizacji jest jej dost\u0119pno\u015b\u0107 transportowa. Wi\u0119ksza dost\u0119pno\u015b\u0107 danego miejsca pozwala\u00a0na zdobycie przewagi lokalizacyjnej. Miejscem codziennej aktywno\u015bci ludzi w Polsce jest gmina. \u0141atwo\u015b\u0107 w osi\u0105ganiu wybranych miejsc wp\u0142ywa na jako\u015b\u0107 \u017cycia jej mieszka\u0144c\u00f3w. Kszta\u0142towanie systemu transportowego stanowi narz\u0119dzie samorz\u0105du gminy w tworzeniu warunk\u00f3w poprawy rozwoju gospodarczego i spo\u0142ecznego.<\/p>\n","protected":false},"featured_media":14681,"template":"","meta":{"_acf_changed":false},"journal":[],"rodzaj":[7076],"seria":[7797],"product_brand":[],"product_cat":[6934],"product_tag":[8141],"class_list":{"0":"post-46776","1":"product","2":"type-product","3":"status-publish","4":"has-post-thumbnail","6":"rodzaj-serie-wydawnicze","7":"seria-dissertationes-laudatissimae-universitas-gedanensis","8":"product_cat-ekonomia","9":"product_tag-michal-tuszynski","11":"first","12":"outofstock","13":"taxable","14":"shipping-taxable","15":"product-type-simple"},"acf":[],"_links":{"self":[{"href":"https:\/\/wydawnictwo.ug.edu.pl\/en\/wp-json\/wp\/v2\/product\/46776","targetHints":{"allow":["GET"]}}],"collection":[{"href":"https:\/\/wydawnictwo.ug.edu.pl\/en\/wp-json\/wp\/v2\/product"}],"about":[{"href":"https:\/\/wydawnictwo.ug.edu.pl\/en\/wp-json\/wp\/v2\/types\/product"}],"wp:featuredmedia":[{"embeddable":true,"href":"https:\/\/wydawnictwo.ug.edu.pl\/en\/wp-json\/wp\/v2\/media\/14681"}],"wp:attachment":[{"href":"https:\/\/wydawnictwo.ug.edu.pl\/en\/wp-json\/wp\/v2\/media?parent=46776"}],"wp:term":[{"taxonomy":"journal","embeddable":true,"href":"https:\/\/wydawnictwo.ug.edu.pl\/en\/wp-json\/wp\/v2\/journal?post=46776"},{"taxonomy":"rodzaj","embeddable":true,"href":"https:\/\/wydawnictwo.ug.edu.pl\/en\/wp-json\/wp\/v2\/rodzaj?post=46776"},{"taxonomy":"seria","embeddable":true,"href":"https:\/\/wydawnictwo.ug.edu.pl\/en\/wp-json\/wp\/v2\/seria?post=46776"},{"taxonomy":"product_brand","embeddable":true,"href":"https:\/\/wydawnictwo.ug.edu.pl\/en\/wp-json\/wp\/v2\/product_brand?post=46776"},{"taxonomy":"product_cat","embeddable":true,"href":"https:\/\/wydawnictwo.ug.edu.pl\/en\/wp-json\/wp\/v2\/product_cat?post=46776"},{"taxonomy":"product_tag","embeddable":true,"href":"https:\/\/wydawnictwo.ug.edu.pl\/en\/wp-json\/wp\/v2\/product_tag?post=46776"}],"curies":[{"name":"wp","href":"https:\/\/api.w.org\/{rel}","templated":true}]}}