{"id":46775,"date":"2016-12-01T00:00:00","date_gmt":"2016-12-01T00:00:00","guid":{"rendered":"https:\/\/wydawnictwo.ug.edu.pl\/ksiegarnia-online\/uncategorized\/studium-z-dziejow-wina-w-panstwie-zakonu-krzyzackiego-w-prusach-xiv-xv-w-produkcja-dystrybucja-konsumpcja\/"},"modified":"2026-02-11T16:02:24","modified_gmt":"2026-02-11T16:02:24","slug":"studium-z-dziejow-wina-w-panstwie-zakonu-krzyzackiego-w-prusach-xiv-xv-w-produkcja-dystrybucja-konsumpcja","status":"publish","type":"product","link":"https:\/\/wydawnictwo.ug.edu.pl\/en\/ksiegarnia-online\/historia\/studium-z-dziejow-wina-w-panstwie-zakonu-krzyzackiego-w-prusach-xiv-xv-w-produkcja-dystrybucja-konsumpcja\/","title":{"rendered":"Studium z dziej\u00f3w wina w pa\u0144stwie zakonu krzy\u017cackiego w Prusach (XIV-XV w.). Produkcja \u2013 dystrybucja \u2013 konsumpcja"},"content":{"rendered":"","protected":false},"excerpt":{"rendered":"<p>Obr\u00f3t towarami luksusowymi w \u015bredniowieczu by\u0142 jednym z element\u00f3w budowania presti\u017cu i pozycji na arenie mi\u0119dzynarodowej. Gotowo\u015b\u0107 do ponoszenia op\u0142at za sprowadzenie towaru, m.in. c\u0142a i koszt\u00f3w po\u015brednictwa, \u015bwiadczy\u0142a o potencjale gospodarczym i ekonomicznym pa\u0144stwa zakonu krzy\u017cackiego w Prusach. Do produkt\u00f3w luksusowych zaliczano w\u00f3wczas alkohole, w tym wino. Tre\u015b\u0107 pracy porusza problem op\u0142at, ponoszonych przez Zakon, zwi\u0105zanych ze sprowadzeniem i dystrybucj\u0105 wina na terenie pa\u0144stwa na prze\u0142omie XIV i XV wieku. Dotychczasowe badania w tym zakresie nie uwzgl\u0119dnia\u0142y konkretnych informacji zawartych w \u017ar\u00f3d\u0142ach.<\/p>\n","protected":false},"featured_media":14678,"template":"","meta":{"_acf_changed":false},"journal":[],"rodzaj":[2602],"seria":[],"product_brand":[],"product_cat":[6958],"product_tag":[311],"class_list":{"0":"post-46775","1":"product","2":"type-product","3":"status-publish","4":"has-post-thumbnail","6":"rodzaj-ksiazki","7":"product_cat-historia","8":"product_tag-maciej-badowicz","10":"first","11":"instock","12":"taxable","13":"shipping-taxable","14":"purchasable","15":"product-type-simple"},"acf":[],"_links":{"self":[{"href":"https:\/\/wydawnictwo.ug.edu.pl\/en\/wp-json\/wp\/v2\/product\/46775","targetHints":{"allow":["GET"]}}],"collection":[{"href":"https:\/\/wydawnictwo.ug.edu.pl\/en\/wp-json\/wp\/v2\/product"}],"about":[{"href":"https:\/\/wydawnictwo.ug.edu.pl\/en\/wp-json\/wp\/v2\/types\/product"}],"wp:featuredmedia":[{"embeddable":true,"href":"https:\/\/wydawnictwo.ug.edu.pl\/en\/wp-json\/wp\/v2\/media\/14678"}],"wp:attachment":[{"href":"https:\/\/wydawnictwo.ug.edu.pl\/en\/wp-json\/wp\/v2\/media?parent=46775"}],"wp:term":[{"taxonomy":"journal","embeddable":true,"href":"https:\/\/wydawnictwo.ug.edu.pl\/en\/wp-json\/wp\/v2\/journal?post=46775"},{"taxonomy":"rodzaj","embeddable":true,"href":"https:\/\/wydawnictwo.ug.edu.pl\/en\/wp-json\/wp\/v2\/rodzaj?post=46775"},{"taxonomy":"seria","embeddable":true,"href":"https:\/\/wydawnictwo.ug.edu.pl\/en\/wp-json\/wp\/v2\/seria?post=46775"},{"taxonomy":"product_brand","embeddable":true,"href":"https:\/\/wydawnictwo.ug.edu.pl\/en\/wp-json\/wp\/v2\/product_brand?post=46775"},{"taxonomy":"product_cat","embeddable":true,"href":"https:\/\/wydawnictwo.ug.edu.pl\/en\/wp-json\/wp\/v2\/product_cat?post=46775"},{"taxonomy":"product_tag","embeddable":true,"href":"https:\/\/wydawnictwo.ug.edu.pl\/en\/wp-json\/wp\/v2\/product_tag?post=46775"}],"curies":[{"name":"wp","href":"https:\/\/api.w.org\/{rel}","templated":true}]}}