{"id":46771,"date":"2016-12-01T00:00:00","date_gmt":"2016-12-01T00:00:00","guid":{"rendered":"https:\/\/wydawnictwo.ug.edu.pl\/ksiegarnia-online\/uncategorized\/usucapio-rzymskie-pochodzenie-wspolczesnej-instytucji-zasiedzenia\/"},"modified":"2026-02-11T16:02:34","modified_gmt":"2026-02-11T16:02:34","slug":"usucapio-rzymskie-pochodzenie-wspolczesnej-instytucji-zasiedzenia","status":"publish","type":"product","link":"https:\/\/wydawnictwo.ug.edu.pl\/en\/ksiegarnia-online\/prawo-i-administracja\/usucapio-rzymskie-pochodzenie-wspolczesnej-instytucji-zasiedzenia\/","title":{"rendered":"Usucapio. Rzymskie pochodzenie wsp\u00f3\u0142czesnej instytucji zasiedzenia"},"content":{"rendered":"","protected":false},"excerpt":{"rendered":"<p>W niniejszej publikacji zaprezentowano wsp\u00f3\u0142czesne regulacje zasiedzenia nabywczego w poszczeg\u00f3lnych systemach prawa tj. w prawie common law i w systemie prawa mieszanego, a tak\u017ce prawa stanowionego. W obr\u0119bie tych rozwa\u017ca\u0144 podj\u0119to dodatkowo kwesti\u0119 kompensacji w przypadku zasiedzenia nieruchomo\u015bci oraz ekonomiczn\u0105 analiz\u0119 zasiedzenia nieruchomo\u015bci w kontek\u015bcie poszukiwania optymalnego terminu i determinanty wp\u0142ywaj\u0105ce na kszta\u0142t wsp\u00f3\u0142czesnych regulacji w tym zakresie. Niniejsza publikacja b\u0119dzie przydatna praktykom prawa, a tak\u017ce teoretykom zajmuj\u0105cym si\u0119 szeroko poj\u0119tym prawem nieruchomo\u015bci.<\/p>\n","protected":false},"featured_media":14620,"template":"","meta":{"_acf_changed":false},"journal":[],"rodzaj":[],"seria":[],"product_brand":[],"product_cat":[6932],"product_tag":[8136],"class_list":{"0":"post-46771","1":"product","2":"type-product","3":"status-publish","4":"has-post-thumbnail","6":"product_cat-prawo-i-administracja","7":"product_tag-beata-j-kowalczykbeata-j-kowalczyk","9":"first","10":"outofstock","11":"taxable","12":"shipping-taxable","13":"product-type-simple"},"acf":[],"_links":{"self":[{"href":"https:\/\/wydawnictwo.ug.edu.pl\/en\/wp-json\/wp\/v2\/product\/46771","targetHints":{"allow":["GET"]}}],"collection":[{"href":"https:\/\/wydawnictwo.ug.edu.pl\/en\/wp-json\/wp\/v2\/product"}],"about":[{"href":"https:\/\/wydawnictwo.ug.edu.pl\/en\/wp-json\/wp\/v2\/types\/product"}],"wp:featuredmedia":[{"embeddable":true,"href":"https:\/\/wydawnictwo.ug.edu.pl\/en\/wp-json\/wp\/v2\/media\/14620"}],"wp:attachment":[{"href":"https:\/\/wydawnictwo.ug.edu.pl\/en\/wp-json\/wp\/v2\/media?parent=46771"}],"wp:term":[{"taxonomy":"journal","embeddable":true,"href":"https:\/\/wydawnictwo.ug.edu.pl\/en\/wp-json\/wp\/v2\/journal?post=46771"},{"taxonomy":"rodzaj","embeddable":true,"href":"https:\/\/wydawnictwo.ug.edu.pl\/en\/wp-json\/wp\/v2\/rodzaj?post=46771"},{"taxonomy":"seria","embeddable":true,"href":"https:\/\/wydawnictwo.ug.edu.pl\/en\/wp-json\/wp\/v2\/seria?post=46771"},{"taxonomy":"product_brand","embeddable":true,"href":"https:\/\/wydawnictwo.ug.edu.pl\/en\/wp-json\/wp\/v2\/product_brand?post=46771"},{"taxonomy":"product_cat","embeddable":true,"href":"https:\/\/wydawnictwo.ug.edu.pl\/en\/wp-json\/wp\/v2\/product_cat?post=46771"},{"taxonomy":"product_tag","embeddable":true,"href":"https:\/\/wydawnictwo.ug.edu.pl\/en\/wp-json\/wp\/v2\/product_tag?post=46771"}],"curies":[{"name":"wp","href":"https:\/\/api.w.org\/{rel}","templated":true}]}}