{"id":46769,"date":"2016-12-01T00:00:00","date_gmt":"2016-12-01T00:00:00","guid":{"rendered":"https:\/\/wydawnictwo.ug.edu.pl\/ksiegarnia-online\/uncategorized\/przewodnik-do-cwiczen-z-biochemiczno-biofizycznych-podstaw-rozwoju-roslin\/"},"modified":"2026-02-11T16:02:36","modified_gmt":"2026-02-11T16:02:36","slug":"przewodnik-do-cwiczen-z-biochemiczno-biofizycznych-podstaw-rozwoju-roslin","status":"publish","type":"product","link":"https:\/\/wydawnictwo.ug.edu.pl\/en\/ksiegarnia-online\/biologia\/przewodnik-do-cwiczen-z-biochemiczno-biofizycznych-podstaw-rozwoju-roslin\/","title":{"rendered":"Przewodnik do \u0107wicze\u0144 z biochemiczno-biofizycznych podstaw rozwoju ro\u015blin"},"content":{"rendered":"","protected":false},"excerpt":{"rendered":"<p>Przewodnik do \u0107wicze\u0144 z biochemiczno-biofizycznych podstaw rozwoju ro\u015blin (wersja dwuj\u0119zyczna) przygotowany zosta\u0142 z my\u015bl\u0105 o studentach biotechnologii Mi\u0119dzyuczelnianego Wydzia\u0142u Biotechnologii Uniwersytetu Gda\u0144skiego i Gda\u0144skiego Uniwersytetu Medycznego, mo\u017ce by\u0107 jednak przydatny r\u00f3wnie\u017c dla student\u00f3w innych kierunk\u00f3w studi\u00f3w przyrodniczych. Om\u00f3wiono w nim do\u015bwiadczenia eksperymentalne demonstruj\u0105ce r\u00f3\u017cne procesy zwi\u0105zane z rozwojem ro\u015blin. Do\u015bwiadczenia te obejmuj\u0105 wybrane zagadnienia z biochemii, fizjologii i cytologii ro\u015blin. Opis ka\u017cdego do\u015bwiadczenia poprzedzony zosta\u0142 zwi\u0119z\u0142ym wst\u0119pem teoretycznym.<\/p>\n","protected":false},"featured_media":14615,"template":"","meta":{"_acf_changed":false},"journal":[],"rodzaj":[7330],"seria":[],"product_brand":[],"product_cat":[7307,7308],"product_tag":[8133,8134,8135],"class_list":{"0":"post-46769","1":"product","2":"type-product","3":"status-publish","4":"has-post-thumbnail","6":"rodzaj-schoolbook","7":"product_cat-biologia","8":"product_cat-chemia-i-fizyka","9":"product_tag-antoni-banas","10":"product_tag-kamil-demskikamil-demski","11":"product_tag-katarzyna-jasienicka-gazarkiewicz","13":"first","14":"outofstock","15":"taxable","16":"shipping-taxable","17":"product-type-simple"},"acf":[],"_links":{"self":[{"href":"https:\/\/wydawnictwo.ug.edu.pl\/en\/wp-json\/wp\/v2\/product\/46769","targetHints":{"allow":["GET"]}}],"collection":[{"href":"https:\/\/wydawnictwo.ug.edu.pl\/en\/wp-json\/wp\/v2\/product"}],"about":[{"href":"https:\/\/wydawnictwo.ug.edu.pl\/en\/wp-json\/wp\/v2\/types\/product"}],"wp:featuredmedia":[{"embeddable":true,"href":"https:\/\/wydawnictwo.ug.edu.pl\/en\/wp-json\/wp\/v2\/media\/14615"}],"wp:attachment":[{"href":"https:\/\/wydawnictwo.ug.edu.pl\/en\/wp-json\/wp\/v2\/media?parent=46769"}],"wp:term":[{"taxonomy":"journal","embeddable":true,"href":"https:\/\/wydawnictwo.ug.edu.pl\/en\/wp-json\/wp\/v2\/journal?post=46769"},{"taxonomy":"rodzaj","embeddable":true,"href":"https:\/\/wydawnictwo.ug.edu.pl\/en\/wp-json\/wp\/v2\/rodzaj?post=46769"},{"taxonomy":"seria","embeddable":true,"href":"https:\/\/wydawnictwo.ug.edu.pl\/en\/wp-json\/wp\/v2\/seria?post=46769"},{"taxonomy":"product_brand","embeddable":true,"href":"https:\/\/wydawnictwo.ug.edu.pl\/en\/wp-json\/wp\/v2\/product_brand?post=46769"},{"taxonomy":"product_cat","embeddable":true,"href":"https:\/\/wydawnictwo.ug.edu.pl\/en\/wp-json\/wp\/v2\/product_cat?post=46769"},{"taxonomy":"product_tag","embeddable":true,"href":"https:\/\/wydawnictwo.ug.edu.pl\/en\/wp-json\/wp\/v2\/product_tag?post=46769"}],"curies":[{"name":"wp","href":"https:\/\/api.w.org\/{rel}","templated":true}]}}