{"id":46767,"date":"2016-12-10T00:00:00","date_gmt":"2016-12-10T00:00:00","guid":{"rendered":"https:\/\/wydawnictwo.ug.edu.pl\/ksiegarnia-online\/uncategorized\/niematerialne-dziedzictwo-kulturowe-pomorza-wschodniego\/"},"modified":"2026-02-11T16:01:06","modified_gmt":"2026-02-11T16:01:06","slug":"niematerialne-dziedzictwo-kulturowe-pomorza-wschodniego","status":"publish","type":"product","link":"https:\/\/wydawnictwo.ug.edu.pl\/en\/ksiegarnia-online\/etnologia-i-antropologia-kulturowa\/niematerialne-dziedzictwo-kulturowe-pomorza-wschodniego\/","title":{"rendered":"Niematerialne dziedzictwo kulturowe Pomorza Wschodniego"},"content":{"rendered":"","protected":false},"excerpt":{"rendered":"<p><em>N<\/em><em style=\"font-weight: normal;\">iematerialne dziedzictwo kulturowe Pomorza Wschodniego\u00a0<\/em>to obszerna trzycz\u0119\u015bciowa publikacja (\u0142\u0105cznie 2111 stron wraz z ilustracjami)\u00a0 b\u0119d\u0105ca efektem bada\u0144 terenowych prowadzonych w latach 2013\u20132017. Po raz pierwszy etnograficzn\u0105 eksploracj\u0105 obj\u0119to ca\u0142y zr\u00f3\u017cnicowany kulturowo obszar Pomorza Wschodniego, obejmuj\u0105cy zar\u00f3wno ziemie \u201edawne\u201d (Kaszuby, Kociewie, Bory Tucholskie), jak te\u017c \u201enowe\u201d, czyli tereny postmigracyjne (\u017bu\u0142awy, Powi\u015ble, ziemia l\u0119borska, cz\u0142uchowska, s\u0142upska). W cz\u0119\u015bciach I i II przedstawiono w spos\u00f3b opisowy i tabelaryczny wyst\u0119powanie, stan i tendencje wybranych zjawisk niematerialnego dziedzictwa kulturowego w 16 powiatach wojew\u00f3dztwa pomorskiego i 2 kujawsko-pomorskiego. Natomiast cz\u0119\u015b\u0107 III ma charakter monografii problemowej. W o\u015bmiu autorskich rozdzia\u0142ach dokonano pog\u0142\u0119bionej analizy wybranych zjawisk niematerialnego dziedzictwa kulturowego. W\u00a0 zale\u017cno\u015bci od problematyki w opracowaniach tych\u00a0 zastosowano r\u00f3\u017cne perspektywy i uj\u0119cia teoretyczne.<\/p>\n<p>Publikacja pokazuje aktualny stan, ale te\u017c r\u00f3\u017cnice w zakresie dziedzictwa niematerialnego Pomorza Wschodniego \u2013 ziemie \u201edawne\u201d s\u0105 ostoj\u0105 wielu zwyczaj\u00f3w, praktyk i tre\u015bci przynale\u017cnych tradycyjnej kulturze ludowej, natomiast na ziemiach \u201enowych\u201d, w wyniku powojennych migracji\u00a0 mamy do czynienia z wypadkow\u0105 r\u00f3\u017cnorodnych tradycji regionalnych, narodowych (mniejszo\u015bci narodowe) oraz wp\u0142yw\u00f3w kultury masowej. Na ziemiach \u201enowych\u201d widoczny jest proces (re)konstruowania to\u017csamo\u015bci, w kt\u00f3rym si\u0119ga si\u0119 i przypomina dziedzictwo dawnych mieszka\u0144c\u00f3w (mennonickie, krzy\u017cackie, niemieckie), stanowi\u0105ce pomost mi\u0119dzy przesz\u0142o\u015bci\u0105 a tera\u017aniejszo\u015bci\u0105.<\/p>\n","protected":false},"featured_media":14821,"template":"","meta":{"_acf_changed":false},"journal":[],"rodzaj":[7074],"seria":[],"product_brand":[],"product_cat":[6970],"product_tag":[8132],"class_list":{"0":"post-46767","1":"product","2":"type-product","3":"status-publish","4":"has-post-thumbnail","6":"rodzaj-ksiazki","7":"product_cat-etnologia-i-antropologia-kulturowa","8":"product_tag-anna-kwasniewska","10":"first","11":"outofstock","12":"taxable","13":"shipping-taxable","14":"product-type-simple"},"acf":[],"_links":{"self":[{"href":"https:\/\/wydawnictwo.ug.edu.pl\/en\/wp-json\/wp\/v2\/product\/46767","targetHints":{"allow":["GET"]}}],"collection":[{"href":"https:\/\/wydawnictwo.ug.edu.pl\/en\/wp-json\/wp\/v2\/product"}],"about":[{"href":"https:\/\/wydawnictwo.ug.edu.pl\/en\/wp-json\/wp\/v2\/types\/product"}],"wp:featuredmedia":[{"embeddable":true,"href":"https:\/\/wydawnictwo.ug.edu.pl\/en\/wp-json\/wp\/v2\/media\/14821"}],"wp:attachment":[{"href":"https:\/\/wydawnictwo.ug.edu.pl\/en\/wp-json\/wp\/v2\/media?parent=46767"}],"wp:term":[{"taxonomy":"journal","embeddable":true,"href":"https:\/\/wydawnictwo.ug.edu.pl\/en\/wp-json\/wp\/v2\/journal?post=46767"},{"taxonomy":"rodzaj","embeddable":true,"href":"https:\/\/wydawnictwo.ug.edu.pl\/en\/wp-json\/wp\/v2\/rodzaj?post=46767"},{"taxonomy":"seria","embeddable":true,"href":"https:\/\/wydawnictwo.ug.edu.pl\/en\/wp-json\/wp\/v2\/seria?post=46767"},{"taxonomy":"product_brand","embeddable":true,"href":"https:\/\/wydawnictwo.ug.edu.pl\/en\/wp-json\/wp\/v2\/product_brand?post=46767"},{"taxonomy":"product_cat","embeddable":true,"href":"https:\/\/wydawnictwo.ug.edu.pl\/en\/wp-json\/wp\/v2\/product_cat?post=46767"},{"taxonomy":"product_tag","embeddable":true,"href":"https:\/\/wydawnictwo.ug.edu.pl\/en\/wp-json\/wp\/v2\/product_tag?post=46767"}],"curies":[{"name":"wp","href":"https:\/\/api.w.org\/{rel}","templated":true}]}}