{"id":46765,"date":"2016-12-30T00:00:00","date_gmt":"2016-12-30T00:00:00","guid":{"rendered":"https:\/\/wydawnictwo.ug.edu.pl\/ksiegarnia-online\/uncategorized\/georg-brandes-i-polacy-czyli-o-fenomenie-wzajemnego-zainteresowania-z-polska-w-tle\/"},"modified":"2026-02-11T16:01:11","modified_gmt":"2026-02-11T16:01:11","slug":"georg-brandes-i-polacy-czyli-o-fenomenie-wzajemnego-zainteresowania-z-polska-w-tle","status":"publish","type":"product","link":"https:\/\/wydawnictwo.ug.edu.pl\/en\/ksiegarnia-online\/historia\/georg-brandes-i-polacy-czyli-o-fenomenie-wzajemnego-zainteresowania-z-polska-w-tle\/","title":{"rendered":"Georg Brandes i Polacy czyli o fenomenie wzajemnego zainteresowania z Polsk\u0105 w tle"},"content":{"rendered":"<p>Georg Brandes (1842\u20131927) by\u0142 du\u0144skim krytykiem i historykiem literatury, publicyst\u0105, wsp\u00f3\u0142tw\u00f3rc\u0105 prze\u0142omu modernistycznego w literaturze skandynawskiej. Obecnie w Polsce szerzej nieznany, by\u0142 jako krytyk promotorem tw\u00f3rczo\u015bci do dzi\u015b pami\u0119tanych i uznawanych za wybitne postaci literatury czy filozofii Henryka Ibsena, Fryderyka Nietschego i S\u00f8ren\u2019a Kierkegaard\u2019a. Jego aktywno\u015b\u0107 nie ogranicza\u0142a si\u0119 jednak do literatury czy filozofii \u2013 inicjowa\u0142 proces przemian spo\u0142ecznych, krytykuj\u0105c mieszcza\u0144sk\u0105, podw\u00f3jn\u0105 moralno\u015b\u0107 i g\u0142osz\u0105c konieczno\u015b\u0107 przyznania kobietom we wszystkich sferach \u017cycia takich samych praw, z jakich korzystali m\u0119\u017cczy\u017ani. U szczytu s\u0142awy sta\u0142 si\u0119 cz\u0142owiekiem-instytucj\u0105, do kt\u00f3rego zwracano si\u0119 o pomoc w najr\u00f3\u017cniejszych sprawach natury spo\u0142ecznej i politycznej.<\/p>\n<p>Georg Brandes kilkakrotnie odwiedzi\u0142 ziemie polskie. Podczas pobyt\u00f3w w Warszawie czy Lwowie wyst\u0119powa\u0142 z odczytami. Prelekcje te, publikacje licznych artyku\u0142\u00f3w i ksi\u0105\u017cek Du\u0144czyka a tak\u017ce jego obecno\u015b\u0107 na salonach znajdowa\u0142y \u017cywy odd\u017awi\u0119k w polskiej prasie prze\u0142omu wiek\u00f3w XIX i XX.<br \/>\nW krajach skandynawskich (oraz na ca\u0142ym \u015bwiecie \u2013 w osobach badaczy pochodz\u0105cych z rozmaitych kraj\u00f3w) badania na spu\u015bcizn\u0105 Brandesa s\u0105 niezwykle zaawansowane, powstaj\u0105 wci\u0105\u017c nowe interpretacje imponuj\u0105cego dorobku krytycznoliterackiego kopenhaskiego pisarza. Brandes wyznaczy\u0142 epok\u0119 w kulturze Danii: przez kilka dekad funkcjonowa\u0142 jako obowi\u0105zkowy punkt odniesienia dla tw\u00f3rc\u00f3w, pisarzy.<\/p>\n<p>Tymczasem w polskiej literaturze naukowej brak dot\u0105d monografii po\u015bwi\u0119conej Brandesowi. Jest on bohaterem stosunkowo nielicznych artyku\u0142\u00f3w, w kt\u00f3rych przedstawiany jest zazwyczaj niemal wy\u0142\u0105cznie jako Du\u0144czyk, kt\u00f3ry napisa\u0142 w ko\u0144cu XIX wieku ksi\u0105\u017ck\u0119 o Polsce oraz odwiedzi\u0142 ziemie polskie i Rosj\u0119. Prezentowana monografia jest wi\u0119c pierwsz\u0105 na gruncie nauki polskiej monografi\u0105, ukazuj\u0105c\u0105 wielowymiarow\u0105 dzia\u0142alno\u015b\u0107 Brandesa oraz w pe\u0142niejszy ni\u017c dot\u0105d spos\u00f3b prezentuj\u0105c\u0105 niezwykle intensywne kontakty pisarza z Danii z przedstawicielami polskiego \u017cycia politycznego i artystycznego prze\u0142omu wiek\u00f3w, jego zainteresowanie polsk\u0105 histori\u0105 i literatur\u0105 oraz realne zaanga\u017cowanie Du\u0144czyka wspieraj\u0105cego spraw\u0119 polsk\u0105 na arenie mi\u0119dzynarodowej.<\/p>\n<p>Recenzenci niniejszej rozprawy doktorskiej podkre\u015blali jej interdyscyplinarny charakter: w dysertacji tej warsztat historyka po\u0142\u0105czony zosta\u0142 z elementami literaturoznawstwa i filozofii.<\/p>\n","protected":false},"excerpt":{"rendered":"<p>Ksi\u0105\u017cka wydana w serii Dissertationes Laudatissimae Universitas Gedanensis<\/p>\n","protected":false},"featured_media":17781,"template":"","meta":{"_acf_changed":false},"journal":[],"rodzaj":[7076],"seria":[7797],"product_brand":[],"product_cat":[6958],"product_tag":[7972],"class_list":{"0":"post-46765","1":"product","2":"type-product","3":"status-publish","4":"has-post-thumbnail","6":"rodzaj-serie-wydawnicze","7":"seria-dissertationes-laudatissimae-universitas-gedanensis","8":"product_cat-historia","9":"product_tag-michalina-petelska","11":"first","12":"outofstock","13":"taxable","14":"shipping-taxable","15":"product-type-simple"},"acf":[],"_links":{"self":[{"href":"https:\/\/wydawnictwo.ug.edu.pl\/en\/wp-json\/wp\/v2\/product\/46765","targetHints":{"allow":["GET"]}}],"collection":[{"href":"https:\/\/wydawnictwo.ug.edu.pl\/en\/wp-json\/wp\/v2\/product"}],"about":[{"href":"https:\/\/wydawnictwo.ug.edu.pl\/en\/wp-json\/wp\/v2\/types\/product"}],"wp:featuredmedia":[{"embeddable":true,"href":"https:\/\/wydawnictwo.ug.edu.pl\/en\/wp-json\/wp\/v2\/media\/17781"}],"wp:attachment":[{"href":"https:\/\/wydawnictwo.ug.edu.pl\/en\/wp-json\/wp\/v2\/media?parent=46765"}],"wp:term":[{"taxonomy":"journal","embeddable":true,"href":"https:\/\/wydawnictwo.ug.edu.pl\/en\/wp-json\/wp\/v2\/journal?post=46765"},{"taxonomy":"rodzaj","embeddable":true,"href":"https:\/\/wydawnictwo.ug.edu.pl\/en\/wp-json\/wp\/v2\/rodzaj?post=46765"},{"taxonomy":"seria","embeddable":true,"href":"https:\/\/wydawnictwo.ug.edu.pl\/en\/wp-json\/wp\/v2\/seria?post=46765"},{"taxonomy":"product_brand","embeddable":true,"href":"https:\/\/wydawnictwo.ug.edu.pl\/en\/wp-json\/wp\/v2\/product_brand?post=46765"},{"taxonomy":"product_cat","embeddable":true,"href":"https:\/\/wydawnictwo.ug.edu.pl\/en\/wp-json\/wp\/v2\/product_cat?post=46765"},{"taxonomy":"product_tag","embeddable":true,"href":"https:\/\/wydawnictwo.ug.edu.pl\/en\/wp-json\/wp\/v2\/product_tag?post=46765"}],"curies":[{"name":"wp","href":"https:\/\/api.w.org\/{rel}","templated":true}]}}