{"id":46764,"date":"2016-12-30T00:00:00","date_gmt":"2016-12-30T00:00:00","guid":{"rendered":"https:\/\/wydawnictwo.ug.edu.pl\/?post_type=product&#038;p=46764"},"modified":"2026-02-11T16:01:22","modified_gmt":"2026-02-11T16:01:22","slug":"nowe-wyzwania-nowe-horyzonty-tom-2-historia-spoleczenstwo-kultura","status":"publish","type":"product","link":"https:\/\/wydawnictwo.ug.edu.pl\/en\/ksiegarnia-online\/literaturoznawstwo\/nowe-wyzwania-nowe-horyzonty-tom-2-historia-spoleczenstwo-kultura\/","title":{"rendered":"Nowe Wyzwania, Nowe Horyzonty. Tom 2. Historia \u2013 Spo\u0142ecze\u0144stwo \u2013 Kultura"},"content":{"rendered":"","protected":false},"excerpt":{"rendered":"<p>Tom 2 serii\u00a0<em>Nowe Wyzwania, Nowe Horyzonty. Czterdzie\u015bci lat skandynawistyki gda\u0144skiej\u00a0<\/em>\u00a0po\u015bwi\u0119cony zosta\u0142 historii, spo\u0142ecze\u0144stwom i kulturze Skandynawii.<\/p>\n","protected":false},"featured_media":14591,"template":"","meta":{"_acf_changed":false},"journal":[],"rodzaj":[7074,7076],"seria":[7775],"product_brand":[],"product_cat":[6925],"product_tag":[],"class_list":{"0":"post-46764","1":"product","2":"type-product","3":"status-publish","4":"has-post-thumbnail","6":"rodzaj-ksiazki","7":"rodzaj-serie-wydawnicze","8":"seria-nowe-wyzwania-nowe-horyzonty-czterdziesci-lat-skandynawistyki-gdanskiej","9":"product_cat-literaturoznawstwo","11":"first","12":"outofstock","13":"taxable","14":"shipping-taxable","15":"product-type-simple"},"acf":[],"_links":{"self":[{"href":"https:\/\/wydawnictwo.ug.edu.pl\/en\/wp-json\/wp\/v2\/product\/46764","targetHints":{"allow":["GET"]}}],"collection":[{"href":"https:\/\/wydawnictwo.ug.edu.pl\/en\/wp-json\/wp\/v2\/product"}],"about":[{"href":"https:\/\/wydawnictwo.ug.edu.pl\/en\/wp-json\/wp\/v2\/types\/product"}],"wp:featuredmedia":[{"embeddable":true,"href":"https:\/\/wydawnictwo.ug.edu.pl\/en\/wp-json\/wp\/v2\/media\/14591"}],"wp:attachment":[{"href":"https:\/\/wydawnictwo.ug.edu.pl\/en\/wp-json\/wp\/v2\/media?parent=46764"}],"wp:term":[{"taxonomy":"journal","embeddable":true,"href":"https:\/\/wydawnictwo.ug.edu.pl\/en\/wp-json\/wp\/v2\/journal?post=46764"},{"taxonomy":"rodzaj","embeddable":true,"href":"https:\/\/wydawnictwo.ug.edu.pl\/en\/wp-json\/wp\/v2\/rodzaj?post=46764"},{"taxonomy":"seria","embeddable":true,"href":"https:\/\/wydawnictwo.ug.edu.pl\/en\/wp-json\/wp\/v2\/seria?post=46764"},{"taxonomy":"product_brand","embeddable":true,"href":"https:\/\/wydawnictwo.ug.edu.pl\/en\/wp-json\/wp\/v2\/product_brand?post=46764"},{"taxonomy":"product_cat","embeddable":true,"href":"https:\/\/wydawnictwo.ug.edu.pl\/en\/wp-json\/wp\/v2\/product_cat?post=46764"},{"taxonomy":"product_tag","embeddable":true,"href":"https:\/\/wydawnictwo.ug.edu.pl\/en\/wp-json\/wp\/v2\/product_tag?post=46764"}],"curies":[{"name":"wp","href":"https:\/\/api.w.org\/{rel}","templated":true}]}}