{"id":46763,"date":"2016-12-30T00:00:00","date_gmt":"2016-12-30T00:00:00","guid":{"rendered":"https:\/\/wydawnictwo.ug.edu.pl\/?post_type=product&#038;p=46763"},"modified":"2026-02-11T16:01:20","modified_gmt":"2026-02-11T16:01:20","slug":"czlowiek-i-miasto-gdanszczanie-miedzy-stara-a-nowa-tozsamoscia","status":"publish","type":"product","link":"https:\/\/wydawnictwo.ug.edu.pl\/en\/ksiegarnia-online\/historia-sztuki-i-kulturoznawstwo\/czlowiek-i-miasto-gdanszczanie-miedzy-stara-a-nowa-tozsamoscia\/","title":{"rendered":"Cz\u0142owiek i miasto. Gda\u0144szczanie mi\u0119dzy star\u0105 a now\u0105 to\u017csamo\u015bci\u0105"},"content":{"rendered":"","protected":false},"excerpt":{"rendered":"<p>Miasto nie powstaje samo z siebie.\u00a0Jest takie, jakie zaprojektuj\u0105, a potem ukszta\u0142tuj\u0105 ludzie. Kszta\u0142t i charakter miejskiej przestrzeni sprawia,\u00a0\u017ce miasto do siebie ludzi przyci\u0105ga\u00a0albo zniech\u0119ca, odpycha i sk\u0142ania do\u00a0szukania swojego miejsca poza nim\u2026 Kszta\u0142t i charakter miasta w du\u017cym stopniu wp\u0142ywaj\u0105 na to, jak ludzie \u017cyj\u0105 i jak si\u0119 do siebie odnosz\u0105 \u2013 ufnie i \u017cyczliwie czy wrogo i podejrzliwie, pomocnie czy egoistycznie. Badanie miast \u2013\u00a0ich kszta\u0142tu i charakteru, sposob\u00f3w ich funkcjonowania,\u00a0wp\u0142ywu miejsko\u015bci na cz\u0142owieka \u2013 staje si\u0119 coraz bardziej wa\u017cnym i nagl\u0105cym wyzwaniem.<\/p>\n","protected":false},"featured_media":14675,"template":"","meta":{"_acf_changed":false},"journal":[],"rodzaj":[7077,7076],"seria":[7826],"product_brand":[],"product_cat":[6936],"product_tag":[],"class_list":{"0":"post-46763","1":"product","2":"type-product","3":"status-publish","4":"has-post-thumbnail","6":"rodzaj-czasopismo","7":"rodzaj-serie-wydawnicze","8":"seria-czlowiek-i-miasto","9":"product_cat-historia-sztuki-i-kulturoznawstwo","11":"first","12":"outofstock","13":"taxable","14":"shipping-taxable","15":"product-type-simple"},"acf":[],"_links":{"self":[{"href":"https:\/\/wydawnictwo.ug.edu.pl\/en\/wp-json\/wp\/v2\/product\/46763","targetHints":{"allow":["GET"]}}],"collection":[{"href":"https:\/\/wydawnictwo.ug.edu.pl\/en\/wp-json\/wp\/v2\/product"}],"about":[{"href":"https:\/\/wydawnictwo.ug.edu.pl\/en\/wp-json\/wp\/v2\/types\/product"}],"wp:featuredmedia":[{"embeddable":true,"href":"https:\/\/wydawnictwo.ug.edu.pl\/en\/wp-json\/wp\/v2\/media\/14675"}],"wp:attachment":[{"href":"https:\/\/wydawnictwo.ug.edu.pl\/en\/wp-json\/wp\/v2\/media?parent=46763"}],"wp:term":[{"taxonomy":"journal","embeddable":true,"href":"https:\/\/wydawnictwo.ug.edu.pl\/en\/wp-json\/wp\/v2\/journal?post=46763"},{"taxonomy":"rodzaj","embeddable":true,"href":"https:\/\/wydawnictwo.ug.edu.pl\/en\/wp-json\/wp\/v2\/rodzaj?post=46763"},{"taxonomy":"seria","embeddable":true,"href":"https:\/\/wydawnictwo.ug.edu.pl\/en\/wp-json\/wp\/v2\/seria?post=46763"},{"taxonomy":"product_brand","embeddable":true,"href":"https:\/\/wydawnictwo.ug.edu.pl\/en\/wp-json\/wp\/v2\/product_brand?post=46763"},{"taxonomy":"product_cat","embeddable":true,"href":"https:\/\/wydawnictwo.ug.edu.pl\/en\/wp-json\/wp\/v2\/product_cat?post=46763"},{"taxonomy":"product_tag","embeddable":true,"href":"https:\/\/wydawnictwo.ug.edu.pl\/en\/wp-json\/wp\/v2\/product_tag?post=46763"}],"curies":[{"name":"wp","href":"https:\/\/api.w.org\/{rel}","templated":true}]}}