{"id":46757,"date":"2017-12-01T00:00:00","date_gmt":"2017-12-01T00:00:00","guid":{"rendered":"https:\/\/wydawnictwo.ug.edu.pl\/ksiegarnia-online\/uncategorized\/polska-sila-robocza-w-organizacji-todta-w-norwegii-i-finlandii-w-latach-1941-1945\/"},"modified":"2026-02-11T15:56:37","modified_gmt":"2026-02-11T15:56:37","slug":"polska-sila-robocza-w-organizacji-todta-w-norwegii-i-finlandii-w-latach-1941-1945","status":"publish","type":"product","link":"https:\/\/wydawnictwo.ug.edu.pl\/en\/ksiegarnia-online\/jezykoznawstwo\/polska-sila-robocza-w-organizacji-todta-w-norwegii-i-finlandii-w-latach-1941-1945\/","title":{"rendered":"Polska si\u0142a robocza w Organizacji Todta w Norwegii i Finlandii w latach 1941\u20131945"},"content":{"rendered":"","protected":false},"excerpt":{"rendered":"<p>W ksi\u0105\u017cce opisano dzia\u0142alno\u015b\u0107 najwi\u0119kszej hitlerowskiej organizacji budowlanej o charakterze paramilitarnym na terenie Norwegii i Finlandii. Przedstawiono sposoby i metody werbunku Polak\u00f3w do Organizacji Todta z uwzgl\u0119dnieniem r\u00f3\u017cnic w tym zakresie pomi\u0119dzy ziemiami wcielonymi do Rzeszy a Generalnym Gubernatorstwem. Szczeg\u00f3\u0142owo opisano warunki socjalno-bytowe Polak\u00f3w, a tak\u017ce problemy zwi\u0105zane z repatriacj\u0105 po zako\u0144czeniu wojny.<\/p>\n","protected":false},"featured_media":14759,"template":"","meta":{"_acf_changed":false},"journal":[],"rodzaj":[],"seria":[],"product_brand":[],"product_cat":[6924],"product_tag":[],"class_list":{"0":"post-46757","1":"product","2":"type-product","3":"status-publish","4":"has-post-thumbnail","6":"product_cat-jezykoznawstwo","8":"first","9":"outofstock","10":"taxable","11":"shipping-taxable","12":"product-type-simple"},"acf":[],"_links":{"self":[{"href":"https:\/\/wydawnictwo.ug.edu.pl\/en\/wp-json\/wp\/v2\/product\/46757","targetHints":{"allow":["GET"]}}],"collection":[{"href":"https:\/\/wydawnictwo.ug.edu.pl\/en\/wp-json\/wp\/v2\/product"}],"about":[{"href":"https:\/\/wydawnictwo.ug.edu.pl\/en\/wp-json\/wp\/v2\/types\/product"}],"wp:featuredmedia":[{"embeddable":true,"href":"https:\/\/wydawnictwo.ug.edu.pl\/en\/wp-json\/wp\/v2\/media\/14759"}],"wp:attachment":[{"href":"https:\/\/wydawnictwo.ug.edu.pl\/en\/wp-json\/wp\/v2\/media?parent=46757"}],"wp:term":[{"taxonomy":"journal","embeddable":true,"href":"https:\/\/wydawnictwo.ug.edu.pl\/en\/wp-json\/wp\/v2\/journal?post=46757"},{"taxonomy":"rodzaj","embeddable":true,"href":"https:\/\/wydawnictwo.ug.edu.pl\/en\/wp-json\/wp\/v2\/rodzaj?post=46757"},{"taxonomy":"seria","embeddable":true,"href":"https:\/\/wydawnictwo.ug.edu.pl\/en\/wp-json\/wp\/v2\/seria?post=46757"},{"taxonomy":"product_brand","embeddable":true,"href":"https:\/\/wydawnictwo.ug.edu.pl\/en\/wp-json\/wp\/v2\/product_brand?post=46757"},{"taxonomy":"product_cat","embeddable":true,"href":"https:\/\/wydawnictwo.ug.edu.pl\/en\/wp-json\/wp\/v2\/product_cat?post=46757"},{"taxonomy":"product_tag","embeddable":true,"href":"https:\/\/wydawnictwo.ug.edu.pl\/en\/wp-json\/wp\/v2\/product_tag?post=46757"}],"curies":[{"name":"wp","href":"https:\/\/api.w.org\/{rel}","templated":true}]}}