{"id":46756,"date":"2017-12-01T00:00:00","date_gmt":"2017-12-01T00:00:00","guid":{"rendered":"https:\/\/wydawnictwo.ug.edu.pl\/ksiegarnia-online\/uncategorized\/marzec-1968-w-gdansku\/"},"modified":"2026-02-11T15:59:29","modified_gmt":"2026-02-11T15:59:29","slug":"marzec-1968-w-gdansku","status":"publish","type":"product","link":"https:\/\/wydawnictwo.ug.edu.pl\/en\/ksiegarnia-online\/historia\/marzec-1968-w-gdansku\/","title":{"rendered":"Marzec 1968 w Gda\u0144sku"},"content":{"rendered":"","protected":false},"excerpt":{"rendered":"<p>Wypadki marcowe w Tr\u00f3jmie\u015bcie r\u00f3\u017cni\u0142y si\u0119 od tych, kt\u00f3re mia\u0142y miejsce w Warszawie czy w innych o\u015brodkach akademickich w Polsce. W zaj\u015bciach w Gda\u0144sku nie uczestniczy\u0142 tzw. aktyw robotniczy, a si\u0142y Milicji Obywatelskiej i Zmotoryzowanych Odwod\u00f3w Milicji Obywatelskiej nie wkroczy\u0142y na teren kampusu politechnicznego. Na uwag\u0119 zas\u0142uguje postawa kadry profesorskiej Politechniki Gda\u0144skiej w tamtych trudnych dniach. Pu\u0142kownik Milicji Obywatelskiej Kazimierz G\u00f3recki w raporcie dotycz\u0105cym wydarze\u0144 marcowych donosi\u0142: \u201eZachowanie najwy\u017cszych w\u0142adz Politechniki Gda\u0144skiej nasuwa wiele zastrze\u017ce\u0144 co do jednoznacznego zajmowania stanowiska w tych sprawach\u201d.<\/p>\n<p><em>Ze \u201eS\u0142owa wst\u0119pnego\u201d prof. dr. hab. in\u017c. Janusza Rachonia<\/em><\/p>\n","protected":false},"featured_media":15026,"template":"","meta":{"_acf_changed":false},"journal":[],"rodzaj":[],"seria":[],"product_brand":[],"product_cat":[6958],"product_tag":[7766],"class_list":{"0":"post-46756","1":"product","2":"type-product","3":"status-publish","4":"has-post-thumbnail","6":"product_cat-historia","7":"product_tag-mieczyslaw-nurek","9":"first","10":"instock","11":"taxable","12":"shipping-taxable","13":"purchasable","14":"product-type-simple"},"acf":[],"_links":{"self":[{"href":"https:\/\/wydawnictwo.ug.edu.pl\/en\/wp-json\/wp\/v2\/product\/46756","targetHints":{"allow":["GET"]}}],"collection":[{"href":"https:\/\/wydawnictwo.ug.edu.pl\/en\/wp-json\/wp\/v2\/product"}],"about":[{"href":"https:\/\/wydawnictwo.ug.edu.pl\/en\/wp-json\/wp\/v2\/types\/product"}],"wp:featuredmedia":[{"embeddable":true,"href":"https:\/\/wydawnictwo.ug.edu.pl\/en\/wp-json\/wp\/v2\/media\/15026"}],"wp:attachment":[{"href":"https:\/\/wydawnictwo.ug.edu.pl\/en\/wp-json\/wp\/v2\/media?parent=46756"}],"wp:term":[{"taxonomy":"journal","embeddable":true,"href":"https:\/\/wydawnictwo.ug.edu.pl\/en\/wp-json\/wp\/v2\/journal?post=46756"},{"taxonomy":"rodzaj","embeddable":true,"href":"https:\/\/wydawnictwo.ug.edu.pl\/en\/wp-json\/wp\/v2\/rodzaj?post=46756"},{"taxonomy":"seria","embeddable":true,"href":"https:\/\/wydawnictwo.ug.edu.pl\/en\/wp-json\/wp\/v2\/seria?post=46756"},{"taxonomy":"product_brand","embeddable":true,"href":"https:\/\/wydawnictwo.ug.edu.pl\/en\/wp-json\/wp\/v2\/product_brand?post=46756"},{"taxonomy":"product_cat","embeddable":true,"href":"https:\/\/wydawnictwo.ug.edu.pl\/en\/wp-json\/wp\/v2\/product_cat?post=46756"},{"taxonomy":"product_tag","embeddable":true,"href":"https:\/\/wydawnictwo.ug.edu.pl\/en\/wp-json\/wp\/v2\/product_tag?post=46756"}],"curies":[{"name":"wp","href":"https:\/\/api.w.org\/{rel}","templated":true}]}}