{"id":46754,"date":"2017-12-01T00:00:00","date_gmt":"2017-12-01T00:00:00","guid":{"rendered":"https:\/\/wydawnictwo.ug.edu.pl\/ksiegarnia-online\/uncategorized\/proces-karny-w-dobie-przemian-przebieg-postepowania\/"},"modified":"2026-02-11T15:56:19","modified_gmt":"2026-02-11T15:56:19","slug":"proces-karny-w-dobie-przemian-przebieg-postepowania","status":"publish","type":"product","link":"https:\/\/wydawnictwo.ug.edu.pl\/en\/ksiegarnia-online\/prawo-i-administracja\/proces-karny-w-dobie-przemian-przebieg-postepowania\/","title":{"rendered":"Proces karny w dobie przemian. Przebieg post\u0119powania"},"content":{"rendered":"","protected":false},"excerpt":{"rendered":"<p>Polski proces karny by\u0142 w latach 2013-2016 przedmiotem szczeg\u00f3lnie intensywnych dzia\u0142a\u0144 legislacyjnych. Zar\u00f3wno tzw. wielka nowelizacja kodeksu post\u0119powania karnego, kt\u00f3ra wesz\u0142a w \u017cycie 1 lipca 2015 r., jak i kolejne nowelizacje przyj\u0119te w 2016 r., kt\u00f3re zmierza\u0142y do znacznego odwr\u00f3cenia kierunku poprzednich zmian nowelizacyjnych, postawi\u0142y nowe wyzwania przed wszystkimi uczestnikami procesu karnego: s\u0105dem, prokuratur\u0105, obro\u0144cami i pe\u0142nomocnikami, a tak\u017ce samymi oskar\u017conymi i pokrzywdzonymi. Celem opracowania jest przede wszystkim ocena tych zmian, zar\u00f3wno z punktu widzenia efektywno\u015bci realizacji cel\u00f3w procesu karnego, jak i pod k\u0105tem przestrzegania standard\u00f3w demokratycznego pa\u0144stwa prawa i rzetelnego procesu.<\/p>\n<p>Materia\u0142y stanowi\u0105 pok\u0142osie VII Og\u00f3lnopolskiego Zjazdu Katedr Post\u0119powania Karnego, kt\u00f3ry odby\u0142 si\u0119 w dniach 2-4 czerwca 2016 r. w Gda\u0144sku i Sopocie.<\/p>\n","protected":false},"featured_media":14917,"template":"","meta":{"_acf_changed":false},"journal":[],"rodzaj":[7074],"seria":[],"product_brand":[],"product_cat":[6932],"product_tag":[7473],"class_list":{"0":"post-46754","1":"product","2":"type-product","3":"status-publish","4":"has-post-thumbnail","6":"rodzaj-ksiazki","7":"product_cat-prawo-i-administracja","8":"product_tag-slawomir-steinborn","10":"first","11":"outofstock","12":"taxable","13":"shipping-taxable","14":"purchasable","15":"product-type-simple"},"acf":[],"_links":{"self":[{"href":"https:\/\/wydawnictwo.ug.edu.pl\/en\/wp-json\/wp\/v2\/product\/46754","targetHints":{"allow":["GET"]}}],"collection":[{"href":"https:\/\/wydawnictwo.ug.edu.pl\/en\/wp-json\/wp\/v2\/product"}],"about":[{"href":"https:\/\/wydawnictwo.ug.edu.pl\/en\/wp-json\/wp\/v2\/types\/product"}],"wp:featuredmedia":[{"embeddable":true,"href":"https:\/\/wydawnictwo.ug.edu.pl\/en\/wp-json\/wp\/v2\/media\/14917"}],"wp:attachment":[{"href":"https:\/\/wydawnictwo.ug.edu.pl\/en\/wp-json\/wp\/v2\/media?parent=46754"}],"wp:term":[{"taxonomy":"journal","embeddable":true,"href":"https:\/\/wydawnictwo.ug.edu.pl\/en\/wp-json\/wp\/v2\/journal?post=46754"},{"taxonomy":"rodzaj","embeddable":true,"href":"https:\/\/wydawnictwo.ug.edu.pl\/en\/wp-json\/wp\/v2\/rodzaj?post=46754"},{"taxonomy":"seria","embeddable":true,"href":"https:\/\/wydawnictwo.ug.edu.pl\/en\/wp-json\/wp\/v2\/seria?post=46754"},{"taxonomy":"product_brand","embeddable":true,"href":"https:\/\/wydawnictwo.ug.edu.pl\/en\/wp-json\/wp\/v2\/product_brand?post=46754"},{"taxonomy":"product_cat","embeddable":true,"href":"https:\/\/wydawnictwo.ug.edu.pl\/en\/wp-json\/wp\/v2\/product_cat?post=46754"},{"taxonomy":"product_tag","embeddable":true,"href":"https:\/\/wydawnictwo.ug.edu.pl\/en\/wp-json\/wp\/v2\/product_tag?post=46754"}],"curies":[{"name":"wp","href":"https:\/\/api.w.org\/{rel}","templated":true}]}}