{"id":46752,"date":"2017-12-01T00:00:00","date_gmt":"2017-12-01T00:00:00","guid":{"rendered":"https:\/\/wydawnictwo.ug.edu.pl\/ksiegarnia-online\/uncategorized\/adaptacje-szkolne-uzycia-ponowoczesnych-antyteorii-literatury\/"},"modified":"2026-02-11T15:59:17","modified_gmt":"2026-02-11T15:59:17","slug":"adaptacje-szkolne-uzycia-ponowoczesnych-antyteorii-literatury","status":"publish","type":"product","link":"https:\/\/wydawnictwo.ug.edu.pl\/en\/ksiegarnia-online\/pedagogika-i-psychologia\/adaptacje-szkolne-uzycia-ponowoczesnych-antyteorii-literatury\/","title":{"rendered":"Adaptacje. Szkolne u\u017cycia ponowoczesnych (anty)teorii literatury"},"content":{"rendered":"","protected":false},"excerpt":{"rendered":"<p>Ksi\u0105\u017cka jest zbiorem artyku\u0142\u00f3w,\u00a0w kt\u00f3rych przedstawiono rezultaty\u00a0testowania w praktyce szkolnej narz\u0119dzi dydaktycznych wypracowanych w ramach projektu\u00a0Ponowoczesna dydaktyka polonistyczna.\u00a0Teoria i praktyka. Autorzy artyku\u0142\u00f3w\u00a0prezentuj\u0105 mo\u017cliwo\u015bci i ograniczenia wykorzystania na lekcjach polskiego r\u00f3\u017cnych strategii interpretacyjnych.<\/p>\n<p>Poj\u0119cie \u201eadaptacji&#8221; odsy\u0142a do \u0142aci\u0144skiego s\u0142owa adaptatio oznaczaj\u0105cego przyswojenie. W ksi\u0105\u017cce nie\u00a0chodzi jednak o proste prze\u0142o\u017cenie,\u00a0\u201eprzer\u00f3bk\u0119&#8221; zdobyczy teorii literatury czy ponowoczesnego literaturoznawstwa na j\u0119zyk dydaktyki,\u00a0kt\u00f3re mia\u0142oby charakter sko\u0144czony\u00a0i ostateczny. W zaproponowanym\u00a0tutaj rozumieniu dydaktyka mia\u0142aby\u00a0by\u0107 form\u0105 \u201eprzej\u015bci\u00f3wki&#8221; (adaptora)\u00a0mi\u0119dzy polonistyk\u0105 akademick\u0105\u00a0a polonistyk\u0105 szkoln\u0105. Adaptacje\u00a0(liczba mnoga jest nieprzypadkowa)\u00a0maj\u0105 charakter niedoko\u0144czony,\u00a0polimorficzny, dotycz\u0105 ro\u017cnych poziom\u00f3w wzajemnych oddzia\u0142ywa\u0144\u00a0uniwersytetu na szko\u0142\u0119 i szko\u0142y na\u00a0uniwersytet.<\/p>\n","protected":false},"featured_media":16607,"template":"","meta":{"_acf_changed":false},"journal":[],"rodzaj":[7076],"seria":[8072],"product_brand":[],"product_cat":[7007],"product_tag":[7552,7589],"class_list":{"0":"post-46752","1":"product","2":"type-product","3":"status-publish","4":"has-post-thumbnail","6":"rodzaj-serie-wydawnicze","7":"seria-ponowoczesna-dydaktyka-polonistyczna-teoria-i-praktyka","8":"product_cat-pedagogika-i-psychologia","9":"product_tag-dariusz-szczukowski","10":"product_tag-grazyna-b-tomaszewskagrazyna-b-tomaszewska","12":"first","13":"instock","14":"taxable","15":"shipping-taxable","16":"product-type-external"},"acf":[],"_links":{"self":[{"href":"https:\/\/wydawnictwo.ug.edu.pl\/en\/wp-json\/wp\/v2\/product\/46752","targetHints":{"allow":["GET"]}}],"collection":[{"href":"https:\/\/wydawnictwo.ug.edu.pl\/en\/wp-json\/wp\/v2\/product"}],"about":[{"href":"https:\/\/wydawnictwo.ug.edu.pl\/en\/wp-json\/wp\/v2\/types\/product"}],"wp:featuredmedia":[{"embeddable":true,"href":"https:\/\/wydawnictwo.ug.edu.pl\/en\/wp-json\/wp\/v2\/media\/16607"}],"wp:attachment":[{"href":"https:\/\/wydawnictwo.ug.edu.pl\/en\/wp-json\/wp\/v2\/media?parent=46752"}],"wp:term":[{"taxonomy":"journal","embeddable":true,"href":"https:\/\/wydawnictwo.ug.edu.pl\/en\/wp-json\/wp\/v2\/journal?post=46752"},{"taxonomy":"rodzaj","embeddable":true,"href":"https:\/\/wydawnictwo.ug.edu.pl\/en\/wp-json\/wp\/v2\/rodzaj?post=46752"},{"taxonomy":"seria","embeddable":true,"href":"https:\/\/wydawnictwo.ug.edu.pl\/en\/wp-json\/wp\/v2\/seria?post=46752"},{"taxonomy":"product_brand","embeddable":true,"href":"https:\/\/wydawnictwo.ug.edu.pl\/en\/wp-json\/wp\/v2\/product_brand?post=46752"},{"taxonomy":"product_cat","embeddable":true,"href":"https:\/\/wydawnictwo.ug.edu.pl\/en\/wp-json\/wp\/v2\/product_cat?post=46752"},{"taxonomy":"product_tag","embeddable":true,"href":"https:\/\/wydawnictwo.ug.edu.pl\/en\/wp-json\/wp\/v2\/product_tag?post=46752"}],"curies":[{"name":"wp","href":"https:\/\/api.w.org\/{rel}","templated":true}]}}