{"id":46750,"date":"2017-12-01T00:00:00","date_gmt":"2017-12-01T00:00:00","guid":{"rendered":"https:\/\/wydawnictwo.ug.edu.pl\/ksiegarnia-online\/uncategorized\/efektywne-zarzadzanie-wynikami-w-projektach-inwestycyjnych-operatorow-systemu-dystrybucyjnego\/"},"modified":"2026-02-11T15:56:27","modified_gmt":"2026-02-11T15:56:27","slug":"efektywne-zarzadzanie-wynikami-w-projektach-inwestycyjnych-operatorow-systemu-dystrybucyjnego","status":"publish","type":"product","link":"https:\/\/wydawnictwo.ug.edu.pl\/en\/ksiegarnia-online\/zarzadzanie\/efektywne-zarzadzanie-wynikami-w-projektach-inwestycyjnych-operatorow-systemu-dystrybucyjnego\/","title":{"rendered":"Efektywne zarz\u0105dzanie wynikami w projektach inwestycyjnych operator\u00f3w systemu dystrybucyjnego"},"content":{"rendered":"","protected":false},"excerpt":{"rendered":"<p>W ksi\u0105\u017cce przedstawiono za\u0142o\u017cenia teoretyczne i praktyczne efektywnego zarz\u0105dzania wynikami w projektach inwestycyjnych operator\u00f3w systemu dystrybucyjnego. Praca opr\u00f3cz aspekt\u00f3w czysto teoretycznych ma charakter aplikacyjny i stanowi\u00a0zbi\u00f3r wytycznych, sugestii i rekomendacji dla wdro\u017cenia przedmiotowej koncepcji w firmach zajmuj\u0105cych si\u0119 dystrybucj\u0105 energii elektrycznej.<\/p>\n","protected":false},"featured_media":14878,"template":"","meta":{"_acf_changed":false},"journal":[],"rodzaj":[7074],"seria":[],"product_brand":[],"product_cat":[6942],"product_tag":[8123,8124,8125],"class_list":{"0":"post-46750","1":"product","2":"type-product","3":"status-publish","4":"has-post-thumbnail","6":"rodzaj-ksiazki","7":"product_cat-zarzadzanie","8":"product_tag-agnieszka-anna-szpitter","9":"product_tag-bogdan-nogalski","10":"product_tag-marek-jablonski","12":"first","13":"outofstock","14":"taxable","15":"shipping-taxable","16":"product-type-simple"},"acf":[],"_links":{"self":[{"href":"https:\/\/wydawnictwo.ug.edu.pl\/en\/wp-json\/wp\/v2\/product\/46750","targetHints":{"allow":["GET"]}}],"collection":[{"href":"https:\/\/wydawnictwo.ug.edu.pl\/en\/wp-json\/wp\/v2\/product"}],"about":[{"href":"https:\/\/wydawnictwo.ug.edu.pl\/en\/wp-json\/wp\/v2\/types\/product"}],"wp:featuredmedia":[{"embeddable":true,"href":"https:\/\/wydawnictwo.ug.edu.pl\/en\/wp-json\/wp\/v2\/media\/14878"}],"wp:attachment":[{"href":"https:\/\/wydawnictwo.ug.edu.pl\/en\/wp-json\/wp\/v2\/media?parent=46750"}],"wp:term":[{"taxonomy":"journal","embeddable":true,"href":"https:\/\/wydawnictwo.ug.edu.pl\/en\/wp-json\/wp\/v2\/journal?post=46750"},{"taxonomy":"rodzaj","embeddable":true,"href":"https:\/\/wydawnictwo.ug.edu.pl\/en\/wp-json\/wp\/v2\/rodzaj?post=46750"},{"taxonomy":"seria","embeddable":true,"href":"https:\/\/wydawnictwo.ug.edu.pl\/en\/wp-json\/wp\/v2\/seria?post=46750"},{"taxonomy":"product_brand","embeddable":true,"href":"https:\/\/wydawnictwo.ug.edu.pl\/en\/wp-json\/wp\/v2\/product_brand?post=46750"},{"taxonomy":"product_cat","embeddable":true,"href":"https:\/\/wydawnictwo.ug.edu.pl\/en\/wp-json\/wp\/v2\/product_cat?post=46750"},{"taxonomy":"product_tag","embeddable":true,"href":"https:\/\/wydawnictwo.ug.edu.pl\/en\/wp-json\/wp\/v2\/product_tag?post=46750"}],"curies":[{"name":"wp","href":"https:\/\/api.w.org\/{rel}","templated":true}]}}