{"id":46749,"date":"2017-12-01T00:00:00","date_gmt":"2017-12-01T00:00:00","guid":{"rendered":"https:\/\/wydawnictwo.ug.edu.pl\/ksiegarnia-online\/uncategorized\/pozegnanie-z-uniwersytetem\/"},"modified":"2026-02-11T15:56:29","modified_gmt":"2026-02-11T15:56:29","slug":"pozegnanie-z-uniwersytetem","status":"publish","type":"product","link":"https:\/\/wydawnictwo.ug.edu.pl\/en\/ksiegarnia-online\/historia\/pozegnanie-z-uniwersytetem\/","title":{"rendered":"Po\u017cegnanie z Uniwersytetem"},"content":{"rendered":"","protected":false},"excerpt":{"rendered":"<p><em>Po\u017cegnanie z Uniwersytetem<\/em>\u00a0to swoista pr\u00f3ba bilansu\u00a0naukowej, nauczycielskiej i krytycznoliterackiej dzia\u0142alno\u015bci prof. dra hab. Kazimierza Nowosielskiego. Z bogatego\u00a0publikacyjnego dorobku (9 ksi\u0105\u017cek, przesz\u0142o 300 artyku\u0142\u00f3w\u00a0i recenzji) Autor wybra\u0142 teksty, kt\u00f3re wydawa\u0142y mu si\u0119 \u2013 po\u00a046 latach pracy na Uniwersytecie Gda\u0144skim \u2014 z rozmaitych\u00a0powod\u00f3w najwa\u017cniejsze. A owe powody, jak by\u0107 mo\u017ce\u00a0zauwa\u017cy Czytelnik, s\u0105 zar\u00f3wno natury osobistej, jak i wsp\u00f3lnotowej. W ich centrum: refleksja nad tre\u015bci\u0105 i kszta\u0142tem\u00a0\u0142aci\u0144skiej cywilizacji, pytania o sens i do\u015bwiadczenie polsko\u015bci,\u00a0troska o ziemskie i wieczno\u015bciowe cele \u017cycia. Chodzi te\u017c o to,\u00a0jak powiada Autor, aby to wszystko by\u0142o rzetelnie, z czu\u0142o\u015bci\u0105\u00a0oraz m\u0105drze podj\u0119te i wypowiedziane.<\/p>\n","protected":false},"featured_media":14869,"template":"","meta":{"_acf_changed":false},"journal":[],"rodzaj":[7074],"seria":[],"product_brand":[],"product_cat":[6958],"product_tag":[8122],"class_list":{"0":"post-46749","1":"product","2":"type-product","3":"status-publish","4":"has-post-thumbnail","6":"rodzaj-ksiazki","7":"product_cat-historia","8":"product_tag-kazimierz-nowosielski","10":"first","11":"outofstock","12":"taxable","13":"shipping-taxable","14":"purchasable","15":"product-type-simple"},"acf":[],"_links":{"self":[{"href":"https:\/\/wydawnictwo.ug.edu.pl\/en\/wp-json\/wp\/v2\/product\/46749","targetHints":{"allow":["GET"]}}],"collection":[{"href":"https:\/\/wydawnictwo.ug.edu.pl\/en\/wp-json\/wp\/v2\/product"}],"about":[{"href":"https:\/\/wydawnictwo.ug.edu.pl\/en\/wp-json\/wp\/v2\/types\/product"}],"wp:featuredmedia":[{"embeddable":true,"href":"https:\/\/wydawnictwo.ug.edu.pl\/en\/wp-json\/wp\/v2\/media\/14869"}],"wp:attachment":[{"href":"https:\/\/wydawnictwo.ug.edu.pl\/en\/wp-json\/wp\/v2\/media?parent=46749"}],"wp:term":[{"taxonomy":"journal","embeddable":true,"href":"https:\/\/wydawnictwo.ug.edu.pl\/en\/wp-json\/wp\/v2\/journal?post=46749"},{"taxonomy":"rodzaj","embeddable":true,"href":"https:\/\/wydawnictwo.ug.edu.pl\/en\/wp-json\/wp\/v2\/rodzaj?post=46749"},{"taxonomy":"seria","embeddable":true,"href":"https:\/\/wydawnictwo.ug.edu.pl\/en\/wp-json\/wp\/v2\/seria?post=46749"},{"taxonomy":"product_brand","embeddable":true,"href":"https:\/\/wydawnictwo.ug.edu.pl\/en\/wp-json\/wp\/v2\/product_brand?post=46749"},{"taxonomy":"product_cat","embeddable":true,"href":"https:\/\/wydawnictwo.ug.edu.pl\/en\/wp-json\/wp\/v2\/product_cat?post=46749"},{"taxonomy":"product_tag","embeddable":true,"href":"https:\/\/wydawnictwo.ug.edu.pl\/en\/wp-json\/wp\/v2\/product_tag?post=46749"}],"curies":[{"name":"wp","href":"https:\/\/api.w.org\/{rel}","templated":true}]}}