{"id":46748,"date":"2017-12-01T00:00:00","date_gmt":"2017-12-01T00:00:00","guid":{"rendered":"https:\/\/wydawnictwo.ug.edu.pl\/ksiegarnia-online\/uncategorized\/preparatyka-organiczna-srodkow-farmaceutycznych\/"},"modified":"2026-02-11T15:56:30","modified_gmt":"2026-02-11T15:56:30","slug":"preparatyka-organiczna-srodkow-farmaceutycznych","status":"publish","type":"product","link":"https:\/\/wydawnictwo.ug.edu.pl\/en\/ksiegarnia-online\/chemia-i-fizyka\/preparatyka-organiczna-srodkow-farmaceutycznych\/","title":{"rendered":"Preparatyka organiczna \u015brodk\u00f3w farmaceutycznych"},"content":{"rendered":"","protected":false},"excerpt":{"rendered":"<p>Ksi\u0105\u017cka stanowi zbi\u00f3r procedur syntezy, na skal\u0119 laboratoryjn\u0105, ponad stu preparat\u00f3w organicznych, stosowanych bezpo\u015brednio jako \u015brodki lecznicze b\u0105d\u017a stanowi\u0105cych kluczowe p\u00f3\u0142produkty przy ich produkcji w przemy\u015ble farmaceutycznym. Opisane procedury cechuje zr\u00f3\u017cnicowany stopie\u0144 trudno\u015bci. Niekt\u00f3re s\u0105 na tyle proste, \u017ce mog\u0105 by\u0107 wykorzystywane w ramach podstawowego kursu preparatyki z chemii organicznej. Te bardziej z\u0142o\u017cone doskonale sprawdz\u0105 si\u0119 przy podnoszeniu umiej\u0119tno\u015bci preparatywnych w trakcie kurs\u00f3w zaawansowanej chemii organicznej czy technologii chemicznej. Wszystkie przepisy preparatywne zosta\u0142y opatrzone dodatkowymi wskaz\u00f3wkami, kt\u00f3re u\u0142atwiaj\u0105 monta\u017c niezb\u0119dnych zestaw\u00f3w aparatury chemicznej, a tak\u017ce uwagami pozwalaj\u0105cymi na sprawn\u0105 i bezpieczn\u0105 prac\u0119 laboratoryjn\u0105. Ponadto w podr\u0119czniku podano charakterystyk\u0119 fizyczno-chemiczn\u0105 zar\u00f3wno otrzymywanych p\u00f3\u0142produkt\u00f3w, jak i preparat\u00f3w finalnych, oraz charakterystyk\u0119 spektraln\u0105 uzyskiwanych ostatecznie zwi\u0105zk\u00f3w. Om\u00f3wiono te\u017c prawdopodobny mechanizm reakcji syntezy wi\u0119kszo\u015bci opisanych zwi\u0105zk\u00f3w. W\u0142\u0105czenie do tre\u015bci podr\u0119cznika reakcji charakterystycznych, za pomoc\u0105 kt\u00f3rych student mo\u017ce w prosty spos\u00f3b potwierdzi\u0107 to\u017csamo\u015b\u0107 uzyskanego preparatu, ma na celu pom\u00f3c w utrwaleniu, b\u0105d\u017a poszerzeniu, wiadomo\u015bci z chemii organicznej, co wobec obecnego pe\u0142nego zdominowania analityki jako\u015bciowej przez \u0142atwo dost\u0119pne i szybkie testy wydaje si\u0119 by\u0107 przydatne. Ostatnia cz\u0119\u015b\u0107 podr\u0119cznika po\u015bwi\u0119cona jest wybranym metodom oznaczania zanieczyszcze\u0144, kt\u00f3re mog\u0105 w spos\u00f3b przypadkowy, b\u0105d\u017a wynikaj\u0105cy z toku syntezy, pojawi\u0107 si\u0119 w opisanym preparacie.<\/p>\n","protected":false},"featured_media":14857,"template":"","meta":{"_acf_changed":false},"journal":[],"rodzaj":[7074],"seria":[],"product_brand":[],"product_cat":[7308],"product_tag":[7839,7840],"class_list":{"0":"post-46748","1":"product","2":"type-product","3":"status-publish","4":"has-post-thumbnail","6":"rodzaj-ksiazki","7":"product_cat-chemia-i-fizyka","8":"product_tag-franciszek-kasprzykowski","9":"product_tag-regina-kasprzykowskaregina-kasprzykowska","11":"first","12":"instock","13":"taxable","14":"shipping-taxable","15":"product-type-simple"},"acf":[],"_links":{"self":[{"href":"https:\/\/wydawnictwo.ug.edu.pl\/en\/wp-json\/wp\/v2\/product\/46748","targetHints":{"allow":["GET"]}}],"collection":[{"href":"https:\/\/wydawnictwo.ug.edu.pl\/en\/wp-json\/wp\/v2\/product"}],"about":[{"href":"https:\/\/wydawnictwo.ug.edu.pl\/en\/wp-json\/wp\/v2\/types\/product"}],"wp:featuredmedia":[{"embeddable":true,"href":"https:\/\/wydawnictwo.ug.edu.pl\/en\/wp-json\/wp\/v2\/media\/14857"}],"wp:attachment":[{"href":"https:\/\/wydawnictwo.ug.edu.pl\/en\/wp-json\/wp\/v2\/media?parent=46748"}],"wp:term":[{"taxonomy":"journal","embeddable":true,"href":"https:\/\/wydawnictwo.ug.edu.pl\/en\/wp-json\/wp\/v2\/journal?post=46748"},{"taxonomy":"rodzaj","embeddable":true,"href":"https:\/\/wydawnictwo.ug.edu.pl\/en\/wp-json\/wp\/v2\/rodzaj?post=46748"},{"taxonomy":"seria","embeddable":true,"href":"https:\/\/wydawnictwo.ug.edu.pl\/en\/wp-json\/wp\/v2\/seria?post=46748"},{"taxonomy":"product_brand","embeddable":true,"href":"https:\/\/wydawnictwo.ug.edu.pl\/en\/wp-json\/wp\/v2\/product_brand?post=46748"},{"taxonomy":"product_cat","embeddable":true,"href":"https:\/\/wydawnictwo.ug.edu.pl\/en\/wp-json\/wp\/v2\/product_cat?post=46748"},{"taxonomy":"product_tag","embeddable":true,"href":"https:\/\/wydawnictwo.ug.edu.pl\/en\/wp-json\/wp\/v2\/product_tag?post=46748"}],"curies":[{"name":"wp","href":"https:\/\/api.w.org\/{rel}","templated":true}]}}