{"id":46747,"date":"2017-12-01T00:00:00","date_gmt":"2017-12-01T00:00:00","guid":{"rendered":"https:\/\/wydawnictwo.ug.edu.pl\/ksiegarnia-online\/uncategorized\/aktualne-problemy-prawa-polski-i-ukrainy\/"},"modified":"2026-02-11T15:56:32","modified_gmt":"2026-02-11T15:56:32","slug":"aktualne-problemy-prawa-polski-i-ukrainy","status":"publish","type":"product","link":"https:\/\/wydawnictwo.ug.edu.pl\/en\/ksiegarnia-online\/prawo-i-administracja\/aktualne-problemy-prawa-polski-i-ukrainy\/","title":{"rendered":"Aktualne problemy prawa Polski i Ukrainy"},"content":{"rendered":"","protected":false},"excerpt":{"rendered":"<p>Tom stanowi swoist\u0105 kontynuacj\u0119 publikacji\u00a0<em>Aktualne problemy wsp\u00f3\u0142czesnego konstytucjonalizmu (na przyk\u0142adzie Ukrainy i Rzeczypospolitej Polskiej)<\/em>, jaka ukaza\u0142a si\u0119 w 2017 r. w Kijowie, w\u00a0koedycji obu uniwersytet\u00f3w. Przyj\u0119tym zamiarem jest coroczne, naprzemienne wydawanie prac zbiorowych autorstwa pracownik\u00f3w naukowych obu o\u015brodk\u00f3w. Obu stronom przybli\u017ca to problemy prawne ka\u017cdego z pa\u0144stw. S\u0142u\u017cy to intensyfi kacji wsp\u00f3\u0142pracy, przebiegaj\u0105cej tak\u017ce w innych formach. Jej wyrazem s\u0105 m.in.: udzia\u0142 pracownik\u00f3w z referatami na konferencjach naukowych oraz publikacja artyku\u0142\u00f3w w czasopismach wydzia\u0142owych. Interdyscyplinarne podej\u015bcie s\u0142u\u017cy naukowemu rozwojowi obu o\u015brodk\u00f3w akademickich. Do\u015bwiadczenia polskie mog\u0105 nadto okaza\u0107 si\u0119 przydatne stronie ukrai\u0144skiej na drodze do integracji europejskiej. Prezentacja problem\u00f3w prawnych po stronie ukrai\u0144skiej przybli\u017ca je nauce polskiej, u\u0142atwia zrozumienie zachodz\u0105cych proces\u00f3w oraz dialog w\u00a0rozwoju nauki.<\/p>\n","protected":false},"featured_media":14828,"template":"","meta":{"_acf_changed":false},"journal":[],"rodzaj":[],"seria":[],"product_brand":[],"product_cat":[6932],"product_tag":[7479],"class_list":{"0":"post-46747","1":"product","2":"type-product","3":"status-publish","4":"has-post-thumbnail","6":"product_cat-prawo-i-administracja","7":"product_tag-andrzej-szmyt","9":"first","10":"outofstock","11":"taxable","12":"shipping-taxable","13":"purchasable","14":"product-type-simple"},"acf":[],"_links":{"self":[{"href":"https:\/\/wydawnictwo.ug.edu.pl\/en\/wp-json\/wp\/v2\/product\/46747","targetHints":{"allow":["GET"]}}],"collection":[{"href":"https:\/\/wydawnictwo.ug.edu.pl\/en\/wp-json\/wp\/v2\/product"}],"about":[{"href":"https:\/\/wydawnictwo.ug.edu.pl\/en\/wp-json\/wp\/v2\/types\/product"}],"wp:featuredmedia":[{"embeddable":true,"href":"https:\/\/wydawnictwo.ug.edu.pl\/en\/wp-json\/wp\/v2\/media\/14828"}],"wp:attachment":[{"href":"https:\/\/wydawnictwo.ug.edu.pl\/en\/wp-json\/wp\/v2\/media?parent=46747"}],"wp:term":[{"taxonomy":"journal","embeddable":true,"href":"https:\/\/wydawnictwo.ug.edu.pl\/en\/wp-json\/wp\/v2\/journal?post=46747"},{"taxonomy":"rodzaj","embeddable":true,"href":"https:\/\/wydawnictwo.ug.edu.pl\/en\/wp-json\/wp\/v2\/rodzaj?post=46747"},{"taxonomy":"seria","embeddable":true,"href":"https:\/\/wydawnictwo.ug.edu.pl\/en\/wp-json\/wp\/v2\/seria?post=46747"},{"taxonomy":"product_brand","embeddable":true,"href":"https:\/\/wydawnictwo.ug.edu.pl\/en\/wp-json\/wp\/v2\/product_brand?post=46747"},{"taxonomy":"product_cat","embeddable":true,"href":"https:\/\/wydawnictwo.ug.edu.pl\/en\/wp-json\/wp\/v2\/product_cat?post=46747"},{"taxonomy":"product_tag","embeddable":true,"href":"https:\/\/wydawnictwo.ug.edu.pl\/en\/wp-json\/wp\/v2\/product_tag?post=46747"}],"curies":[{"name":"wp","href":"https:\/\/api.w.org\/{rel}","templated":true}]}}