{"id":46746,"date":"2017-12-01T00:00:00","date_gmt":"2017-12-01T00:00:00","guid":{"rendered":"https:\/\/wydawnictwo.ug.edu.pl\/ksiegarnia-online\/uncategorized\/wlasnosc-zabytku-a-dyskrecjonalna-wladza-konserwatorska\/"},"modified":"2026-02-11T15:56:33","modified_gmt":"2026-02-11T15:56:33","slug":"wlasnosc-zabytku-a-dyskrecjonalna-wladza-konserwatorska","status":"publish","type":"product","link":"https:\/\/wydawnictwo.ug.edu.pl\/en\/ksiegarnia-online\/prawo-i-administracja\/wlasnosc-zabytku-a-dyskrecjonalna-wladza-konserwatorska\/","title":{"rendered":"W\u0142asno\u015b\u0107 zabytku a dyskrecjonalna w\u0142adza konserwatorska"},"content":{"rendered":"","protected":false},"excerpt":{"rendered":"<p>Autorka podejmuje problematyk\u0119 o charakterze teoretycznoprawnym\u00a0instytucji prawa publicznego, w tym m.in. w zakresie szeroko rozumianego\u00a0prawa administracyjnego w zderzeniu z aspektami o charakterze cywilno-prawnym. Donios\u0142e z perspektywy doktrynalnej jest to, \u017ce rozwa\u017cania nie\u00a0koncentruj\u0105 si\u0119 wy\u0142\u0105cznie na szczeg\u00f3\u0142owej charakterystyce rozwi\u0105za\u0144\u00a0prawnopozytywnych, ale zosta\u0142y problemowo osadzone w obr\u0119bie prawa\u00a0konstytucyjnego, cz\u0119\u015bci og\u00f3lnej prawa administracyjnego, formalnego\u00a0prawa administracyjnego, a tak\u017ce &#8211; w odpowiednim zakresie &#8211; w ramach\u00a0materialnego prawa administracyjnego, prawa unijnego i mi\u0119dzynarodowego\u00a0oraz cywilnego i karnego. (&#8230;)\u00a0Ju\u017c w tytule Autorka artyku\u0142uje uwarunkowania w\u0142adztwa dyskrecjonalnego\u00a0organ\u00f3w administracji publicznej wykonuj\u0105cych zadania i kompetencje\u00a0w zakresie konserwatorstwa na podmiotowo umiejscowione prawo w\u0142asno\u015bci\u00a0zabytku. We wsp\u00f3\u0142czesnej polskiej doktrynie prawa ochrony dziedzictwa\u00a0kulturowego problem ten z uwagi na kontekst w\u0142adztwa dyskrecjonalnego nie zosta\u0142 uj\u0119ty tak szeroko, jak ma to miejsce w niniejszej pracy.<\/p>\n<p><em>Z recenzji prof. Piotra Dobosza<\/em><\/p>\n","protected":false},"featured_media":14825,"template":"","meta":{"_acf_changed":false},"journal":[],"rodzaj":[7077,7076],"seria":[7078],"product_brand":[],"product_cat":[6932],"product_tag":[8121],"class_list":{"0":"post-46746","1":"product","2":"type-product","3":"status-publish","4":"has-post-thumbnail","6":"rodzaj-czasopismo","7":"rodzaj-serie-wydawnicze","8":"seria-biblioteka-prawa-ochrony-zabytkow","9":"product_cat-prawo-i-administracja","10":"product_tag-ewelina-kowalskaewelina-kowalska","12":"first","13":"outofstock","14":"taxable","15":"shipping-taxable","16":"purchasable","17":"product-type-simple"},"acf":[],"_links":{"self":[{"href":"https:\/\/wydawnictwo.ug.edu.pl\/en\/wp-json\/wp\/v2\/product\/46746","targetHints":{"allow":["GET"]}}],"collection":[{"href":"https:\/\/wydawnictwo.ug.edu.pl\/en\/wp-json\/wp\/v2\/product"}],"about":[{"href":"https:\/\/wydawnictwo.ug.edu.pl\/en\/wp-json\/wp\/v2\/types\/product"}],"wp:featuredmedia":[{"embeddable":true,"href":"https:\/\/wydawnictwo.ug.edu.pl\/en\/wp-json\/wp\/v2\/media\/14825"}],"wp:attachment":[{"href":"https:\/\/wydawnictwo.ug.edu.pl\/en\/wp-json\/wp\/v2\/media?parent=46746"}],"wp:term":[{"taxonomy":"journal","embeddable":true,"href":"https:\/\/wydawnictwo.ug.edu.pl\/en\/wp-json\/wp\/v2\/journal?post=46746"},{"taxonomy":"rodzaj","embeddable":true,"href":"https:\/\/wydawnictwo.ug.edu.pl\/en\/wp-json\/wp\/v2\/rodzaj?post=46746"},{"taxonomy":"seria","embeddable":true,"href":"https:\/\/wydawnictwo.ug.edu.pl\/en\/wp-json\/wp\/v2\/seria?post=46746"},{"taxonomy":"product_brand","embeddable":true,"href":"https:\/\/wydawnictwo.ug.edu.pl\/en\/wp-json\/wp\/v2\/product_brand?post=46746"},{"taxonomy":"product_cat","embeddable":true,"href":"https:\/\/wydawnictwo.ug.edu.pl\/en\/wp-json\/wp\/v2\/product_cat?post=46746"},{"taxonomy":"product_tag","embeddable":true,"href":"https:\/\/wydawnictwo.ug.edu.pl\/en\/wp-json\/wp\/v2\/product_tag?post=46746"}],"curies":[{"name":"wp","href":"https:\/\/api.w.org\/{rel}","templated":true}]}}