{"id":46745,"date":"2017-12-01T00:00:00","date_gmt":"2017-12-01T00:00:00","guid":{"rendered":"https:\/\/wydawnictwo.ug.edu.pl\/ksiegarnia-online\/uncategorized\/szkola-w-amazonskiej-puszczy\/"},"modified":"2026-02-11T15:56:34","modified_gmt":"2026-02-11T15:56:34","slug":"szkola-w-amazonskiej-puszczy","status":"publish","type":"product","link":"https:\/\/wydawnictwo.ug.edu.pl\/en\/ksiegarnia-online\/etnologia-i-antropologia-kulturowa\/szkola-w-amazonskiej-puszczy\/","title":{"rendered":"Szko\u0142a w amazo\u0144skiej puszczy"},"content":{"rendered":"","protected":false},"excerpt":{"rendered":"<p>Ksi\u0105\u017cka jako pierwsza w Polsce ukazuje zjawisko funkcjonowania szko\u0142y w\u015br\u00f3d lud\u00f3w tubylczych Amazonii. Autor przedstawia w niej szkol\u0119 jako zesp\u00f3\u0142 codziennych. Cielesnych praktyk kulturowych. Dzi\u0119ki kt\u00f3rym spo\u0142eczno\u015bci tubylcze osi\u0105gaj\u0105 cele wytyczane przez ich obrazy \u015bwiata.<\/p>\n<p>Praca powsta\u0142a w oparciu o wieloletnie, pog\u0142\u0119bione badania terenowe w\u015br\u00f3d Indian E\u2019\u00f1ep\u00e1 z Wenezueli. Uzyskany obraz dzia\u0142ania i znaczenia szko\u0142y jest wyj\u0105tkowo kompleksowy. Bogaty w etnograficzne szczeg\u00f3\u0142y, zanurzony w historii i oddaj\u0105cy tubylcze sposoby \u017cycia w \u015bwiecie.<\/p>\n<p>Ksi\u0105\u017cka ma fundamentalne znaczenie dla antropologii szko\u0142y i antropologii edukacji. Jest jedn\u0105 z niewielu nowoczesnych prac skoncentrowanych na uchwyceniu india\u0144skiej perspektywy praktykowania szko\u0142y.<\/p>\n","protected":false},"featured_media":14795,"template":"","meta":{"_acf_changed":false},"journal":[],"rodzaj":[7074],"seria":[],"product_brand":[],"product_cat":[6970],"product_tag":[7402],"class_list":{"0":"post-46745","1":"product","2":"type-product","3":"status-publish","4":"has-post-thumbnail","6":"rodzaj-ksiazki","7":"product_cat-etnologia-i-antropologia-kulturowa","8":"product_tag-tarzycjusz-bulinskitarzycjusz-bulinski","10":"first","11":"outofstock","12":"taxable","13":"shipping-taxable","14":"product-type-simple"},"acf":[],"_links":{"self":[{"href":"https:\/\/wydawnictwo.ug.edu.pl\/en\/wp-json\/wp\/v2\/product\/46745","targetHints":{"allow":["GET"]}}],"collection":[{"href":"https:\/\/wydawnictwo.ug.edu.pl\/en\/wp-json\/wp\/v2\/product"}],"about":[{"href":"https:\/\/wydawnictwo.ug.edu.pl\/en\/wp-json\/wp\/v2\/types\/product"}],"wp:featuredmedia":[{"embeddable":true,"href":"https:\/\/wydawnictwo.ug.edu.pl\/en\/wp-json\/wp\/v2\/media\/14795"}],"wp:attachment":[{"href":"https:\/\/wydawnictwo.ug.edu.pl\/en\/wp-json\/wp\/v2\/media?parent=46745"}],"wp:term":[{"taxonomy":"journal","embeddable":true,"href":"https:\/\/wydawnictwo.ug.edu.pl\/en\/wp-json\/wp\/v2\/journal?post=46745"},{"taxonomy":"rodzaj","embeddable":true,"href":"https:\/\/wydawnictwo.ug.edu.pl\/en\/wp-json\/wp\/v2\/rodzaj?post=46745"},{"taxonomy":"seria","embeddable":true,"href":"https:\/\/wydawnictwo.ug.edu.pl\/en\/wp-json\/wp\/v2\/seria?post=46745"},{"taxonomy":"product_brand","embeddable":true,"href":"https:\/\/wydawnictwo.ug.edu.pl\/en\/wp-json\/wp\/v2\/product_brand?post=46745"},{"taxonomy":"product_cat","embeddable":true,"href":"https:\/\/wydawnictwo.ug.edu.pl\/en\/wp-json\/wp\/v2\/product_cat?post=46745"},{"taxonomy":"product_tag","embeddable":true,"href":"https:\/\/wydawnictwo.ug.edu.pl\/en\/wp-json\/wp\/v2\/product_tag?post=46745"}],"curies":[{"name":"wp","href":"https:\/\/api.w.org\/{rel}","templated":true}]}}