{"id":46742,"date":"2017-12-02T00:00:00","date_gmt":"2017-12-02T00:00:00","guid":{"rendered":"https:\/\/wydawnictwo.ug.edu.pl\/ksiegarnia-online\/uncategorized\/myslenie-obrazem-gdanskie-teatry-plastykow-w-latach-50-i-60-xx-wieku\/"},"modified":"2026-02-11T15:55:00","modified_gmt":"2026-02-11T15:55:00","slug":"myslenie-obrazem-gdanskie-teatry-plastykow-w-latach-50-i-60-xx-wieku","status":"publish","type":"product","link":"https:\/\/wydawnictwo.ug.edu.pl\/en\/ksiegarnia-online\/literaturoznawstwo\/myslenie-obrazem-gdanskie-teatry-plastykow-w-latach-50-i-60-xx-wieku\/","title":{"rendered":"My\u015blenie obrazem. Gda\u0144skie teatry plastyk\u00f3w w latach 50. i 60. XX wieku"},"content":{"rendered":"","protected":false},"excerpt":{"rendered":"<p>Publikacja\u00a0<em>My\u015blenie obrazem<\/em>. <em>Gda\u0144skie teatry plastyk\u00f3w w latach 50. i 60. XX wieku<\/em> jest przyczynkiem do rozpoznania og\u00f3lnych mechanizm\u00f3w kulturowych, inspirowanych \u017cyciem spo\u0142ecznym, polityk\u0105 i lokaln\u0105 specyfik\u0105 miejsca. B\u0119d\u0105cy legend\u0105 ruch artystyczny m\u0142odej polskiej inteligencji lat 50. i 60. XX wieku, z\u0142o\u017cony z r\u00f3\u017cnorodnych tendencji i element\u00f3w, rozpatrywany jest przez autork\u0119 jako spo\u0142eczno-kulturowy performans.<\/p>\n<p>Ksi\u0105\u017cka otrzyma\u0142a <a href=\"https:\/\/wydawnictwo.ug.edu.pl\/nominacje-i-nagrody\/myslenie-obrazem-gdanskie-teatry-plastykow-w-latach-50-i-60-xx-wieku-nominowane-do-nagrody-splendor-gedanensis\/\">nominacj\u0119<\/a> do nagrody Splendor Gedanensis 2018.<\/p>\n","protected":false},"featured_media":14945,"template":"","meta":{"_acf_changed":false},"journal":[],"rodzaj":[7074],"seria":[],"product_brand":[],"product_cat":[6936,6925],"product_tag":[8029],"class_list":{"0":"post-46742","1":"product","2":"type-product","3":"status-publish","4":"has-post-thumbnail","6":"rodzaj-ksiazki","7":"product_cat-historia-sztuki-i-kulturoznawstwo","8":"product_cat-literaturoznawstwo","9":"product_tag-barbara-swiader-puchowska","11":"first","12":"outofstock","13":"taxable","14":"shipping-taxable","15":"product-type-simple"},"acf":[],"_links":{"self":[{"href":"https:\/\/wydawnictwo.ug.edu.pl\/en\/wp-json\/wp\/v2\/product\/46742","targetHints":{"allow":["GET"]}}],"collection":[{"href":"https:\/\/wydawnictwo.ug.edu.pl\/en\/wp-json\/wp\/v2\/product"}],"about":[{"href":"https:\/\/wydawnictwo.ug.edu.pl\/en\/wp-json\/wp\/v2\/types\/product"}],"wp:featuredmedia":[{"embeddable":true,"href":"https:\/\/wydawnictwo.ug.edu.pl\/en\/wp-json\/wp\/v2\/media\/14945"}],"wp:attachment":[{"href":"https:\/\/wydawnictwo.ug.edu.pl\/en\/wp-json\/wp\/v2\/media?parent=46742"}],"wp:term":[{"taxonomy":"journal","embeddable":true,"href":"https:\/\/wydawnictwo.ug.edu.pl\/en\/wp-json\/wp\/v2\/journal?post=46742"},{"taxonomy":"rodzaj","embeddable":true,"href":"https:\/\/wydawnictwo.ug.edu.pl\/en\/wp-json\/wp\/v2\/rodzaj?post=46742"},{"taxonomy":"seria","embeddable":true,"href":"https:\/\/wydawnictwo.ug.edu.pl\/en\/wp-json\/wp\/v2\/seria?post=46742"},{"taxonomy":"product_brand","embeddable":true,"href":"https:\/\/wydawnictwo.ug.edu.pl\/en\/wp-json\/wp\/v2\/product_brand?post=46742"},{"taxonomy":"product_cat","embeddable":true,"href":"https:\/\/wydawnictwo.ug.edu.pl\/en\/wp-json\/wp\/v2\/product_cat?post=46742"},{"taxonomy":"product_tag","embeddable":true,"href":"https:\/\/wydawnictwo.ug.edu.pl\/en\/wp-json\/wp\/v2\/product_tag?post=46742"}],"curies":[{"name":"wp","href":"https:\/\/api.w.org\/{rel}","templated":true}]}}