{"id":46738,"date":"2017-12-02T00:00:00","date_gmt":"2017-12-02T00:00:00","guid":{"rendered":"https:\/\/wydawnictwo.ug.edu.pl\/ksiegarnia-online\/uncategorized\/o-przekladaniu-homera\/"},"modified":"2026-02-11T15:51:09","modified_gmt":"2026-02-11T15:51:09","slug":"o-przekladaniu-homera","status":"publish","type":"product","link":"https:\/\/wydawnictwo.ug.edu.pl\/en\/ksiegarnia-online\/przekladoznawstwo\/o-przekladaniu-homera\/","title":{"rendered":"O przek\u0142adaniu Homera"},"content":{"rendered":"","protected":false},"excerpt":{"rendered":"<p>Matthew Arnold to angielski my\u015bliciel, kt\u00f3rego pogl\u0105dy, nierzadko\u00a0kontrowersyjne, trudno jest ignorowa\u0107 komukolwiek, kto zajmuje\u00a0si\u0119 zagadnieniami szeroko pojmowanej kultury, krytyki spo\u0142ecznej,\u00a0literackiej, my\u015bli religijnej oraz refleksji nad przek\u0142adem. Tej ostatniej s\u0105 po\u015bwi\u0119cone teksty zawarte w niniejszym tomie:\u00a0<em>O przek\u0142a<\/em><em>daniu Homera<\/em>\u00a0(1861) oraz\u00a0<em>O przek\u0142adaniu Homera. Ostatnie s\u0142owa\u00a0<\/em>(1862). Cho\u0107 konkluzjom autora mo\u017cna czasami wiele zarzuci\u0107,\u00a0to niew\u0105tpliwie poruszy\u0142 w swoich wyk\u0142adach wiele fundamentalnych kwestii z dziedziny sztuki przek\u0142adu, kt\u00f3re dzi\u015b potrafi\u0105 gin\u0105\u0107\u00a0w g\u0105szczu bardzo specjalistycznych rozwa\u017ca\u0144 \u2013 Arnold pyta mi\u0119dzy\u00a0innymi, w jaki spos\u00f3b przek\u0142ad ma \u201eporuszy\u0107&#8221; czytelnik\u00f3w, zastanawia si\u0119 nad si\u0142\u0105 oddzia\u0142ywania orygina\u0142u na jego pierwszych\u00a0odbiorc\u00f3w oraz nad tym, czy usuwa\u0107 z przek\u0142adu osobliwo\u015bci\u00a0orygina\u0142u, czy te\u017c raczej stara\u0107 si\u0119 je tam zachowa\u0107, a tak\u017ce usi\u0142uje\u00a0ustali\u0107, kt\u00f3re aspekty orygina\u0142u nale\u017cy w przek\u0142adzie bezwzgl\u0119dnie\u00a0zachowa\u0107.<\/p>\n","protected":false},"featured_media":14776,"template":"","meta":{"_acf_changed":false},"journal":[],"rodzaj":[7074,7076],"seria":[8115],"product_brand":[],"product_cat":[6926],"product_tag":[7993,8116],"class_list":{"0":"post-46738","1":"product","2":"type-product","3":"status-publish","4":"has-post-thumbnail","6":"rodzaj-ksiazki","7":"rodzaj-serie-wydawnicze","8":"seria-europejscy-klasycy-sztuki-przekladu-od-xiv-do-xix-wieku","9":"product_cat-przekladoznawstwo","10":"product_tag-krzysztof-filip-rudolf","11":"product_tag-matthew-arnold","13":"first","14":"outofstock","15":"taxable","16":"shipping-taxable","17":"purchasable","18":"product-type-simple"},"acf":[],"_links":{"self":[{"href":"https:\/\/wydawnictwo.ug.edu.pl\/en\/wp-json\/wp\/v2\/product\/46738","targetHints":{"allow":["GET"]}}],"collection":[{"href":"https:\/\/wydawnictwo.ug.edu.pl\/en\/wp-json\/wp\/v2\/product"}],"about":[{"href":"https:\/\/wydawnictwo.ug.edu.pl\/en\/wp-json\/wp\/v2\/types\/product"}],"wp:featuredmedia":[{"embeddable":true,"href":"https:\/\/wydawnictwo.ug.edu.pl\/en\/wp-json\/wp\/v2\/media\/14776"}],"wp:attachment":[{"href":"https:\/\/wydawnictwo.ug.edu.pl\/en\/wp-json\/wp\/v2\/media?parent=46738"}],"wp:term":[{"taxonomy":"journal","embeddable":true,"href":"https:\/\/wydawnictwo.ug.edu.pl\/en\/wp-json\/wp\/v2\/journal?post=46738"},{"taxonomy":"rodzaj","embeddable":true,"href":"https:\/\/wydawnictwo.ug.edu.pl\/en\/wp-json\/wp\/v2\/rodzaj?post=46738"},{"taxonomy":"seria","embeddable":true,"href":"https:\/\/wydawnictwo.ug.edu.pl\/en\/wp-json\/wp\/v2\/seria?post=46738"},{"taxonomy":"product_brand","embeddable":true,"href":"https:\/\/wydawnictwo.ug.edu.pl\/en\/wp-json\/wp\/v2\/product_brand?post=46738"},{"taxonomy":"product_cat","embeddable":true,"href":"https:\/\/wydawnictwo.ug.edu.pl\/en\/wp-json\/wp\/v2\/product_cat?post=46738"},{"taxonomy":"product_tag","embeddable":true,"href":"https:\/\/wydawnictwo.ug.edu.pl\/en\/wp-json\/wp\/v2\/product_tag?post=46738"}],"curies":[{"name":"wp","href":"https:\/\/api.w.org\/{rel}","templated":true}]}}