{"id":46734,"date":"2017-12-02T00:00:00","date_gmt":"2017-12-02T00:00:00","guid":{"rendered":"https:\/\/wydawnictwo.ug.edu.pl\/ksiegarnia-online\/uncategorized\/tworczosc-tadeusza-rozewicza-w-radiu-studium-przypadku\/"},"modified":"2026-02-11T15:53:29","modified_gmt":"2026-02-11T15:53:29","slug":"tworczosc-tadeusza-rozewicza-w-radiu-studium-przypadku","status":"publish","type":"product","link":"https:\/\/wydawnictwo.ug.edu.pl\/en\/ksiegarnia-online\/literaturoznawstwo\/tworczosc-tadeusza-rozewicza-w-radiu-studium-przypadku\/","title":{"rendered":"Tw\u00f3rczo\u015b\u0107 Tadeusza R\u00f3\u017cewicza w radiu. Studium przypadku"},"content":{"rendered":"","protected":false},"excerpt":{"rendered":"<p>Ksi\u0105\u017cka prof. Barbary Zwoli\u0144skiej nie przynale\u017cy do obszaru\u00a0wiedzy stricte medioznawczej, cho\u0107 w tytule pojawia si\u0119\u00a0\u201eradio&#8221;, ale do bardzo interesuj\u0105cego \u201epogranicza&#8221;, na\u00a0kt\u00f3rym spotykaj\u0105 si\u0119 i\u00a0tw\u00f3rczo przenikaj\u0105 dwa fenomeny:\u00a0indywidualna aktywno\u015b\u0107 artystyczna badanego tw\u00f3rcy\u00a0(tekstowa, dramaturgiczna, poetycka, prozatorska itp.)\u00a0z medium, kt\u00f3re owo dzie\u0142o rezonuje i\u00a0jednocze\u015bnie\u00a0przekszta\u0142ca je zgodnie z\u00a0w\u0142asnymi warsztatowymi mo\u017cliwo\u015bciami (g\u0142\u00f3wnie technicznymi).<\/p>\n<p>Autorka jest literaturoznawczyni\u0105, kt\u00f3ra z du\u017c\u0105 swobod\u0105\u00a0porusza si\u0119 po obszarze polskiej (i\u00a0nie tylko) literatury XIX\u00a0i XX w., ma przy tym zaci\u0119cie analityczno-interpretacyjne,\u00a0chcia\u0142oby si\u0119 rzec z ducha fenomenologii, hermeneutyki,\u00a0antropologii kulturowej i literackiej, mimo wyra\u017anego\u00a0akcentowania poststrukturalizmu jako paradygmatu\u00a0najlepiej opisuj\u0105cego zjawisko artystyczne pod mark\u0105\u00a0\u201eR\u00f3\u017cewicz&#8221;, co oczywi\u015bcie narzuca sama tw\u00f3rczo\u015b\u0107 autora\u00a0<em>Kartoteki<\/em>. Ksi\u0105\u017cka prof. Barbary Zwoli\u0144skiej to rzecz\u00a0niszowa, pionierska, wyj\u0105tkowa zw\u0142aszcza dzisiaj, kiedy\u00a0humani\u015bci tak bardzo si\u0119 powtarzaj\u0105, nie maj\u0105 albo\u00a0pomys\u0142\u00f3w, albo odwagi, by bra\u0107 si\u0119 za sprawy nieopisane\u00a0dot\u0105d dostatecznie, a tak\u0105 w\u0142a\u015bnie spraw\u0105 jest radio i jego\u00a0rola kreacyjna oraz kulturotw\u00f3rcza.<\/p>\n","protected":false},"featured_media":14840,"template":"","meta":{"_acf_changed":false},"journal":[],"rodzaj":[2602],"seria":[],"product_brand":[],"product_cat":[6925],"product_tag":[564],"class_list":{"0":"post-46734","1":"product","2":"type-product","3":"status-publish","4":"has-post-thumbnail","6":"rodzaj-ksiazki","7":"product_cat-literaturoznawstwo","8":"product_tag-barbara-zwolinska","10":"first","11":"outofstock","12":"taxable","13":"shipping-taxable","14":"purchasable","15":"product-type-simple"},"acf":[],"_links":{"self":[{"href":"https:\/\/wydawnictwo.ug.edu.pl\/en\/wp-json\/wp\/v2\/product\/46734","targetHints":{"allow":["GET"]}}],"collection":[{"href":"https:\/\/wydawnictwo.ug.edu.pl\/en\/wp-json\/wp\/v2\/product"}],"about":[{"href":"https:\/\/wydawnictwo.ug.edu.pl\/en\/wp-json\/wp\/v2\/types\/product"}],"wp:featuredmedia":[{"embeddable":true,"href":"https:\/\/wydawnictwo.ug.edu.pl\/en\/wp-json\/wp\/v2\/media\/14840"}],"wp:attachment":[{"href":"https:\/\/wydawnictwo.ug.edu.pl\/en\/wp-json\/wp\/v2\/media?parent=46734"}],"wp:term":[{"taxonomy":"journal","embeddable":true,"href":"https:\/\/wydawnictwo.ug.edu.pl\/en\/wp-json\/wp\/v2\/journal?post=46734"},{"taxonomy":"rodzaj","embeddable":true,"href":"https:\/\/wydawnictwo.ug.edu.pl\/en\/wp-json\/wp\/v2\/rodzaj?post=46734"},{"taxonomy":"seria","embeddable":true,"href":"https:\/\/wydawnictwo.ug.edu.pl\/en\/wp-json\/wp\/v2\/seria?post=46734"},{"taxonomy":"product_brand","embeddable":true,"href":"https:\/\/wydawnictwo.ug.edu.pl\/en\/wp-json\/wp\/v2\/product_brand?post=46734"},{"taxonomy":"product_cat","embeddable":true,"href":"https:\/\/wydawnictwo.ug.edu.pl\/en\/wp-json\/wp\/v2\/product_cat?post=46734"},{"taxonomy":"product_tag","embeddable":true,"href":"https:\/\/wydawnictwo.ug.edu.pl\/en\/wp-json\/wp\/v2\/product_tag?post=46734"}],"curies":[{"name":"wp","href":"https:\/\/api.w.org\/{rel}","templated":true}]}}