{"id":46730,"date":"2017-12-02T00:00:00","date_gmt":"2017-12-02T00:00:00","guid":{"rendered":"https:\/\/wydawnictwo.ug.edu.pl\/ksiegarnia-online\/uncategorized\/w-poszukiwaniu-tozsamosci-jezykowej-tom-iv\/"},"modified":"2026-02-11T15:54:58","modified_gmt":"2026-02-11T15:54:58","slug":"w-poszukiwaniu-tozsamosci-jezykowej-tom-iv","status":"publish","type":"product","link":"https:\/\/wydawnictwo.ug.edu.pl\/en\/ksiegarnia-online\/jezykoznawstwo\/w-poszukiwaniu-tozsamosci-jezykowej-tom-iv\/","title":{"rendered":"W poszukiwaniu to\u017csamo\u015bci j\u0119zykowej. Tom IV"},"content":{"rendered":"","protected":false},"excerpt":{"rendered":"<p>Kolejny tom cyklu monografii,\u00a0kt\u00f3rych tematyka oscyluje wok\u00f3\u0142 szerokiego zakresu zagadnie\u0144 zwi\u0105zanych z j\u0119zykow\u0105\u00a0egzemplifikacj\u0105 samo\u015bwiadomo\u015bci jednostki, stanowi\u0105cych bogate \u017ar\u00f3d\u0142o\u00a0inspiracji dla interdyscyplinarnych dyskusji i bada\u0144 naukowych. Znalaz\u0142y si\u0119 w nim\u00a0teksty dotycz\u0105ce zagadnie\u0144 to\u017csamo\u015bci w j\u0119zyku i kulturze, w opracowaniach leksykograficznych, a tak\u017ce literaturze i przek\u0142adzie.<\/p>\n","protected":false},"featured_media":14948,"template":"","meta":{"_acf_changed":false},"journal":[],"rodzaj":[],"seria":[],"product_brand":[],"product_cat":[6924,6926],"product_tag":[7686,8111],"class_list":{"0":"post-46730","1":"product","2":"type-product","3":"status-publish","4":"has-post-thumbnail","6":"product_cat-jezykoznawstwo","7":"product_cat-przekladoznawstwo","8":"product_tag-anna-hauanna-hau","9":"product_tag-olena-yegorova","11":"first","12":"outofstock","13":"taxable","14":"shipping-taxable","15":"purchasable","16":"product-type-simple"},"acf":[],"_links":{"self":[{"href":"https:\/\/wydawnictwo.ug.edu.pl\/en\/wp-json\/wp\/v2\/product\/46730","targetHints":{"allow":["GET"]}}],"collection":[{"href":"https:\/\/wydawnictwo.ug.edu.pl\/en\/wp-json\/wp\/v2\/product"}],"about":[{"href":"https:\/\/wydawnictwo.ug.edu.pl\/en\/wp-json\/wp\/v2\/types\/product"}],"wp:featuredmedia":[{"embeddable":true,"href":"https:\/\/wydawnictwo.ug.edu.pl\/en\/wp-json\/wp\/v2\/media\/14948"}],"wp:attachment":[{"href":"https:\/\/wydawnictwo.ug.edu.pl\/en\/wp-json\/wp\/v2\/media?parent=46730"}],"wp:term":[{"taxonomy":"journal","embeddable":true,"href":"https:\/\/wydawnictwo.ug.edu.pl\/en\/wp-json\/wp\/v2\/journal?post=46730"},{"taxonomy":"rodzaj","embeddable":true,"href":"https:\/\/wydawnictwo.ug.edu.pl\/en\/wp-json\/wp\/v2\/rodzaj?post=46730"},{"taxonomy":"seria","embeddable":true,"href":"https:\/\/wydawnictwo.ug.edu.pl\/en\/wp-json\/wp\/v2\/seria?post=46730"},{"taxonomy":"product_brand","embeddable":true,"href":"https:\/\/wydawnictwo.ug.edu.pl\/en\/wp-json\/wp\/v2\/product_brand?post=46730"},{"taxonomy":"product_cat","embeddable":true,"href":"https:\/\/wydawnictwo.ug.edu.pl\/en\/wp-json\/wp\/v2\/product_cat?post=46730"},{"taxonomy":"product_tag","embeddable":true,"href":"https:\/\/wydawnictwo.ug.edu.pl\/en\/wp-json\/wp\/v2\/product_tag?post=46730"}],"curies":[{"name":"wp","href":"https:\/\/api.w.org\/{rel}","templated":true}]}}