{"id":46729,"date":"2017-12-02T00:00:00","date_gmt":"2017-12-02T00:00:00","guid":{"rendered":"https:\/\/wydawnictwo.ug.edu.pl\/ksiegarnia-online\/uncategorized\/mieszkaniowy-rachunek-powierniczy-analiza-cywilnoprawna\/"},"modified":"2026-02-11T15:53:32","modified_gmt":"2026-02-11T15:53:32","slug":"mieszkaniowy-rachunek-powierniczy-analiza-cywilnoprawna","status":"publish","type":"product","link":"https:\/\/wydawnictwo.ug.edu.pl\/en\/ksiegarnia-online\/prawo-i-administracja\/mieszkaniowy-rachunek-powierniczy-analiza-cywilnoprawna\/","title":{"rendered":"Mieszkaniowy rachunek powierniczy. Analiza cywilnoprawna"},"content":{"rendered":"","protected":false},"excerpt":{"rendered":"<p>Niniejsze opracowanie, opr\u00f3cz mo\u017cliwie kompleksowego, cywilnoprawnego zaprezentowania instytucji mieszkaniowego rachunku powierniczego, ma na celu przede wszystkim ocen\u0119 jego konstrukcji normatywnej, wyznaczanej w dominuj\u0105cym stopniu przez przepisy ustawy o ochronie praw nabywcy lokalu mieszkalnego lub domu jednorodzinnego. Ocena ta jest dokonywana w zamiarze sformu\u0142owania wniosk\u00f3w ukierunkowanych na udoskonalenie istniej\u0105cego standardu ochrony nabywc\u00f3w poprzez doprecyzowanie obowi\u0105zuj\u0105cych rozwi\u0105za\u0144 normatywnych, a tak\u017ce zbalansowanie relacji pomi\u0119dzy deweloperami a bankami prowadz\u0105cymi mieszkaniowy rachunek powierniczy. W konsekwencji istotny element przeprowadzonej tu analizy stanowi\u0105 wnioski\u00a0<em>de lege ferenda<\/em>, licznie wyra\u017cone w tre\u015bci opracowania, kt\u00f3re zosta\u0142y zgrupowane tak\u017ce we wnioskach ko\u0144cowych pracy.<\/p>\n","protected":false},"featured_media":14812,"template":"","meta":{"_acf_changed":false},"journal":[],"rodzaj":[],"seria":[],"product_brand":[],"product_cat":[6932],"product_tag":[8110],"class_list":{"0":"post-46729","1":"product","2":"type-product","3":"status-publish","4":"has-post-thumbnail","6":"product_cat-prawo-i-administracja","7":"product_tag-bartlomiej-gliniecki","9":"first","10":"outofstock","11":"taxable","12":"shipping-taxable","13":"product-type-simple"},"acf":[],"_links":{"self":[{"href":"https:\/\/wydawnictwo.ug.edu.pl\/en\/wp-json\/wp\/v2\/product\/46729","targetHints":{"allow":["GET"]}}],"collection":[{"href":"https:\/\/wydawnictwo.ug.edu.pl\/en\/wp-json\/wp\/v2\/product"}],"about":[{"href":"https:\/\/wydawnictwo.ug.edu.pl\/en\/wp-json\/wp\/v2\/types\/product"}],"wp:featuredmedia":[{"embeddable":true,"href":"https:\/\/wydawnictwo.ug.edu.pl\/en\/wp-json\/wp\/v2\/media\/14812"}],"wp:attachment":[{"href":"https:\/\/wydawnictwo.ug.edu.pl\/en\/wp-json\/wp\/v2\/media?parent=46729"}],"wp:term":[{"taxonomy":"journal","embeddable":true,"href":"https:\/\/wydawnictwo.ug.edu.pl\/en\/wp-json\/wp\/v2\/journal?post=46729"},{"taxonomy":"rodzaj","embeddable":true,"href":"https:\/\/wydawnictwo.ug.edu.pl\/en\/wp-json\/wp\/v2\/rodzaj?post=46729"},{"taxonomy":"seria","embeddable":true,"href":"https:\/\/wydawnictwo.ug.edu.pl\/en\/wp-json\/wp\/v2\/seria?post=46729"},{"taxonomy":"product_brand","embeddable":true,"href":"https:\/\/wydawnictwo.ug.edu.pl\/en\/wp-json\/wp\/v2\/product_brand?post=46729"},{"taxonomy":"product_cat","embeddable":true,"href":"https:\/\/wydawnictwo.ug.edu.pl\/en\/wp-json\/wp\/v2\/product_cat?post=46729"},{"taxonomy":"product_tag","embeddable":true,"href":"https:\/\/wydawnictwo.ug.edu.pl\/en\/wp-json\/wp\/v2\/product_tag?post=46729"}],"curies":[{"name":"wp","href":"https:\/\/api.w.org\/{rel}","templated":true}]}}