{"id":46726,"date":"2017-12-02T00:00:00","date_gmt":"2017-12-02T00:00:00","guid":{"rendered":"https:\/\/wydawnictwo.ug.edu.pl\/ksiegarnia-online\/uncategorized\/individualasthetische-leitmotive-rainer-maria-rilke-als-deutungs-und-ubersetzungsproblem\/"},"modified":"2026-02-11T15:53:36","modified_gmt":"2026-02-11T15:53:36","slug":"individualasthetische-leitmotive-rainer-maria-rilke-als-deutungs-und-ubersetzungsproblem","status":"publish","type":"product","link":"https:\/\/wydawnictwo.ug.edu.pl\/en\/ksiegarnia-online\/literaturoznawstwo\/individualasthetische-leitmotive-rainer-maria-rilke-als-deutungs-und-ubersetzungsproblem\/","title":{"rendered":"Individual\u00e4sthetische Leitmotive Rainer Maria Rilke als Deutungs- und \u00dcbersetzungsproblem"},"content":{"rendered":"","protected":false},"excerpt":{"rendered":"<p>Die Publikationsreihe Dissertationes Laudatissimae Universitas Gedanensis wurde gegr\u00fcndet, um die Leistungen junger Wissenschaftler, an der Universit\u00e4t Gda\u0144sk neu promovierter Doktoren zu f\u00f6rdern. Sie umfasst die Dissertationen, die vom zust\u00e4ndigen Dekanat und vom Rektorat der Universit\u00e4t Gda\u0144sk ausgezeichnet wurden. Im Rahmen der Reihe erscheinen B\u00fccher aus unterschiedlichen Wissensgebieten und mit unterschiedlicher Thematik. Die Autoren aller dieser B\u00fccher sind Preistr\u00e4ger im Wettbewerb des Prorektors f\u00fcr Forschung und Internationale Zusammenarbeit der Universit\u00e4t Gdansk. Im Anschluss an den Wettbewerb wird den Preistr\u00e4gern ein Druckkostenzuschuss f\u00fcr die Ver\u00f6ffentlichung ihrer herausragenden Dissertationen im Verlag der Universit\u00e4t Gda\u0144sk gew\u00e4hrt. Somit ist das Ziel der Reihe, junge Wissenschaftler zu unterst\u00fctzen und ihre oft sehr interessanten Forschungsprojekte zu w\u00fcrdigen, die sie im Promotionsstudium durchf\u00fchren.<\/p>\n","protected":false},"featured_media":14803,"template":"","meta":{"_acf_changed":false},"journal":[],"rodzaj":[7074,7076],"seria":[7797],"product_brand":[],"product_cat":[6925],"product_tag":[8108],"class_list":{"0":"post-46726","1":"product","2":"type-product","3":"status-publish","4":"has-post-thumbnail","6":"rodzaj-ksiazki","7":"rodzaj-serie-wydawnicze","8":"seria-dissertationes-laudatissimae-universitas-gedanensis","9":"product_cat-literaturoznawstwo","10":"product_tag-adam-gorlikowski","12":"first","13":"outofstock","14":"taxable","15":"shipping-taxable","16":"purchasable","17":"product-type-simple"},"acf":[],"_links":{"self":[{"href":"https:\/\/wydawnictwo.ug.edu.pl\/en\/wp-json\/wp\/v2\/product\/46726","targetHints":{"allow":["GET"]}}],"collection":[{"href":"https:\/\/wydawnictwo.ug.edu.pl\/en\/wp-json\/wp\/v2\/product"}],"about":[{"href":"https:\/\/wydawnictwo.ug.edu.pl\/en\/wp-json\/wp\/v2\/types\/product"}],"wp:featuredmedia":[{"embeddable":true,"href":"https:\/\/wydawnictwo.ug.edu.pl\/en\/wp-json\/wp\/v2\/media\/14803"}],"wp:attachment":[{"href":"https:\/\/wydawnictwo.ug.edu.pl\/en\/wp-json\/wp\/v2\/media?parent=46726"}],"wp:term":[{"taxonomy":"journal","embeddable":true,"href":"https:\/\/wydawnictwo.ug.edu.pl\/en\/wp-json\/wp\/v2\/journal?post=46726"},{"taxonomy":"rodzaj","embeddable":true,"href":"https:\/\/wydawnictwo.ug.edu.pl\/en\/wp-json\/wp\/v2\/rodzaj?post=46726"},{"taxonomy":"seria","embeddable":true,"href":"https:\/\/wydawnictwo.ug.edu.pl\/en\/wp-json\/wp\/v2\/seria?post=46726"},{"taxonomy":"product_brand","embeddable":true,"href":"https:\/\/wydawnictwo.ug.edu.pl\/en\/wp-json\/wp\/v2\/product_brand?post=46726"},{"taxonomy":"product_cat","embeddable":true,"href":"https:\/\/wydawnictwo.ug.edu.pl\/en\/wp-json\/wp\/v2\/product_cat?post=46726"},{"taxonomy":"product_tag","embeddable":true,"href":"https:\/\/wydawnictwo.ug.edu.pl\/en\/wp-json\/wp\/v2\/product_tag?post=46726"}],"curies":[{"name":"wp","href":"https:\/\/api.w.org\/{rel}","templated":true}]}}