{"id":46725,"date":"2017-12-02T00:00:00","date_gmt":"2017-12-02T00:00:00","guid":{"rendered":"https:\/\/wydawnictwo.ug.edu.pl\/ksiegarnia-online\/uncategorized\/w-poszukiwaniu-tozsamosci-jezykowej-tom-iii\/"},"modified":"2026-02-11T15:53:36","modified_gmt":"2026-02-11T15:53:36","slug":"w-poszukiwaniu-tozsamosci-jezykowej-tom-iii","status":"publish","type":"product","link":"https:\/\/wydawnictwo.ug.edu.pl\/en\/ksiegarnia-online\/jezykoznawstwo\/w-poszukiwaniu-tozsamosci-jezykowej-tom-iii\/","title":{"rendered":"W poszukiwaniu to\u017csamo\u015bci j\u0119zykowej. Tom III"},"content":{"rendered":"","protected":false},"excerpt":{"rendered":"<p>Poszukiwanie najskuteczniejszych metod porozumiewania si\u0119 jest dzi\u015b zwi\u0105zane z uwzgl\u0119dnieniem bardzo szerokiej perspektywy zagadnie\u0144 nie tylko j\u0119zykoznawczych, ale i psycholingwistycznych, socjologicznych, kulturowych, zagadnie\u0144 funkcjonowania jednostek w przestrzeni j\u0119zykowo-kulturowej, nieuchronnie prowadz\u0105c do pytania o to\u017csamo\u015b\u0107 j\u0119zykow\u0105 \u2013 zar\u00f3wno indywidualn\u0105, jak i grupow\u0105, narodow\u0105. W tym w\u0142a\u015bnie kontek\u015bcie warto rozpatrywa\u0107 zagadnienia wsp\u00f3\u0142zale\u017cno\u015bci kultury, j\u0119zyka i narodu, a tak\u017ce ich szczeg\u00f3lnej roli w budowaniu w\u0142asnej to\u017csamo\u015bci.<\/p>\n","protected":false},"featured_media":14799,"template":"","meta":{"_acf_changed":false},"journal":[],"rodzaj":[7074],"seria":[],"product_brand":[],"product_cat":[6924],"product_tag":[8107,7472],"class_list":{"0":"post-46725","1":"product","2":"type-product","3":"status-publish","4":"has-post-thumbnail","6":"rodzaj-ksiazki","7":"product_cat-jezykoznawstwo","8":"product_tag-katarzyna-wadolowska-lesner","9":"product_tag-zanna-sladkiewicz","11":"first","12":"outofstock","13":"taxable","14":"shipping-taxable","15":"purchasable","16":"product-type-simple"},"acf":[],"_links":{"self":[{"href":"https:\/\/wydawnictwo.ug.edu.pl\/en\/wp-json\/wp\/v2\/product\/46725","targetHints":{"allow":["GET"]}}],"collection":[{"href":"https:\/\/wydawnictwo.ug.edu.pl\/en\/wp-json\/wp\/v2\/product"}],"about":[{"href":"https:\/\/wydawnictwo.ug.edu.pl\/en\/wp-json\/wp\/v2\/types\/product"}],"wp:featuredmedia":[{"embeddable":true,"href":"https:\/\/wydawnictwo.ug.edu.pl\/en\/wp-json\/wp\/v2\/media\/14799"}],"wp:attachment":[{"href":"https:\/\/wydawnictwo.ug.edu.pl\/en\/wp-json\/wp\/v2\/media?parent=46725"}],"wp:term":[{"taxonomy":"journal","embeddable":true,"href":"https:\/\/wydawnictwo.ug.edu.pl\/en\/wp-json\/wp\/v2\/journal?post=46725"},{"taxonomy":"rodzaj","embeddable":true,"href":"https:\/\/wydawnictwo.ug.edu.pl\/en\/wp-json\/wp\/v2\/rodzaj?post=46725"},{"taxonomy":"seria","embeddable":true,"href":"https:\/\/wydawnictwo.ug.edu.pl\/en\/wp-json\/wp\/v2\/seria?post=46725"},{"taxonomy":"product_brand","embeddable":true,"href":"https:\/\/wydawnictwo.ug.edu.pl\/en\/wp-json\/wp\/v2\/product_brand?post=46725"},{"taxonomy":"product_cat","embeddable":true,"href":"https:\/\/wydawnictwo.ug.edu.pl\/en\/wp-json\/wp\/v2\/product_cat?post=46725"},{"taxonomy":"product_tag","embeddable":true,"href":"https:\/\/wydawnictwo.ug.edu.pl\/en\/wp-json\/wp\/v2\/product_tag?post=46725"}],"curies":[{"name":"wp","href":"https:\/\/api.w.org\/{rel}","templated":true}]}}