{"id":46724,"date":"2017-12-02T00:00:00","date_gmt":"2017-12-02T00:00:00","guid":{"rendered":"https:\/\/wydawnictwo.ug.edu.pl\/ksiegarnia-online\/uncategorized\/autografia\/"},"modified":"2026-02-11T15:51:04","modified_gmt":"2026-02-11T15:51:04","slug":"autografia","status":"publish","type":"product","link":"https:\/\/wydawnictwo.ug.edu.pl\/en\/ksiegarnia-online\/historia-sztuki-i-kulturoznawstwo\/autografia\/","title":{"rendered":"Autografia"},"content":{"rendered":"","protected":false},"excerpt":{"rendered":"<p>Obecnie bardzo niewielu malarzy potrafi wspi\u0105\u0107 si\u0119 na tak wysoki poziom dyskursu filozoficznego. Opr\u00f3cz teologa Jerzego Nowosielskiego s\u0105 to mi\u0119dzy innymi: Stanis\u0142aw Fija\u0142kowski, Stefan Gierowski oraz koncepcyjnie najbli\u017cszy tw\u00f3rczo\u015bci Karoliny Aszyk \u2013 Jan G. Issaieff si\u0119gaj\u0105cy po syntez\u0119 malarstwa ikonowego i Marka Rohtko, a tak\u017ce Stanis\u0142aw J. Wo\u015b.<\/p>\n<p>Szkoda, \u017ce tego typu tw\u00f3rczo\u015b\u0107 jest poza obiegiem Ko\u015bcio\u0142a, jak te\u017c najwa\u017cniejszych galerii i muze\u00f3w pa\u0144stwowych, zainteresowanych g\u0142\u00f3wnie popkultur\u0105 \u2013 taki trend wyznacza europejska moda kulturowa, wynikaj\u0105ca z dominacji koncepcji postsztuki i przekonania o zmierzchu sztuki metafizycznej i cz\u0142owieka jako osoby religijnej, prorokowany od lat sze\u015b\u0107dziesi\u0105tych XX wieku przez filozofi\u0119 francusk\u0105 spod znaku postmodernizmu filozoficznego. Jestem przekonany, \u017ce zbyt szybko uwierzono w te argumenty.<\/p>\n<p>Malarstwo tworzone przez Karolin\u0119 jest bardzo trudne, bo przeznaczone dla os\u00f3b wierz\u0105cych i niejako z g\u00f3ry skazane na pora\u017ck\u0119, gdy\u017c nawet najwi\u0119ksi malarze XX wieku podejmuj\u0105cy tematy religijne mieli \u015bwiadomo\u015b\u0107 niedoskona\u0142o\u015bci swej wypowiedzi artystycznej. Mog\u0105 budzi\u0107 zastrze\u017cenia eksploracje na temat\u00a0<em>Przej\u015bcia.\u00a0<\/em>Ale powinno\u015bci\u0105 artysty jest zg\u0142\u0119bianie problemu tajemnicy \u015bmierci i tego, co b\u0119dzie po, gdy\u017c zawsze by\u0142 to jeden z najwa\u017cniejszych temat\u00f3w sztuki i s\u0105dz\u0119, \u017ce w dalszym ci\u0105gu nim b\u0119dzie. Nadal jest najwa\u017cniejszym problemem artystycznym, ale niewielu tw\u00f3rc\u00f3w zdaje sobie z tego spraw\u0119.<\/p>\n<p>Tw\u00f3rczo\u015b\u0107, kt\u00f3rej nie zna\u0142em a\u017c do marca 2009, mimo \u017ce zna\u0142em Autork\u0119, wywo\u0142a\u0142a we mnie uczucie rado\u015bci o przes\u0142aniu religijnym, dlatego bardzo gor\u0105co j\u0105 polecam wszystkim poszukuj\u0105cym w sztuce warto\u015bci teologicznych, a nie rozrywki.<\/p>\n<p><em>Fragment \u201eAutoportret\u00f3w wobec \u015bmieci\u201d Krzysztofa Jureckiego<\/em><\/p>\n","protected":false},"featured_media":14796,"template":"","meta":{"_acf_changed":false},"journal":[],"rodzaj":[7074],"seria":[],"product_brand":[],"product_cat":[6936],"product_tag":[],"class_list":{"0":"post-46724","1":"product","2":"type-product","3":"status-publish","4":"has-post-thumbnail","6":"rodzaj-ksiazki","7":"product_cat-historia-sztuki-i-kulturoznawstwo","9":"first","10":"instock","11":"taxable","12":"shipping-taxable","13":"purchasable","14":"product-type-simple"},"acf":[],"_links":{"self":[{"href":"https:\/\/wydawnictwo.ug.edu.pl\/en\/wp-json\/wp\/v2\/product\/46724","targetHints":{"allow":["GET"]}}],"collection":[{"href":"https:\/\/wydawnictwo.ug.edu.pl\/en\/wp-json\/wp\/v2\/product"}],"about":[{"href":"https:\/\/wydawnictwo.ug.edu.pl\/en\/wp-json\/wp\/v2\/types\/product"}],"wp:featuredmedia":[{"embeddable":true,"href":"https:\/\/wydawnictwo.ug.edu.pl\/en\/wp-json\/wp\/v2\/media\/14796"}],"wp:attachment":[{"href":"https:\/\/wydawnictwo.ug.edu.pl\/en\/wp-json\/wp\/v2\/media?parent=46724"}],"wp:term":[{"taxonomy":"journal","embeddable":true,"href":"https:\/\/wydawnictwo.ug.edu.pl\/en\/wp-json\/wp\/v2\/journal?post=46724"},{"taxonomy":"rodzaj","embeddable":true,"href":"https:\/\/wydawnictwo.ug.edu.pl\/en\/wp-json\/wp\/v2\/rodzaj?post=46724"},{"taxonomy":"seria","embeddable":true,"href":"https:\/\/wydawnictwo.ug.edu.pl\/en\/wp-json\/wp\/v2\/seria?post=46724"},{"taxonomy":"product_brand","embeddable":true,"href":"https:\/\/wydawnictwo.ug.edu.pl\/en\/wp-json\/wp\/v2\/product_brand?post=46724"},{"taxonomy":"product_cat","embeddable":true,"href":"https:\/\/wydawnictwo.ug.edu.pl\/en\/wp-json\/wp\/v2\/product_cat?post=46724"},{"taxonomy":"product_tag","embeddable":true,"href":"https:\/\/wydawnictwo.ug.edu.pl\/en\/wp-json\/wp\/v2\/product_tag?post=46724"}],"curies":[{"name":"wp","href":"https:\/\/api.w.org\/{rel}","templated":true}]}}