{"id":46721,"date":"2017-12-03T00:00:00","date_gmt":"2017-12-03T00:00:00","guid":{"rendered":"https:\/\/wydawnictwo.ug.edu.pl\/ksiegarnia-online\/uncategorized\/matematyka-dyskretna\/"},"modified":"2026-02-11T15:51:16","modified_gmt":"2026-02-11T15:51:16","slug":"matematyka-dyskretna","status":"publish","type":"product","link":"https:\/\/wydawnictwo.ug.edu.pl\/en\/ksiegarnia-online\/matematyka-i-informatyka\/matematyka-dyskretna\/","title":{"rendered":"Matematyka dyskretna"},"content":{"rendered":"","protected":false},"excerpt":{"rendered":"<p>Jest to kolejne, poprawione, wydanie. G\u0142\u00f3wnym celem przedstawionego wyk\u0142adu jest przygotowanie do dalszego studiowania informatyki, a w szczeg\u00f3lno\u015bci do nauki projektowania algorytm\u00f3w. Podr\u0119cznik zawiera podstawowe wiadomo\u015bci z tzw. matematyki dyskretnej, czyli z arytmetyki, kombinatoryki, funkcji logicznych i teorii liczb. Zawiera tak\u017ce wiele przyk\u0142ad\u00f3w algorytm\u00f3w oraz zadania algorytmiczne do samodzielnego rozwi\u0105zania.<\/p>\n","protected":false},"featured_media":14905,"template":"","meta":{"_acf_changed":false},"journal":[],"rodzaj":[7330],"seria":[],"product_brand":[],"product_cat":[7309],"product_tag":[8106],"class_list":{"0":"post-46721","1":"product","2":"type-product","3":"status-publish","4":"has-post-thumbnail","6":"rodzaj-schoolbook","7":"product_cat-matematyka-i-informatyka","8":"product_tag-andrzej-szepietowski","10":"first","11":"instock","12":"taxable","13":"shipping-taxable","14":"purchasable","15":"product-type-simple"},"acf":[],"_links":{"self":[{"href":"https:\/\/wydawnictwo.ug.edu.pl\/en\/wp-json\/wp\/v2\/product\/46721","targetHints":{"allow":["GET"]}}],"collection":[{"href":"https:\/\/wydawnictwo.ug.edu.pl\/en\/wp-json\/wp\/v2\/product"}],"about":[{"href":"https:\/\/wydawnictwo.ug.edu.pl\/en\/wp-json\/wp\/v2\/types\/product"}],"wp:featuredmedia":[{"embeddable":true,"href":"https:\/\/wydawnictwo.ug.edu.pl\/en\/wp-json\/wp\/v2\/media\/14905"}],"wp:attachment":[{"href":"https:\/\/wydawnictwo.ug.edu.pl\/en\/wp-json\/wp\/v2\/media?parent=46721"}],"wp:term":[{"taxonomy":"journal","embeddable":true,"href":"https:\/\/wydawnictwo.ug.edu.pl\/en\/wp-json\/wp\/v2\/journal?post=46721"},{"taxonomy":"rodzaj","embeddable":true,"href":"https:\/\/wydawnictwo.ug.edu.pl\/en\/wp-json\/wp\/v2\/rodzaj?post=46721"},{"taxonomy":"seria","embeddable":true,"href":"https:\/\/wydawnictwo.ug.edu.pl\/en\/wp-json\/wp\/v2\/seria?post=46721"},{"taxonomy":"product_brand","embeddable":true,"href":"https:\/\/wydawnictwo.ug.edu.pl\/en\/wp-json\/wp\/v2\/product_brand?post=46721"},{"taxonomy":"product_cat","embeddable":true,"href":"https:\/\/wydawnictwo.ug.edu.pl\/en\/wp-json\/wp\/v2\/product_cat?post=46721"},{"taxonomy":"product_tag","embeddable":true,"href":"https:\/\/wydawnictwo.ug.edu.pl\/en\/wp-json\/wp\/v2\/product_tag?post=46721"}],"curies":[{"name":"wp","href":"https:\/\/api.w.org\/{rel}","templated":true}]}}