{"id":46719,"date":"2017-12-03T00:00:00","date_gmt":"2017-12-03T00:00:00","guid":{"rendered":"https:\/\/wydawnictwo.ug.edu.pl\/ksiegarnia-online\/uncategorized\/dialogi-dziel-dawnych-studia-o-intertekstualnosci-literatury-staropolskiej\/"},"modified":"2026-02-11T15:51:18","modified_gmt":"2026-02-11T15:51:18","slug":"dialogi-dziel-dawnych-studia-o-intertekstualnosci-literatury-staropolskiej","status":"publish","type":"product","link":"https:\/\/wydawnictwo.ug.edu.pl\/en\/ksiegarnia-online\/literaturoznawstwo\/dialogi-dziel-dawnych-studia-o-intertekstualnosci-literatury-staropolskiej\/","title":{"rendered":"Dialogi dzie\u0142 dawnych. Studia o intertekstualno\u015bci literatury staropolskiej"},"content":{"rendered":"","protected":false},"excerpt":{"rendered":"<p>Ksi\u0105\u017cka zwiera osiem rozpraw, sk\u0142adaj\u0105cych\u00a0si\u0119 na map\u0119 r\u00f3\u017cnorodnych zjawisk zwi\u0105zanych\u00a0z problematyk\u0105 intertekstualno\u015bci i intersemiotyczno\u015bci literatury polskiego baroku.\u00a0Analizuj\u0105 one tw\u00f3rcze i odtw\u00f3rcze sposoby\u00a0wykorzystywania przez dawnych poet\u00f3w wierszy poprzednik\u00f3w oraz wsp\u00f3\u0142czesnych im\u00a0rycin. Ukazuj\u0105 z\u0142o\u017cone mechanizmy importu\u00a0tekst\u00f3w zachodnich (na przyk\u0142adzie emblematycznego zbioru<em>\u00a0Pia desideria<\/em>) oraz eksportu\u00a0na wsch\u00f3d tekst\u00f3w polskoj\u0119zycznych (na przyk\u0142adzie rosyjskiej adaptacji\u00a0<em>Sowi\u017arza\u0142a<\/em>).\u00a0Osobne opracowania po\u015bwi\u0119cono poetyce staropolskiej recenzji, heterogeniczno\u015bci tekstu\u00a0w obiegu czytelniczym, a tak\u017ce mechanizmom,\u00a0kt\u00f3re doprowadzi\u0142y do wykreowania Biernata\u00a0z Lublina na pierwszego rodzimego paremiografa. Erudycyjne studia zosta\u0142y napisane nie\u00a0tylko z dobr\u0105 znajomo\u015bci\u0105 zr\u00f3\u017cnicowanej\u00a0tematyki, ale tak\u017ce z badawczym temperamentem i swad\u0105.<\/p>\n<p>Ksi\u0105\u017cka otrzyma\u0142a <a href=\"https:\/\/wydawnictwo.ug.edu.pl\/nominacje-i-nagrody\/nagrody-w-konkursie-academia-2019-dla-ksiazkek-dialogi-dziel-dawnych-i-estetyka-prawa\/\">specjaln\u0105 nagrod\u0119<\/a> za opracowanie edytorskie w konkursie ACADEMIA 2019.<\/p>\n","protected":false},"featured_media":14846,"template":"","meta":{"_acf_changed":false},"journal":[],"rodzaj":[7074],"seria":[],"product_brand":[],"product_cat":[6925],"product_tag":[8105],"class_list":{"0":"post-46719","1":"product","2":"type-product","3":"status-publish","4":"has-post-thumbnail","6":"rodzaj-ksiazki","7":"product_cat-literaturoznawstwo","8":"product_tag-radoslaw-grzeskowiakradoslaw-grzeskowiak","10":"first","11":"outofstock","12":"taxable","13":"shipping-taxable","14":"product-type-simple"},"acf":[],"_links":{"self":[{"href":"https:\/\/wydawnictwo.ug.edu.pl\/en\/wp-json\/wp\/v2\/product\/46719","targetHints":{"allow":["GET"]}}],"collection":[{"href":"https:\/\/wydawnictwo.ug.edu.pl\/en\/wp-json\/wp\/v2\/product"}],"about":[{"href":"https:\/\/wydawnictwo.ug.edu.pl\/en\/wp-json\/wp\/v2\/types\/product"}],"wp:featuredmedia":[{"embeddable":true,"href":"https:\/\/wydawnictwo.ug.edu.pl\/en\/wp-json\/wp\/v2\/media\/14846"}],"wp:attachment":[{"href":"https:\/\/wydawnictwo.ug.edu.pl\/en\/wp-json\/wp\/v2\/media?parent=46719"}],"wp:term":[{"taxonomy":"journal","embeddable":true,"href":"https:\/\/wydawnictwo.ug.edu.pl\/en\/wp-json\/wp\/v2\/journal?post=46719"},{"taxonomy":"rodzaj","embeddable":true,"href":"https:\/\/wydawnictwo.ug.edu.pl\/en\/wp-json\/wp\/v2\/rodzaj?post=46719"},{"taxonomy":"seria","embeddable":true,"href":"https:\/\/wydawnictwo.ug.edu.pl\/en\/wp-json\/wp\/v2\/seria?post=46719"},{"taxonomy":"product_brand","embeddable":true,"href":"https:\/\/wydawnictwo.ug.edu.pl\/en\/wp-json\/wp\/v2\/product_brand?post=46719"},{"taxonomy":"product_cat","embeddable":true,"href":"https:\/\/wydawnictwo.ug.edu.pl\/en\/wp-json\/wp\/v2\/product_cat?post=46719"},{"taxonomy":"product_tag","embeddable":true,"href":"https:\/\/wydawnictwo.ug.edu.pl\/en\/wp-json\/wp\/v2\/product_tag?post=46719"}],"curies":[{"name":"wp","href":"https:\/\/api.w.org\/{rel}","templated":true}]}}