{"id":46717,"date":"2017-12-06T00:00:00","date_gmt":"2017-12-06T00:00:00","guid":{"rendered":"https:\/\/wydawnictwo.ug.edu.pl\/ksiegarnia-online\/uncategorized\/dialogi-o-kulturze-kultury-dialogu\/"},"modified":"2026-02-11T15:51:23","modified_gmt":"2026-02-11T15:51:23","slug":"dialogi-o-kulturze-kultury-dialogu","status":"publish","type":"product","link":"https:\/\/wydawnictwo.ug.edu.pl\/en\/ksiegarnia-online\/jezykoznawstwo\/dialogi-o-kulturze-kultury-dialogu\/","title":{"rendered":"Dialogi o kulturze. Kultury Dialogu. Jubileusz Profesora Hieronima Chojnackiego"},"content":{"rendered":"","protected":false},"excerpt":{"rendered":"<p>Tom po\u015bwi\u0119cono profesorowi Hieronimowi Chojnackiemu. Zainteresowania naukowe Jubilata w ostatnich dekadach ogniskuj\u0105 si\u0119 wok\u00f3\u0142 szeroko definiowanej kultury pa\u0144stw nordyckich, natomiast postaw\u0105 blisk\u0105 mu jako cz\u0142owiekowi i badaczowi jest spotkanie \u2013 prowadz\u0105ce do wymiany s\u0142\u00f3w, my\u015bli, warto\u015bci oraz do\u015bwiadcze\u0144. Pomimo r\u00f3\u017cnorodno\u015bci tematycznej rozdzia\u0142y sk\u0142adaj\u0105ce si\u0119 na publikacj\u0119 tworz\u0105 sp\u00f3jn\u0105 ca\u0142o\u015b\u0107. Z jednej strony w tekstach jest mowa o kulturze dialogu; zawieraj\u0105 one mi\u0119dzy innymi rozwa\u017cania o pu\u0142apkach logiczno\u015bci czy relacj\u0119 o polskich uchod\u017acach w Iranie w czasie II wojny \u015bwiatowej, \u015bwiadcz\u0105c\u0105 o dialogu mi\u0119dzy narodami o\u00a0odmiennych kulturach. Z drugiej strony s\u0142u\u017c\u0105 namys\u0142owi nad narz\u0119dziem\u00a0dialogu, czyli j\u0119zykiem, sk\u0142aniaj\u0105 do zastanowienia nad jego konstrukcj\u0105, rozwojem w kontaktach z innymi j\u0119zykami i relacjami z rzeczywisto\u015bci\u0105. Ksi\u0105\u017cka zawiera ponadto studia dotycz\u0105ce wybranych aspekt\u00f3w kultury i literatury kraj\u00f3w nordyckich, akcentuj\u0105ce element kontakt\u00f3w mi\u0119dzykulturowych, wykorzystuj\u0105ce perspektyw\u0119 transdyscyplinarn\u0105 oraz proponuj\u0105ce reinterpretacj\u0119 pozornie znanych zjawisk.<\/p>\n<p>Studia P\u00f3\u0142nocnoeuropejskie to seria promuj\u0105ca naukowe eksploracje i badawcze pasje pracownik\u00f3w gda\u0144skiej skandynawistyki oraz zapraszanych do wsp\u00f3\u0142pracy badaczy z innych o\u015brodk\u00f3w akademickich. Planowane s\u0105 r\u00f3wnie\u017c tomy prezentuj\u0105ce studenck\u0105 aktywno\u015b\u0107 naukow\u0105.<\/p>\n<p>Publikacje tworz\u0105ce profil serii \u015bwiadcz\u0105 o ustawicznym redefiniowaniu i poszerzaniu obszar\u00f3w kulturowych eksplorowanych przez gda\u0144skich skandynawist\u00f3w i ich zainteresowaniu dynamik\u0105 proces\u00f3w zachodz\u0105cych na styku kultur.<\/p>\n","protected":false},"featured_media":14911,"template":"","meta":{"_acf_changed":false},"journal":[],"rodzaj":[7074,7076],"seria":[7119],"product_brand":[],"product_cat":[6924],"product_tag":[7453,7776],"class_list":{"0":"post-46717","1":"product","2":"type-product","3":"status-publish","4":"has-post-thumbnail","6":"rodzaj-ksiazki","7":"rodzaj-serie-wydawnicze","8":"seria-studia-polnocnoeuropejskie","9":"product_cat-jezykoznawstwo","10":"product_tag-hanna-dymel-trzebiatowskahanna-dymel-trzebiatowska","11":"product_tag-maria-sibinska","13":"first","14":"outofstock","15":"taxable","16":"shipping-taxable","17":"purchasable","18":"product-type-simple"},"acf":[],"_links":{"self":[{"href":"https:\/\/wydawnictwo.ug.edu.pl\/en\/wp-json\/wp\/v2\/product\/46717","targetHints":{"allow":["GET"]}}],"collection":[{"href":"https:\/\/wydawnictwo.ug.edu.pl\/en\/wp-json\/wp\/v2\/product"}],"about":[{"href":"https:\/\/wydawnictwo.ug.edu.pl\/en\/wp-json\/wp\/v2\/types\/product"}],"wp:featuredmedia":[{"embeddable":true,"href":"https:\/\/wydawnictwo.ug.edu.pl\/en\/wp-json\/wp\/v2\/media\/14911"}],"wp:attachment":[{"href":"https:\/\/wydawnictwo.ug.edu.pl\/en\/wp-json\/wp\/v2\/media?parent=46717"}],"wp:term":[{"taxonomy":"journal","embeddable":true,"href":"https:\/\/wydawnictwo.ug.edu.pl\/en\/wp-json\/wp\/v2\/journal?post=46717"},{"taxonomy":"rodzaj","embeddable":true,"href":"https:\/\/wydawnictwo.ug.edu.pl\/en\/wp-json\/wp\/v2\/rodzaj?post=46717"},{"taxonomy":"seria","embeddable":true,"href":"https:\/\/wydawnictwo.ug.edu.pl\/en\/wp-json\/wp\/v2\/seria?post=46717"},{"taxonomy":"product_brand","embeddable":true,"href":"https:\/\/wydawnictwo.ug.edu.pl\/en\/wp-json\/wp\/v2\/product_brand?post=46717"},{"taxonomy":"product_cat","embeddable":true,"href":"https:\/\/wydawnictwo.ug.edu.pl\/en\/wp-json\/wp\/v2\/product_cat?post=46717"},{"taxonomy":"product_tag","embeddable":true,"href":"https:\/\/wydawnictwo.ug.edu.pl\/en\/wp-json\/wp\/v2\/product_tag?post=46717"}],"curies":[{"name":"wp","href":"https:\/\/api.w.org\/{rel}","templated":true}]}}