{"id":46715,"date":"2017-12-30T00:00:00","date_gmt":"2017-12-30T00:00:00","guid":{"rendered":"https:\/\/wydawnictwo.ug.edu.pl\/ksiegarnia-online\/uncategorized\/kino-w-miescie-miasto-w-kinie-petersburska-tworczosc-filmowa-w-czasie-transformacji\/"},"modified":"2026-02-11T15:48:44","modified_gmt":"2026-02-11T15:48:44","slug":"kino-w-miescie-miasto-w-kinie-petersburska-tworczosc-filmowa-w-czasie-transformacji","status":"publish","type":"product","link":"https:\/\/wydawnictwo.ug.edu.pl\/en\/ksiegarnia-online\/sztuka\/kino-w-miescie-miasto-w-kinie-petersburska-tworczosc-filmowa-w-czasie-transformacji\/","title":{"rendered":"Kino w mie\u015bcie. Miasto w kinie. Petersburska tw\u00f3rczo\u015b\u0107 filmowa w czasie transformacji"},"content":{"rendered":"","protected":false},"excerpt":{"rendered":"<p><span style=\"color: #ff0000;\"><strong>Produkt niedost\u0119pny w sprzeda\u017cy<\/strong><\/span><\/p>\n<p>Ksi\u0105\u017cka ta przedstawia fenomen kinematografii petersburskiej w okresie pierestrojki i postpierestrojki. Osadzony jest on w kontek\u015bcie historycznym oraz tzw. \u201etekstu petersburskiego\u201d, czyli literatury zwi\u0105zanej z miastem. Opisane s\u0105 r\u00f3wnie\u017c: rozw\u00f3j Lenfilmu, przekszta\u0142cenia zwi\u0105zane z transformacja ustrojow\u0105, a tak\u017ce kszta\u0142towanie si\u0119 studi\u00f3w prywatnych, takich jak STW. Szczeg\u00f3ln\u0105 uwag\u0119 po\u015bwi\u0119cono najwi\u0119kszym tw\u00f3rcom zwi\u0105zanym z miastem, takim jak Aleksiej German, Aleksiej Balabanow czy Aleksander Sokurow, oraz wa\u017cniejszym grupom tw\u00f3rczym. Na ko\u0144cu za\u015b przedstawiony jest spos\u00f3b obrazowania przestrzeni petersburskiej w omawianym okresie, ze szczeg\u00f3lnym uwzgl\u0119dnieniem bardzo popularnego w latach 90. XX wieku stylu zwanego \u201eczarnuch\u0105\u201d. Ca\u0142o\u015b\u0107 tekstu skupia si\u0119 na dwuznacznym wymiarze miasta, jego symbolice i wp\u0142ywie, jaki mia\u0142o ono na tworz\u0105cych w nim artyst\u00f3w i ich dzie\u0142a, stara si\u0119 przedstawi\u0107 specyfik\u0119 tw\u00f3rczo\u015bci petersburskiej i inspiracji zwi\u0105zanych z miastem.<\/p>\n","protected":false},"featured_media":14774,"template":"","meta":{"_acf_changed":false},"journal":[],"rodzaj":[7074,7076],"seria":[7629],"product_brand":[],"product_cat":[6939],"product_tag":[8102],"class_list":{"0":"post-46715","1":"product","2":"type-product","3":"status-publish","4":"has-post-thumbnail","6":"rodzaj-ksiazki","7":"rodzaj-serie-wydawnicze","8":"seria-linia-filmowa","9":"product_cat-sztuka","10":"product_tag-masa-gustinmasa-gustin","12":"first","13":"outofstock","14":"taxable","15":"shipping-taxable","16":"product-type-simple"},"acf":[],"_links":{"self":[{"href":"https:\/\/wydawnictwo.ug.edu.pl\/en\/wp-json\/wp\/v2\/product\/46715","targetHints":{"allow":["GET"]}}],"collection":[{"href":"https:\/\/wydawnictwo.ug.edu.pl\/en\/wp-json\/wp\/v2\/product"}],"about":[{"href":"https:\/\/wydawnictwo.ug.edu.pl\/en\/wp-json\/wp\/v2\/types\/product"}],"wp:featuredmedia":[{"embeddable":true,"href":"https:\/\/wydawnictwo.ug.edu.pl\/en\/wp-json\/wp\/v2\/media\/14774"}],"wp:attachment":[{"href":"https:\/\/wydawnictwo.ug.edu.pl\/en\/wp-json\/wp\/v2\/media?parent=46715"}],"wp:term":[{"taxonomy":"journal","embeddable":true,"href":"https:\/\/wydawnictwo.ug.edu.pl\/en\/wp-json\/wp\/v2\/journal?post=46715"},{"taxonomy":"rodzaj","embeddable":true,"href":"https:\/\/wydawnictwo.ug.edu.pl\/en\/wp-json\/wp\/v2\/rodzaj?post=46715"},{"taxonomy":"seria","embeddable":true,"href":"https:\/\/wydawnictwo.ug.edu.pl\/en\/wp-json\/wp\/v2\/seria?post=46715"},{"taxonomy":"product_brand","embeddable":true,"href":"https:\/\/wydawnictwo.ug.edu.pl\/en\/wp-json\/wp\/v2\/product_brand?post=46715"},{"taxonomy":"product_cat","embeddable":true,"href":"https:\/\/wydawnictwo.ug.edu.pl\/en\/wp-json\/wp\/v2\/product_cat?post=46715"},{"taxonomy":"product_tag","embeddable":true,"href":"https:\/\/wydawnictwo.ug.edu.pl\/en\/wp-json\/wp\/v2\/product_tag?post=46715"}],"curies":[{"name":"wp","href":"https:\/\/api.w.org\/{rel}","templated":true}]}}