{"id":46710,"date":"2018-11-30T00:00:00","date_gmt":"2018-11-30T00:00:00","guid":{"rendered":"https:\/\/wydawnictwo.ug.edu.pl\/ksiegarnia-online\/uncategorized\/o-poetach-i-poezji-od-antyku-po-wspolczesnosc\/"},"modified":"2026-02-11T15:45:28","modified_gmt":"2026-02-11T15:45:28","slug":"o-poetach-i-poezji-od-antyku-po-wspolczesnosc","status":"publish","type":"product","link":"https:\/\/wydawnictwo.ug.edu.pl\/en\/ksiegarnia-online\/literaturoznawstwo\/o-poetach-i-poezji-od-antyku-po-wspolczesnosc\/","title":{"rendered":"O poetach i poezji. Od antyku po wsp\u00f3\u0142czesno\u015b\u0107"},"content":{"rendered":"","protected":false},"excerpt":{"rendered":"<p>Ksi\u0105\u017cka\u00a0<em>O poetach i poezji. Od antyku po wsp\u00f3\u0142czesno\u015b\u0107<\/em>\u00a0to rodzaj jubileuszowego prezentu, przygotowanego wsp\u00f3lnie przez znajomych i uczni\u00f3w Profesor dr hab. Zofii G\u0142ombiowskiej \u2013 wybitnej badaczki poezji nowo\u0142aci\u0144skiej i staro\u017cytnej. Prezentowane studia tworz\u0105 pi\u0119\u0107 odr\u0119bnych grup. W pierwszej \u2013\u00a0<em>Sztuka poetycka staro\u017cytnych Grek\u00f3w i Rzymian<\/em>\u00a0\u2013 znalaz\u0142y si\u0119 teksty dotycz\u0105ce poezji antycznej: z zakresu teorii i praktyki literackiej. Cz\u0119\u015b\u0107 druga \u2013\u00a0<em>W dialogu z przesz\u0142o\u015bci\u0105\u00a0<\/em>\u2013 zawiera artyku\u0142y neolatynistyczne o poezji doby wczesnonowo\u017cytnej. W cz\u0119\u015bci trzeciej, kt\u00f3ra nosi tytu\u0142\u00a0<em>Polskie echa \u015br\u00f3dziemnomorskie<\/em>,\u00a0zamieszczono dwa teksty o recepcji antyku (tw\u00f3rczo\u015b\u0107 Jana Kochanowskiego i Adama Mickiewicza). Inaczej natomiast prezentuje si\u0119 tematyka pozosta\u0142ych dzia\u0142\u00f3w, skierowanych ku wsp\u00f3\u0142czesno\u015bci. W cz\u0119\u015bci czwartej znalaz\u0142y si\u0119 propozycje przek\u0142ad\u00f3w na j\u0119zyk polski utwor\u00f3w poetyckich z grecko-rzymskiego antyku i \u015bredniowiecza; dzia\u0142 ostatni tworzy recenzja jednej z najnowszych inscenizacji\u00a0<em>Trojanek<\/em>\u00a0Eurypidesa.<\/p>\n","protected":false},"featured_media":17488,"template":"","meta":{"_acf_changed":false},"journal":[],"rodzaj":[7074],"seria":[],"product_brand":[],"product_cat":[6925],"product_tag":[7642,8100],"class_list":{"0":"post-46710","1":"product","2":"type-product","3":"status-publish","4":"has-post-thumbnail","6":"rodzaj-ksiazki","7":"product_cat-literaturoznawstwo","8":"product_tag-izabela-bogumilizabela-bogumil","9":"product_tag-jacek-pokrzywnicki","10":"pa_rok-wydania-2019-en","12":"first","13":"outofstock","14":"taxable","15":"shipping-taxable","16":"purchasable","17":"product-type-simple"},"acf":[],"_links":{"self":[{"href":"https:\/\/wydawnictwo.ug.edu.pl\/en\/wp-json\/wp\/v2\/product\/46710","targetHints":{"allow":["GET"]}}],"collection":[{"href":"https:\/\/wydawnictwo.ug.edu.pl\/en\/wp-json\/wp\/v2\/product"}],"about":[{"href":"https:\/\/wydawnictwo.ug.edu.pl\/en\/wp-json\/wp\/v2\/types\/product"}],"wp:featuredmedia":[{"embeddable":true,"href":"https:\/\/wydawnictwo.ug.edu.pl\/en\/wp-json\/wp\/v2\/media\/17488"}],"wp:attachment":[{"href":"https:\/\/wydawnictwo.ug.edu.pl\/en\/wp-json\/wp\/v2\/media?parent=46710"}],"wp:term":[{"taxonomy":"journal","embeddable":true,"href":"https:\/\/wydawnictwo.ug.edu.pl\/en\/wp-json\/wp\/v2\/journal?post=46710"},{"taxonomy":"rodzaj","embeddable":true,"href":"https:\/\/wydawnictwo.ug.edu.pl\/en\/wp-json\/wp\/v2\/rodzaj?post=46710"},{"taxonomy":"seria","embeddable":true,"href":"https:\/\/wydawnictwo.ug.edu.pl\/en\/wp-json\/wp\/v2\/seria?post=46710"},{"taxonomy":"product_brand","embeddable":true,"href":"https:\/\/wydawnictwo.ug.edu.pl\/en\/wp-json\/wp\/v2\/product_brand?post=46710"},{"taxonomy":"product_cat","embeddable":true,"href":"https:\/\/wydawnictwo.ug.edu.pl\/en\/wp-json\/wp\/v2\/product_cat?post=46710"},{"taxonomy":"product_tag","embeddable":true,"href":"https:\/\/wydawnictwo.ug.edu.pl\/en\/wp-json\/wp\/v2\/product_tag?post=46710"}],"curies":[{"name":"wp","href":"https:\/\/api.w.org\/{rel}","templated":true}]}}