{"id":46704,"date":"2018-11-30T00:00:00","date_gmt":"2018-11-30T00:00:00","guid":{"rendered":"https:\/\/wydawnictwo.ug.edu.pl\/ksiegarnia-online\/uncategorized\/perswazja-jezykowa-w-roznych-dyskursach-tom-4\/"},"modified":"2026-02-11T15:45:31","modified_gmt":"2026-02-11T15:45:31","slug":"perswazja-jezykowa-w-roznych-dyskursach-tom-4","status":"publish","type":"product","link":"https:\/\/wydawnictwo.ug.edu.pl\/en\/ksiegarnia-online\/jezykoznawstwo\/perswazja-jezykowa-w-roznych-dyskursach-tom-4\/","title":{"rendered":"Perswazja j\u0119zykowa w r\u00f3\u017cnych dyskursach. Tom 4"},"content":{"rendered":"","protected":false},"excerpt":{"rendered":"<p>Oddajemy do r\u0105k Czytelnika kolejny, czwarty tom z cyklu Perswazja j\u0119zykowa w r\u00f3\u017cnych dyskursach, powsta\u0142y pod auspicjami Katedry Pragmatyki Komunikacji i Akwizycji J\u0119zyka Instytutu Rusycystyki i Studi\u00f3w Wschodnich Uniwersytetu Gda\u0144skiego oraz Pracowni Bada\u0144 nad Perswazj\u0105 J\u0119zykow\u0105 afiliowanej przy Wydziale Filologicznym Uniwersytetu Gda\u0144skiego.<\/p>\n<p>Dynamiczne zmiany zachodz\u0105ce w paradygmacie nowej sytuacji socjokulturowej i mocno stechnicyzowanych nowoczesnych medi\u00f3w masowych implikuj\u0105 z\u0142o\u017con\u0105 refleksj\u0119 o aspektach sztuki komunikacji perswazyjnej i pozwalaj\u0105 na nowo odczyta\u0107 znane s\u0142owa Hansa Georga Gadamera: \u201eKto ma j\u0119zyk, ten \u00abma\u00bb \u015bwiat\u201d. Wielowymiarowo\u015b\u0107 podej\u015bcia do pragmatykonu mechanizm\u00f3w oddzia\u0142ywania j\u0119zykowego, opieraj\u0105cego si\u0119 na idei rozumienia mowy jako narz\u0119dzia inicjuj\u0105cego dzia\u0142alno\u015b\u0107 kognitywn\u0105 i behawioraln\u0105 cz\u0142owieka, sk\u0142oni\u0142a do refleksji nad komunikacj\u0105 sugestywn\u0105 i manipulacyjn\u0105 przedstawicieli r\u00f3\u017cnych dziedzin naukowych i szk\u00f3\u0142 badawczych \u2013 lingwist\u00f3w, medioznawc\u00f3w, literaturoznawc\u00f3w, psycholog\u00f3w, politolog\u00f3w, socjolog\u00f3w, historyk\u00f3w sztuki i pedagog\u00f3w \u2013 z o\u015brodk\u00f3w polskich i zagranicznych.<\/p>\n","protected":false},"featured_media":17480,"template":"","meta":{"_acf_changed":false},"journal":[],"rodzaj":[7074],"seria":[],"product_brand":[],"product_cat":[6924],"product_tag":[7470,7472],"class_list":{"0":"post-46704","1":"product","2":"type-product","3":"status-publish","4":"has-post-thumbnail","6":"rodzaj-ksiazki","7":"product_cat-jezykoznawstwo","8":"product_tag-aleksandra-klimkiewicz","9":"product_tag-zanna-sladkiewicz","10":"pa_rok-wydania-2019-en","12":"first","13":"outofstock","14":"taxable","15":"shipping-taxable","16":"purchasable","17":"product-type-simple"},"acf":[],"_links":{"self":[{"href":"https:\/\/wydawnictwo.ug.edu.pl\/en\/wp-json\/wp\/v2\/product\/46704","targetHints":{"allow":["GET"]}}],"collection":[{"href":"https:\/\/wydawnictwo.ug.edu.pl\/en\/wp-json\/wp\/v2\/product"}],"about":[{"href":"https:\/\/wydawnictwo.ug.edu.pl\/en\/wp-json\/wp\/v2\/types\/product"}],"wp:featuredmedia":[{"embeddable":true,"href":"https:\/\/wydawnictwo.ug.edu.pl\/en\/wp-json\/wp\/v2\/media\/17480"}],"wp:attachment":[{"href":"https:\/\/wydawnictwo.ug.edu.pl\/en\/wp-json\/wp\/v2\/media?parent=46704"}],"wp:term":[{"taxonomy":"journal","embeddable":true,"href":"https:\/\/wydawnictwo.ug.edu.pl\/en\/wp-json\/wp\/v2\/journal?post=46704"},{"taxonomy":"rodzaj","embeddable":true,"href":"https:\/\/wydawnictwo.ug.edu.pl\/en\/wp-json\/wp\/v2\/rodzaj?post=46704"},{"taxonomy":"seria","embeddable":true,"href":"https:\/\/wydawnictwo.ug.edu.pl\/en\/wp-json\/wp\/v2\/seria?post=46704"},{"taxonomy":"product_brand","embeddable":true,"href":"https:\/\/wydawnictwo.ug.edu.pl\/en\/wp-json\/wp\/v2\/product_brand?post=46704"},{"taxonomy":"product_cat","embeddable":true,"href":"https:\/\/wydawnictwo.ug.edu.pl\/en\/wp-json\/wp\/v2\/product_cat?post=46704"},{"taxonomy":"product_tag","embeddable":true,"href":"https:\/\/wydawnictwo.ug.edu.pl\/en\/wp-json\/wp\/v2\/product_tag?post=46704"}],"curies":[{"name":"wp","href":"https:\/\/api.w.org\/{rel}","templated":true}]}}