{"id":46703,"date":"2018-11-30T00:00:00","date_gmt":"2018-11-30T00:00:00","guid":{"rendered":"https:\/\/wydawnictwo.ug.edu.pl\/ksiegarnia-online\/uncategorized\/50-spotkan-na-50-lecie-ug\/"},"modified":"2026-02-11T15:40:15","modified_gmt":"2026-02-11T15:40:15","slug":"50-spotkan-na-50-lecie-ug","status":"publish","type":"product","link":"https:\/\/wydawnictwo.ug.edu.pl\/en\/ksiegarnia-online\/historia\/50-spotkan-na-50-lecie-ug\/","title":{"rendered":"50 spotka\u0144 na 50-lecie UG"},"content":{"rendered":"","protected":false},"excerpt":{"rendered":"<p>Ksi\u0105\u017cka\u00a0wydana z okazji 50-lecia Uniwersytetu Gda\u0144skiego, jest spotkaniem z autorami zebranych tu esej\u00f3w. Jest te\u017c opowie\u015bci\u0105 o Uczelni przez pryzmat Ludzi, kt\u00f3rzy j\u0105 wsp\u00f3\u0142tworz\u0105.\u00a0Pami\u0119taj\u0105c o tym, \u017ce Uniwersytet to My, chcemy pokaza\u0107, jakie s\u0105 jego oblicza. Pi\u0119\u0107dziesi\u0105t tekst\u00f3w, kt\u00f3re si\u0119 tutaj znalaz\u0142y, ma wymiar symboliczny, bo w oczywisty spos\u00f3b nawi\u0105zuje do naszego jubileuszu. Czytaj\u0105c je, trudno nie czu\u0107 dumy z bycia cz\u0119\u015bci\u0105 tej spo\u0142eczno\u015bci, ze wsp\u00f3\u0142tworzenia wspania\u0142ej idei uniwersytetu. Wszystkie zebrane w ksi\u0105\u017cce osoby \u0142\u0105czy zaanga\u017cowanie i pasja w ich pracy naukowej i zawodowej oraz rado\u015b\u0107 i satysfakcja z bycia cz\u0119\u015bci\u0105 spo\u0142eczno\u015bci akademickiej. Uniwersytet Gda\u0144ski jest naszym miejscem i z nim si\u0119 uto\u017csamiamy, na jego rzecz chcemy pracowa\u0107, pami\u0119taj\u0105c te\u017c o dziedzictwie, jakie pozostawili nam ci, kt\u00f3rzy byli tu przed nami. Wiemy bowiem, \u017ce histori\u0119 ka\u017cdego miejsca tworz\u0105 ludzie i tak te\u017c jest z histori\u0105 Uniwersytetu Gda\u0144skiego, kt\u00f3ry obchodzi swoje 50. urodziny. Jego historia jest dziedzictwem i powinni\u015bmy czerpa\u0107 z niego, ale przede wszystkim je rozwija\u0107 na r\u00f3\u017cnych polach. Uniwersytet bowiem to nauka, a bez rozwoju nie ma nauki. O tym w\u0142a\u015bnie jest ta ksi\u0105\u017cka \u2013 o \u017cyciu w s\u0142u\u017cbie nauki i prawdy, o ci\u0119\u017ckiej codziennej pracy dla dobra naszej Alma Mater, naszej ojczyzny i dobra przysz\u0142ych pokole\u0144.<\/p>\n<p>Ksi\u0105\u017cka otrzyma\u0142a wyr\u00f3\u017cnienie w konkursie <a href=\"https:\/\/wydawnictwo.ug.edu.pl\/nominacje-i-nagrody\/nagroda\/wyroznienie-w-konkursie-gaudeamus-swsw\/\">Gaudeamus \u2013 nagroda SWSW<\/a> podczas 23. edycji Mi\u0119dzynarodowych Targ\u00f3w Ksi\u0105\u017cki w Krakowie w 2019 roku.<\/p>\n<p><iframe src=\"https:\/\/www.youtube.com\/embed\/9osskyakmFo\" width=\"560\" height=\"315\" frameborder=\"0\"><\/iframe><\/p>\n","protected":false},"featured_media":15500,"template":"","meta":{"_acf_changed":false},"journal":[],"rodzaj":[],"seria":[],"product_brand":[],"product_cat":[6958],"product_tag":[7716],"class_list":{"0":"post-46703","1":"product","2":"type-product","3":"status-publish","4":"has-post-thumbnail","6":"product_cat-historia","7":"product_tag-jerzy-p-gwizdala","9":"first","10":"instock","11":"taxable","12":"shipping-taxable","13":"purchasable","14":"product-type-simple"},"acf":[],"_links":{"self":[{"href":"https:\/\/wydawnictwo.ug.edu.pl\/en\/wp-json\/wp\/v2\/product\/46703","targetHints":{"allow":["GET"]}}],"collection":[{"href":"https:\/\/wydawnictwo.ug.edu.pl\/en\/wp-json\/wp\/v2\/product"}],"about":[{"href":"https:\/\/wydawnictwo.ug.edu.pl\/en\/wp-json\/wp\/v2\/types\/product"}],"wp:featuredmedia":[{"embeddable":true,"href":"https:\/\/wydawnictwo.ug.edu.pl\/en\/wp-json\/wp\/v2\/media\/15500"}],"wp:attachment":[{"href":"https:\/\/wydawnictwo.ug.edu.pl\/en\/wp-json\/wp\/v2\/media?parent=46703"}],"wp:term":[{"taxonomy":"journal","embeddable":true,"href":"https:\/\/wydawnictwo.ug.edu.pl\/en\/wp-json\/wp\/v2\/journal?post=46703"},{"taxonomy":"rodzaj","embeddable":true,"href":"https:\/\/wydawnictwo.ug.edu.pl\/en\/wp-json\/wp\/v2\/rodzaj?post=46703"},{"taxonomy":"seria","embeddable":true,"href":"https:\/\/wydawnictwo.ug.edu.pl\/en\/wp-json\/wp\/v2\/seria?post=46703"},{"taxonomy":"product_brand","embeddable":true,"href":"https:\/\/wydawnictwo.ug.edu.pl\/en\/wp-json\/wp\/v2\/product_brand?post=46703"},{"taxonomy":"product_cat","embeddable":true,"href":"https:\/\/wydawnictwo.ug.edu.pl\/en\/wp-json\/wp\/v2\/product_cat?post=46703"},{"taxonomy":"product_tag","embeddable":true,"href":"https:\/\/wydawnictwo.ug.edu.pl\/en\/wp-json\/wp\/v2\/product_tag?post=46703"}],"curies":[{"name":"wp","href":"https:\/\/api.w.org\/{rel}","templated":true}]}}