{"id":46699,"date":"2018-11-30T00:00:00","date_gmt":"2018-11-30T00:00:00","guid":{"rendered":"https:\/\/wydawnictwo.ug.edu.pl\/ksiegarnia-online\/uncategorized\/karol-iv-luksemburski-liber-de-gestis-meis\/"},"modified":"2026-02-11T15:49:10","modified_gmt":"2026-02-11T15:49:10","slug":"karol-iv-luksemburski-liber-de-gestis-meis","status":"publish","type":"product","link":"https:\/\/wydawnictwo.ug.edu.pl\/en\/ksiegarnia-online\/historia\/karol-iv-luksemburski-liber-de-gestis-meis\/","title":{"rendered":"Karol IV Luksemburski. Liber de gestis meis"},"content":{"rendered":"","protected":false},"excerpt":{"rendered":"<p>Siedemsetna rocznica urodzin kr\u00f3la czeskiego i cesarza Karola IV Luksemburskiego, kt\u00f3r\u0105 obchodzili\u015bmy w 2016 r., ci\u0105gle pozostaje dobr\u0105 okazj\u0105\u00a0do przypominania jego dokona\u0144, ocen i opinii kronikarzy, ale te\u017c do \u201epos\u0142uchania\u201d, co cesarz opowiedzia\u0142 o swoim \u017cyciu w dziele nazwanym przez \u00f3wczesnych\u00a0<em>Liber de gestis suis<\/em>, a przez historyk\u00f3w\u00a0<em>Vita Caroli Quarti<\/em>. Ten ostatni tytu\u0142, cho\u0107 u\u017cywany i utrwalony w historiografii, jest tylko cz\u0119\u015bciowo uzasadniony, bo autor zdo\u0142a\u0142 opowiedzie\u0107 jedynie o swoim dzieci\u0144stwie i m\u0142odo\u015bci (1316\u20131340), czyli\u00a0o pierwszych 24 latach \u017cycia, przy czym narracja w pierwszej osobie stanowi\u00a0a\u017c 87% ca\u0142o\u015bci utworu. P\u00f3\u017aniej, nie wiemy dok\u0142adnie kiedy, inny, nieznany kronikarz doda\u0142 do autobiografii relacj\u0119 o kolejnych sze\u015bciu latach \u017cycia cesarza. Chcia\u0142 tym samym \u201edoprowadzi\u0107\u201d dzie\u0142o ku najbli\u017cszemu, ale znacz\u0105cemu sukcesowi, czyli wyborowi Karola IV na kr\u00f3la rzymskiego w lipcu 1346 r. I cho\u0107 w ten spos\u00f3b zmieni\u0142 autobiografi\u0119 w biografi\u0119, to na szcz\u0119\u015bcie, z uwagi na pobie\u017cno\u015b\u0107 narracji, nie zepsu\u0142 tego, co osobi\u015bcie napisa\u0142 cesarz.<\/p>\n","protected":false},"featured_media":17620,"template":"","meta":{"_acf_changed":false},"journal":[],"rodzaj":[7074,7075],"seria":[],"product_brand":[],"product_cat":[6958],"product_tag":[7526,8295,8296],"class_list":{"0":"post-46699","1":"product","2":"type-product","3":"status-publish","4":"has-post-thumbnail","6":"rodzaj-ksiazki","7":"rodzaj-e-book","8":"product_cat-historia","9":"product_tag-anna-paner","10":"product_tag-karol-iv-luksemburski","11":"product_tag-magdalena-nowakowska","13":"first","14":"instock","15":"taxable","16":"shipping-taxable","17":"purchasable","18":"product-type-simple"},"acf":[],"_links":{"self":[{"href":"https:\/\/wydawnictwo.ug.edu.pl\/en\/wp-json\/wp\/v2\/product\/46699","targetHints":{"allow":["GET"]}}],"collection":[{"href":"https:\/\/wydawnictwo.ug.edu.pl\/en\/wp-json\/wp\/v2\/product"}],"about":[{"href":"https:\/\/wydawnictwo.ug.edu.pl\/en\/wp-json\/wp\/v2\/types\/product"}],"wp:featuredmedia":[{"embeddable":true,"href":"https:\/\/wydawnictwo.ug.edu.pl\/en\/wp-json\/wp\/v2\/media\/17620"}],"wp:attachment":[{"href":"https:\/\/wydawnictwo.ug.edu.pl\/en\/wp-json\/wp\/v2\/media?parent=46699"}],"wp:term":[{"taxonomy":"journal","embeddable":true,"href":"https:\/\/wydawnictwo.ug.edu.pl\/en\/wp-json\/wp\/v2\/journal?post=46699"},{"taxonomy":"rodzaj","embeddable":true,"href":"https:\/\/wydawnictwo.ug.edu.pl\/en\/wp-json\/wp\/v2\/rodzaj?post=46699"},{"taxonomy":"seria","embeddable":true,"href":"https:\/\/wydawnictwo.ug.edu.pl\/en\/wp-json\/wp\/v2\/seria?post=46699"},{"taxonomy":"product_brand","embeddable":true,"href":"https:\/\/wydawnictwo.ug.edu.pl\/en\/wp-json\/wp\/v2\/product_brand?post=46699"},{"taxonomy":"product_cat","embeddable":true,"href":"https:\/\/wydawnictwo.ug.edu.pl\/en\/wp-json\/wp\/v2\/product_cat?post=46699"},{"taxonomy":"product_tag","embeddable":true,"href":"https:\/\/wydawnictwo.ug.edu.pl\/en\/wp-json\/wp\/v2\/product_tag?post=46699"}],"curies":[{"name":"wp","href":"https:\/\/api.w.org\/{rel}","templated":true}]}}