{"id":46697,"date":"2018-11-30T00:00:00","date_gmt":"2018-11-30T00:00:00","guid":{"rendered":"https:\/\/wydawnictwo.ug.edu.pl\/ksiegarnia-online\/uncategorized\/sredniowiecze-w-nas\/"},"modified":"2026-02-11T15:42:02","modified_gmt":"2026-02-11T15:42:02","slug":"sredniowiecze-w-nas","status":"publish","type":"product","link":"https:\/\/wydawnictwo.ug.edu.pl\/en\/ksiegarnia-online\/historia\/sredniowiecze-w-nas\/","title":{"rendered":"\u015aredniowiecze w nas"},"content":{"rendered":"","protected":false},"excerpt":{"rendered":"<p>Pierwsze wydanie ksi\u0105\u017cki\u00a0ukaza\u0142o si\u0119 w Pradze w 2016 r.\u00a0Autor stawia i rozwija \u015bmia\u0142\u0105 tez\u0119, \u017ce \u015bredniowiecze w rzeczywisto\u015bci\u00a0przetrwa\u0142o do naszych czas\u00f3w i stanowi codzienny, nieod\u0142\u0105czny element\u00a0naszego \u017cycia. Pomimo up\u0142ywu sze\u015bciu czy siedmiu wiek\u00f3w kszta\u0142towania\u00a0si\u0119 nowoczesnych pa\u0144stw i ekonomii w zachowaniu oraz sposobie my\u015blenia\u00a0wsp\u00f3\u0142czesnego cz\u0142owieka pozosta\u0142o wiele cech \u015bredniowiecznego przodka.\u00a0Nodl w dziesi\u0119ciu rozdzia\u0142ach porusza fascynuj\u0105ce tematy, takie jak m.in.:\u00a0postrzeganie dziecka w \u015bredniowiecznej rodzinie, kwestie nieuchronnej staro\u015bci\u00a0i \u015bmierci, relacje mi\u0119dzy ma\u0142\u017conkami czy zagadnienia dotycz\u0105ce ekonomii\u00a0zbawienia, nie stroni przy tym od stawiania trudnych pyta\u0144 i nie wskazuje\u00a0\u0142atwych odpowiedzi, a wszystkie tezy znajduj\u0105 wnikliwe oparcie w analizie\u00a0\u017ar\u00f3de\u0142.<\/p>\n","protected":false},"featured_media":15817,"template":"","meta":{"_acf_changed":false},"journal":[],"rodzaj":[7076],"seria":[7532],"product_brand":[],"product_cat":[6958],"product_tag":[],"class_list":{"0":"post-46697","1":"product","2":"type-product","3":"status-publish","4":"has-post-thumbnail","6":"rodzaj-serie-wydawnicze","7":"seria-tajemnice-sredniowiecza","8":"product_cat-historia","9":"pa_rok-wydania-2019-en","11":"first","12":"outofstock","13":"taxable","14":"shipping-taxable","15":"purchasable","16":"product-type-simple"},"acf":[],"_links":{"self":[{"href":"https:\/\/wydawnictwo.ug.edu.pl\/en\/wp-json\/wp\/v2\/product\/46697","targetHints":{"allow":["GET"]}}],"collection":[{"href":"https:\/\/wydawnictwo.ug.edu.pl\/en\/wp-json\/wp\/v2\/product"}],"about":[{"href":"https:\/\/wydawnictwo.ug.edu.pl\/en\/wp-json\/wp\/v2\/types\/product"}],"wp:featuredmedia":[{"embeddable":true,"href":"https:\/\/wydawnictwo.ug.edu.pl\/en\/wp-json\/wp\/v2\/media\/15817"}],"wp:attachment":[{"href":"https:\/\/wydawnictwo.ug.edu.pl\/en\/wp-json\/wp\/v2\/media?parent=46697"}],"wp:term":[{"taxonomy":"journal","embeddable":true,"href":"https:\/\/wydawnictwo.ug.edu.pl\/en\/wp-json\/wp\/v2\/journal?post=46697"},{"taxonomy":"rodzaj","embeddable":true,"href":"https:\/\/wydawnictwo.ug.edu.pl\/en\/wp-json\/wp\/v2\/rodzaj?post=46697"},{"taxonomy":"seria","embeddable":true,"href":"https:\/\/wydawnictwo.ug.edu.pl\/en\/wp-json\/wp\/v2\/seria?post=46697"},{"taxonomy":"product_brand","embeddable":true,"href":"https:\/\/wydawnictwo.ug.edu.pl\/en\/wp-json\/wp\/v2\/product_brand?post=46697"},{"taxonomy":"product_cat","embeddable":true,"href":"https:\/\/wydawnictwo.ug.edu.pl\/en\/wp-json\/wp\/v2\/product_cat?post=46697"},{"taxonomy":"product_tag","embeddable":true,"href":"https:\/\/wydawnictwo.ug.edu.pl\/en\/wp-json\/wp\/v2\/product_tag?post=46697"}],"curies":[{"name":"wp","href":"https:\/\/api.w.org\/{rel}","templated":true}]}}