{"id":46694,"date":"2018-11-30T00:00:00","date_gmt":"2018-11-30T00:00:00","guid":{"rendered":"https:\/\/wydawnictwo.ug.edu.pl\/ksiegarnia-online\/uncategorized\/sopot-w-literaturze-literatura-w-sopocie\/"},"modified":"2026-02-11T15:43:25","modified_gmt":"2026-02-11T15:43:25","slug":"sopot-w-literaturze-literatura-w-sopocie","status":"publish","type":"product","link":"https:\/\/wydawnictwo.ug.edu.pl\/en\/ksiegarnia-online\/literaturoznawstwo\/sopot-w-literaturze-literatura-w-sopocie\/","title":{"rendered":"Sopot w literaturze. Literatura w Sopocie"},"content":{"rendered":"","protected":false},"excerpt":{"rendered":"<p>Artyku\u0142y pomieszczone w tomie nie s\u0105 jednolite gatunkowo \u2013 swoje miejsce znalaz\u0142y tu zar\u00f3wno teksty spe\u0142niaj\u0105ce wszelkie rygory stawiane publikacjom akademickim, jak i te zbli\u017caj\u0105ce si\u0119 do formy eseju; obok tekst\u00f3w wspomnieniowych, gaw\u0119dziarskich wyst\u0119puj\u0105 te\u017c artyku\u0142y o charakterze dokumentacyjnym bez ambicji uog\u00f3lniaj\u0105cych czy analitycznych.\u00a0Tym samym tom sytuuje si\u0119 mi\u0119dzy opracowaniem naukowym a popularyzatorskim i obejmuje szersz\u0105 panoram\u0119 zjawisk.<\/p>\n","protected":false},"featured_media":17423,"template":"","meta":{"_acf_changed":false},"journal":[],"rodzaj":[7074],"seria":[],"product_brand":[],"product_cat":[6925],"product_tag":[7835,7836,8089,7572],"class_list":{"0":"post-46694","1":"product","2":"type-product","3":"status-publish","4":"has-post-thumbnail","6":"rodzaj-ksiazki","7":"product_cat-literaturoznawstwo","8":"product_tag-artur-nowaczewski","9":"product_tag-janusz-mosakowski","10":"product_tag-radoslaw-mlynarczyk","11":"product_tag-svetlana-pavlenko","12":"pa_rok-wydania-2019-en","14":"first","15":"outofstock","16":"taxable","17":"shipping-taxable","18":"purchasable","19":"product-type-simple"},"acf":[],"_links":{"self":[{"href":"https:\/\/wydawnictwo.ug.edu.pl\/en\/wp-json\/wp\/v2\/product\/46694","targetHints":{"allow":["GET"]}}],"collection":[{"href":"https:\/\/wydawnictwo.ug.edu.pl\/en\/wp-json\/wp\/v2\/product"}],"about":[{"href":"https:\/\/wydawnictwo.ug.edu.pl\/en\/wp-json\/wp\/v2\/types\/product"}],"wp:featuredmedia":[{"embeddable":true,"href":"https:\/\/wydawnictwo.ug.edu.pl\/en\/wp-json\/wp\/v2\/media\/17423"}],"wp:attachment":[{"href":"https:\/\/wydawnictwo.ug.edu.pl\/en\/wp-json\/wp\/v2\/media?parent=46694"}],"wp:term":[{"taxonomy":"journal","embeddable":true,"href":"https:\/\/wydawnictwo.ug.edu.pl\/en\/wp-json\/wp\/v2\/journal?post=46694"},{"taxonomy":"rodzaj","embeddable":true,"href":"https:\/\/wydawnictwo.ug.edu.pl\/en\/wp-json\/wp\/v2\/rodzaj?post=46694"},{"taxonomy":"seria","embeddable":true,"href":"https:\/\/wydawnictwo.ug.edu.pl\/en\/wp-json\/wp\/v2\/seria?post=46694"},{"taxonomy":"product_brand","embeddable":true,"href":"https:\/\/wydawnictwo.ug.edu.pl\/en\/wp-json\/wp\/v2\/product_brand?post=46694"},{"taxonomy":"product_cat","embeddable":true,"href":"https:\/\/wydawnictwo.ug.edu.pl\/en\/wp-json\/wp\/v2\/product_cat?post=46694"},{"taxonomy":"product_tag","embeddable":true,"href":"https:\/\/wydawnictwo.ug.edu.pl\/en\/wp-json\/wp\/v2\/product_tag?post=46694"}],"curies":[{"name":"wp","href":"https:\/\/api.w.org\/{rel}","templated":true}]}}