{"id":46692,"date":"2018-11-30T00:00:00","date_gmt":"2018-11-30T00:00:00","guid":{"rendered":"https:\/\/wydawnictwo.ug.edu.pl\/ksiegarnia-online\/uncategorized\/mody-teatralne-przemiany-przeglad-teatraliow\/"},"modified":"2026-02-11T15:43:26","modified_gmt":"2026-02-11T15:43:26","slug":"mody-teatralne-przemiany-przeglad-teatraliow","status":"publish","type":"product","link":"https:\/\/wydawnictwo.ug.edu.pl\/en\/ksiegarnia-online\/historia-sztuki-i-kulturoznawstwo\/mody-teatralne-przemiany-przeglad-teatraliow\/","title":{"rendered":"Mody teatralne. Przemiany \u2013 przegl\u0105d teatrali\u00f3w"},"content":{"rendered":"","protected":false},"excerpt":{"rendered":"<p>Wed\u0142ug s\u0142ownika \u201emoda\u201d to \u201ezwyczaj, obyczaj przej\u015bciowy, zmienny, przeciwstawiaj\u0105cy si\u0119 dotychczasowej tradycji\u201d. Zmieniaj\u0105 si\u0119 na przyk\u0142ad \u201estyle ubierania\u201d, czyli \u201enormy dotycz\u0105ce zewn\u0119trznego wygl\u0105du\u201d ludzi. Przemianom ulegaj\u0105 r\u00f3wnie\u017c mody artystyczne, literackie, mody w sztuce i architekturze \u2013 naprzemiennie rodz\u0105 si\u0119 i przemijaj\u0105 \u201emody na nowoczesno\u015b\u0107, na kolekcjonerstwo, na tworzywa sztuczne\u201d. Teatr wielokrotnie si\u0119 zmienia\u0142, poczynaj\u0105c od najch\u0119tniej podejmowanej tematyki sztuk, poprzez spos\u00f3b ich prezentacji, po za\u0142o\u017cenia ideowe, kt\u00f3re chciano popularyzowa\u0107. W kolejnych epokach teatr ucieka\u0142 si\u0119 do odmiennych metod, aby wzbudzi\u0107 zaciekawienie widowni. To, co w pewnym okresie by\u0142o popularne, p\u00f3\u017aniej niekiedy ca\u0142kowicie zanika\u0142o. Dotyczy\u0142o to w r\u00f3wnej mierze: charakteru sztuk ciesz\u0105cych si\u0119 najwi\u0119kszym zainteresowaniem, tematyki spektakli, sposobu gry aktorskiej, scenografii, kostium\u00f3w oraz muzyki. Teatr kszta\u0142towa\u0142 mod\u0119, ale tak\u017ce sam ulega\u0142 trendom rodz\u0105cym si\u0119 poza nim.<\/p>\n<p>Sk\u0142adaj\u0105ce si\u0119 na niniejsz\u0105 ksi\u0105\u017ck\u0119 artyku\u0142y prezentuj\u0105 r\u00f3\u017cne aspekty przemian, jakim podlega\u0142y zwyczaje i estetyka spektakli teatralnych. Poruszono tematy, kt\u00f3re mo\u017cna zaliczy\u0107 do sfery wizualnej, muzycznej, metody aktorskiej, tekstu teatralnego, przestrzeni oraz organizacji \u017cycia teatralnego. \u0141\u0105czy je potrzeba interpretacji zagadnie\u0144 przemian zwyczaj\u00f3w teatralnych, czyli r\u00f3\u017cnych m\u00f3d artystycznych pojawiaj\u0105cych si\u0119 na scenach, b\u0119d\u0105cych cz\u0119sto j\u0119zykiem, kodem kulturowym charakterystycznym dla danej epoki i estetyki teatru.<\/p>\n","protected":false},"featured_media":17406,"template":"","meta":{"_acf_changed":false},"journal":[],"rodzaj":[7074],"seria":[],"product_brand":[],"product_cat":[6936],"product_tag":[8088],"class_list":{"0":"post-46692","1":"product","2":"type-product","3":"status-publish","4":"has-post-thumbnail","6":"rodzaj-ksiazki","7":"product_cat-historia-sztuki-i-kulturoznawstwo","8":"product_tag-joanna-piechowiak","9":"pa_rok-wydania-2019-en","11":"first","12":"outofstock","13":"taxable","14":"shipping-taxable","15":"purchasable","16":"product-type-simple"},"acf":[],"_links":{"self":[{"href":"https:\/\/wydawnictwo.ug.edu.pl\/en\/wp-json\/wp\/v2\/product\/46692","targetHints":{"allow":["GET"]}}],"collection":[{"href":"https:\/\/wydawnictwo.ug.edu.pl\/en\/wp-json\/wp\/v2\/product"}],"about":[{"href":"https:\/\/wydawnictwo.ug.edu.pl\/en\/wp-json\/wp\/v2\/types\/product"}],"wp:featuredmedia":[{"embeddable":true,"href":"https:\/\/wydawnictwo.ug.edu.pl\/en\/wp-json\/wp\/v2\/media\/17406"}],"wp:attachment":[{"href":"https:\/\/wydawnictwo.ug.edu.pl\/en\/wp-json\/wp\/v2\/media?parent=46692"}],"wp:term":[{"taxonomy":"journal","embeddable":true,"href":"https:\/\/wydawnictwo.ug.edu.pl\/en\/wp-json\/wp\/v2\/journal?post=46692"},{"taxonomy":"rodzaj","embeddable":true,"href":"https:\/\/wydawnictwo.ug.edu.pl\/en\/wp-json\/wp\/v2\/rodzaj?post=46692"},{"taxonomy":"seria","embeddable":true,"href":"https:\/\/wydawnictwo.ug.edu.pl\/en\/wp-json\/wp\/v2\/seria?post=46692"},{"taxonomy":"product_brand","embeddable":true,"href":"https:\/\/wydawnictwo.ug.edu.pl\/en\/wp-json\/wp\/v2\/product_brand?post=46692"},{"taxonomy":"product_cat","embeddable":true,"href":"https:\/\/wydawnictwo.ug.edu.pl\/en\/wp-json\/wp\/v2\/product_cat?post=46692"},{"taxonomy":"product_tag","embeddable":true,"href":"https:\/\/wydawnictwo.ug.edu.pl\/en\/wp-json\/wp\/v2\/product_tag?post=46692"}],"curies":[{"name":"wp","href":"https:\/\/api.w.org\/{rel}","templated":true}]}}