{"id":46691,"date":"2018-11-30T00:00:00","date_gmt":"2018-11-30T00:00:00","guid":{"rendered":"https:\/\/wydawnictwo.ug.edu.pl\/ksiegarnia-online\/uncategorized\/komunikowanie-polityczne-w-rosji-specyfika-dyskursu-prezydenckiego\/"},"modified":"2026-02-11T15:49:08","modified_gmt":"2026-02-11T15:49:08","slug":"komunikowanie-polityczne-w-rosji-specyfika-dyskursu-prezydenckiego","status":"publish","type":"product","link":"https:\/\/wydawnictwo.ug.edu.pl\/en\/ksiegarnia-online\/jezykoznawstwo\/komunikowanie-polityczne-w-rosji-specyfika-dyskursu-prezydenckiego\/","title":{"rendered":"Komunikowanie polityczne w Rosji. Specyfika dyskursu prezydenckiego"},"content":{"rendered":"","protected":false},"excerpt":{"rendered":"<p>Polacy s\u0105 bardzo wra\u017cliwi na wydarzenia maj\u0105ce miejsce w Rosji. Decyduje o tym nie tylko po\u0142o\u017cenie tego pa\u0144stwa jako naszego s\u0105siada, ale tak\u017ce wielowiekowe do\u015bwiadczenia zwi\u0105zane z tym s\u0105siedztwem. \u201ePrezentowane w polskich \u015brodkach masowego przekazu informacje na temat Rosji oraz komentarze dotycz\u0105ce tego, co si\u0119 w tym pa\u0144stwie dzieje, bywaj\u0105 mocno zabarwione emocjonalnie. Dziennikarze cz\u0119sto w poszukiwaniu sensacji kreuj\u0105 obraz wsp\u00f3\u0142czesnej Rosji jako kraju zap\u00f3\u017anionego w rozwoju gospodarczym, spo\u0142ecznym i kulturowym. W konsekwencji Rosja jawi si\u0119 jako kraj zacofany, ogarni\u0119ty wszechw\u0142adn\u0105 korupcj\u0105, rz\u0105dzony przez oligarch\u00f3w\u201d. Dziennikarze nie szcz\u0119dz\u0105 tak\u017ce s\u0142\u00f3w dezaprobaty dla dzia\u0142a\u0144 rosyjskich polityk\u00f3w, a przede wszystkim prezydenta (nie-zale\u017cnie od tego, kto sprawuje ten urz\u0105d).<\/p>\n<p>Ksi\u0105\u017cka jest pr\u00f3b\u0105 ukazania rosyjskiej prezydentury przez pryzmat procesu komunikacji. Ma ona pom\u00f3c w udzieleniu odpowiedzi na pytanie o znaczenie r\u00f3\u017cnych typ\u00f3w wyst\u0105pie\u0144 publicznych w dzisiejszej polityce rosyjskiej. Powy\u017cszy cel starano si\u0119 osi\u0105gn\u0105\u0107 poprzez analiz\u0119 rosyjskiego dyskursu prezydenckiego.<\/p>\n","protected":false},"featured_media":17585,"template":"","meta":{"_acf_changed":false},"journal":[],"rodzaj":[7074],"seria":[],"product_brand":[],"product_cat":[6924,7047],"product_tag":[7768],"class_list":{"0":"post-46691","1":"product","2":"type-product","3":"status-publish","4":"has-post-thumbnail","6":"rodzaj-ksiazki","7":"product_cat-jezykoznawstwo","8":"product_cat-politologia","9":"product_tag-urszula-patocka-siglowyurszula-patocka-siglowy","10":"pa_rok-wydania-2019-en","12":"first","13":"outofstock","14":"taxable","15":"shipping-taxable","16":"purchasable","17":"product-type-simple"},"acf":[],"_links":{"self":[{"href":"https:\/\/wydawnictwo.ug.edu.pl\/en\/wp-json\/wp\/v2\/product\/46691","targetHints":{"allow":["GET"]}}],"collection":[{"href":"https:\/\/wydawnictwo.ug.edu.pl\/en\/wp-json\/wp\/v2\/product"}],"about":[{"href":"https:\/\/wydawnictwo.ug.edu.pl\/en\/wp-json\/wp\/v2\/types\/product"}],"wp:featuredmedia":[{"embeddable":true,"href":"https:\/\/wydawnictwo.ug.edu.pl\/en\/wp-json\/wp\/v2\/media\/17585"}],"wp:attachment":[{"href":"https:\/\/wydawnictwo.ug.edu.pl\/en\/wp-json\/wp\/v2\/media?parent=46691"}],"wp:term":[{"taxonomy":"journal","embeddable":true,"href":"https:\/\/wydawnictwo.ug.edu.pl\/en\/wp-json\/wp\/v2\/journal?post=46691"},{"taxonomy":"rodzaj","embeddable":true,"href":"https:\/\/wydawnictwo.ug.edu.pl\/en\/wp-json\/wp\/v2\/rodzaj?post=46691"},{"taxonomy":"seria","embeddable":true,"href":"https:\/\/wydawnictwo.ug.edu.pl\/en\/wp-json\/wp\/v2\/seria?post=46691"},{"taxonomy":"product_brand","embeddable":true,"href":"https:\/\/wydawnictwo.ug.edu.pl\/en\/wp-json\/wp\/v2\/product_brand?post=46691"},{"taxonomy":"product_cat","embeddable":true,"href":"https:\/\/wydawnictwo.ug.edu.pl\/en\/wp-json\/wp\/v2\/product_cat?post=46691"},{"taxonomy":"product_tag","embeddable":true,"href":"https:\/\/wydawnictwo.ug.edu.pl\/en\/wp-json\/wp\/v2\/product_tag?post=46691"}],"curies":[{"name":"wp","href":"https:\/\/api.w.org\/{rel}","templated":true}]}}