{"id":46688,"date":"2018-11-30T00:00:00","date_gmt":"2018-11-30T00:00:00","guid":{"rendered":"https:\/\/wydawnictwo.ug.edu.pl\/ksiegarnia-online\/uncategorized\/epinikia-orszanskie-czyli-wiersze-o-pamietnej-klesce-moskali\/"},"modified":"2026-02-11T15:41:49","modified_gmt":"2026-02-11T15:41:49","slug":"epinikia-orszanskie-czyli-wiersze-o-pamietnej-klesce-moskali","status":"publish","type":"product","link":"https:\/\/wydawnictwo.ug.edu.pl\/en\/ksiegarnia-online\/literaturoznawstwo\/epinikia-orszanskie-czyli-wiersze-o-pamietnej-klesce-moskali\/","title":{"rendered":"Epinikia orsza\u0144skie czyli wiersze o pami\u0119tnej kl\u0119sce Moskali"},"content":{"rendered":"","protected":false},"excerpt":{"rendered":"<p>Ksi\u0105\u017cka jest edycj\u0105 \u0142aci\u0144skich epiniki\u00f3w, jakie powsta\u0142y ku uczczeniu wielkiego zwyci\u0119stwa kr\u00f3la Zygmunta I odniesionego w wojnie z Moskw\u0105 8 wrze\u015bnia 1514 r. G\u0142\u00f3wny jej trzon stanowi\u0105\u00a0 utwory, kt\u00f3re\u00a0 za spraw\u0105 arcybiskupa Jana \u0141askiego ukaza\u0142y si\u0119 w Rzymie w 1515 r. pt.\u00a0<em>Carmina de memorabili caede scismaticorum Moscoviorum per Serenissimum ac Invictissimum Dominum Sigismundum Regem Poloniae\u2026 apud aras Alexandri Magni peracta<\/em>, mo\u017cna j\u0105 zatem okre\u015bli\u0107 jako wznowienie tamtej rzymskiej edycji (w Polsce chyba jedyny jej egzemplarz znajduje si\u0119 w Bibliotece K\u00f3rnickiej). Rzymski zbiorek zawiera \u00a0wiersze Jana Dantyszka, Walentego Ecka, Krzysztofa Suchtena, Bernarda Wapowskiego, Andrzeja Krzyckiego, Jakuba Pizona i Tranquilla Andronika. Niekt\u00f3re z nich s\u0105 wzgl\u0119dnie \u0142atwo dost\u0119pne (np. wiersze Dantyszka i Krzyckiego w wydaniach dzie\u0142 tych poet\u00f3w z XIX i XX w., elegia Wapowskiego w wydaniu dziewi\u0119tnastowiecznym), inne pozostaj\u0105 w starych drukach.<\/p>\n<p>Ksi\u0105\u017cka jest pierwszym tomikiem z serii Polonorum Bibliotheca Latina, jak\u0105 przygotowuje Mi\u0119dzyuczelniana Pracownia Literatury \u0141aci\u0144skiej XV i XVI wieku powo\u0142ana przy Katedrze Filologii Klasycznej UG.<\/p>\n","protected":false},"featured_media":16955,"template":"","meta":{"_acf_changed":false},"journal":[],"rodzaj":[7074,7076],"seria":[8083],"product_brand":[],"product_cat":[6925],"product_tag":[8044],"class_list":{"0":"post-46688","1":"product","2":"type-product","3":"status-publish","4":"has-post-thumbnail","6":"rodzaj-ksiazki","7":"rodzaj-serie-wydawnicze","8":"seria-polonorum-bibliotheca-latina","9":"product_cat-literaturoznawstwo","10":"product_tag-zofia-glombiowskazofia-glombiowska","11":"pa_rok-wydania-2019-en","13":"first","14":"outofstock","15":"taxable","16":"shipping-taxable","17":"purchasable","18":"product-type-simple"},"acf":[],"_links":{"self":[{"href":"https:\/\/wydawnictwo.ug.edu.pl\/en\/wp-json\/wp\/v2\/product\/46688","targetHints":{"allow":["GET"]}}],"collection":[{"href":"https:\/\/wydawnictwo.ug.edu.pl\/en\/wp-json\/wp\/v2\/product"}],"about":[{"href":"https:\/\/wydawnictwo.ug.edu.pl\/en\/wp-json\/wp\/v2\/types\/product"}],"wp:featuredmedia":[{"embeddable":true,"href":"https:\/\/wydawnictwo.ug.edu.pl\/en\/wp-json\/wp\/v2\/media\/16955"}],"wp:attachment":[{"href":"https:\/\/wydawnictwo.ug.edu.pl\/en\/wp-json\/wp\/v2\/media?parent=46688"}],"wp:term":[{"taxonomy":"journal","embeddable":true,"href":"https:\/\/wydawnictwo.ug.edu.pl\/en\/wp-json\/wp\/v2\/journal?post=46688"},{"taxonomy":"rodzaj","embeddable":true,"href":"https:\/\/wydawnictwo.ug.edu.pl\/en\/wp-json\/wp\/v2\/rodzaj?post=46688"},{"taxonomy":"seria","embeddable":true,"href":"https:\/\/wydawnictwo.ug.edu.pl\/en\/wp-json\/wp\/v2\/seria?post=46688"},{"taxonomy":"product_brand","embeddable":true,"href":"https:\/\/wydawnictwo.ug.edu.pl\/en\/wp-json\/wp\/v2\/product_brand?post=46688"},{"taxonomy":"product_cat","embeddable":true,"href":"https:\/\/wydawnictwo.ug.edu.pl\/en\/wp-json\/wp\/v2\/product_cat?post=46688"},{"taxonomy":"product_tag","embeddable":true,"href":"https:\/\/wydawnictwo.ug.edu.pl\/en\/wp-json\/wp\/v2\/product_tag?post=46688"}],"curies":[{"name":"wp","href":"https:\/\/api.w.org\/{rel}","templated":true}]}}