{"id":46686,"date":"2018-11-30T01:00:00","date_gmt":"2018-11-30T01:00:00","guid":{"rendered":"https:\/\/wydawnictwo.ug.edu.pl\/ksiegarnia-online\/uncategorized\/konkurencja-na-rynku-uslug-logistycznych-w-polsce\/"},"modified":"2026-02-11T15:40:24","modified_gmt":"2026-02-11T15:40:24","slug":"konkurencja-na-rynku-uslug-logistycznych-w-polsce","status":"publish","type":"product","link":"https:\/\/wydawnictwo.ug.edu.pl\/en\/ksiegarnia-online\/ekonomia\/konkurencja-na-rynku-uslug-logistycznych-w-polsce\/","title":{"rendered":"Konkurencja na rynku us\u0142ug logistycznych w Polsce"},"content":{"rendered":"","protected":false},"excerpt":{"rendered":"<p><strong><a href=\"https:\/\/wydawnictwo.ug.edu.pl\/wp-content\/uploads\/2021\/11\/jezierski-Konkurencja-na-rynku-do-druku_v.4.pdf\">Dost\u0119p do ksi\u0105\u017cki w wersji elektronicznej.<\/a><\/strong><\/p>\n<p>Problematyka logistyki w wymiarze czynnika kszta\u0142towania konkurencyjno\u015bci przedsi\u0119biorstw doczeka\u0142a si\u0119 ju\u017c co najmniej kilku opracowa\u0144. W dalszym ci\u0105gu jednak stanowi problematyk\u0119 o bardzo szerokich horyzontach merytorycznych i metodologicznych.\u00a0 Wielow\u0105tkowo\u015b\u0107 problematyki konkurencyjno\u015bci logistyki wymaga analizy i stawiania tez, kt\u00f3re by\u0107 mo\u017ce nie doczeka\u0142y si\u0119 jeszcze naukowego wyja\u015bnienia. W\u00a0 nurcie rozwa\u017ca\u0144 nad istot\u0105 us\u0142ug logistycznych ich rol\u0105 i miejscem w polskim systemie gospodarczym a tak\u017ce nad procesami konkurencji na polskim rynku us\u0142ug logistycznych prowadzone s\u0105 rozwa\u017cania w niniejszym opracowaniu. Autor \u017cywi nadziej\u0119, \u017ce\u00a0<em>Konkurencja na rynku us\u0142ug logistycznych w Polsce<\/em>\u00a0to pozycja wydawnicza, kt\u00f3ra pretendowa\u0107 mo\u017ce zar\u00f3wno do obszaru publikacji akademickich o charakterze podr\u0119cznikowym jak r\u00f3wnie\u017c publikacji monograficznych o charakterze naukowym. Poruszana w opracowaniu problematyka konkurencji na polskim rynku us\u0142ug logistycznych wzbogaci\u0107 mo\u017ce nie tylko dorobek literatury logistycznej ale stanowi\u0107 mo\u017ce tak\u017ce cz\u0105stk\u0119 dorobku teorii konkurencji. Dwufunkcyjno\u015b\u0107 opracowania dostrzec mo\u017cna tak\u017ce w perspektywie teoriopoznawczej jak i praktycznej. W ksi\u0105\u017cce wyra\u017anie dostrzec mo\u017cna w\u0105tki odnosz\u0105ce si\u0119 do teorii konkurencji, logistyki, wsp\u00f3\u0142zale\u017cno\u015bci logistyki i funkcjonowania rynku jak i te czysto praktyczne charakteryzuj\u0105ce aktualny stan polskiego rynku us\u0142ug logistycznych i trend\u00f3w na tym rynku.<\/p>\n<p><strong>Ksi\u0105\u017cka finansowana w ramach Programu ProUG.<\/strong><\/p>\n","protected":false},"featured_media":16858,"template":"","meta":{"_acf_changed":false},"journal":[],"rodzaj":[],"seria":[],"product_brand":[],"product_cat":[266],"product_tag":[722],"class_list":{"0":"post-46686","1":"product","2":"type-product","3":"status-publish","4":"has-post-thumbnail","6":"product_cat-ekonomia","7":"product_tag-andrzej-jezierski","9":"first","10":"outofstock","11":"taxable","12":"shipping-taxable","13":"purchasable","14":"product-type-simple"},"acf":[],"_links":{"self":[{"href":"https:\/\/wydawnictwo.ug.edu.pl\/en\/wp-json\/wp\/v2\/product\/46686","targetHints":{"allow":["GET"]}}],"collection":[{"href":"https:\/\/wydawnictwo.ug.edu.pl\/en\/wp-json\/wp\/v2\/product"}],"about":[{"href":"https:\/\/wydawnictwo.ug.edu.pl\/en\/wp-json\/wp\/v2\/types\/product"}],"wp:featuredmedia":[{"embeddable":true,"href":"https:\/\/wydawnictwo.ug.edu.pl\/en\/wp-json\/wp\/v2\/media\/16858"}],"wp:attachment":[{"href":"https:\/\/wydawnictwo.ug.edu.pl\/en\/wp-json\/wp\/v2\/media?parent=46686"}],"wp:term":[{"taxonomy":"journal","embeddable":true,"href":"https:\/\/wydawnictwo.ug.edu.pl\/en\/wp-json\/wp\/v2\/journal?post=46686"},{"taxonomy":"rodzaj","embeddable":true,"href":"https:\/\/wydawnictwo.ug.edu.pl\/en\/wp-json\/wp\/v2\/rodzaj?post=46686"},{"taxonomy":"seria","embeddable":true,"href":"https:\/\/wydawnictwo.ug.edu.pl\/en\/wp-json\/wp\/v2\/seria?post=46686"},{"taxonomy":"product_brand","embeddable":true,"href":"https:\/\/wydawnictwo.ug.edu.pl\/en\/wp-json\/wp\/v2\/product_brand?post=46686"},{"taxonomy":"product_cat","embeddable":true,"href":"https:\/\/wydawnictwo.ug.edu.pl\/en\/wp-json\/wp\/v2\/product_cat?post=46686"},{"taxonomy":"product_tag","embeddable":true,"href":"https:\/\/wydawnictwo.ug.edu.pl\/en\/wp-json\/wp\/v2\/product_tag?post=46686"}],"curies":[{"name":"wp","href":"https:\/\/api.w.org\/{rel}","templated":true}]}}