{"id":46685,"date":"2018-11-30T01:00:00","date_gmt":"2018-11-30T01:00:00","guid":{"rendered":"https:\/\/wydawnictwo.ug.edu.pl\/ksiegarnia-online\/uncategorized\/praktyki-czytania-ponowoczesna-interpretacja-a-szkola\/"},"modified":"2026-02-11T15:40:26","modified_gmt":"2026-02-11T15:40:26","slug":"praktyki-czytania-ponowoczesna-interpretacja-a-szkola","status":"publish","type":"product","link":"https:\/\/wydawnictwo.ug.edu.pl\/en\/ksiegarnia-online\/pedagogika-i-psychologia\/praktyki-czytania-ponowoczesna-interpretacja-a-szkola\/","title":{"rendered":"Praktyki czytania. Ponowoczesna interpretacja a szko\u0142a"},"content":{"rendered":"","protected":false},"excerpt":{"rendered":"<p><strong><a href=\"https:\/\/wydawnictwo.ug.edu.pl\/wp-content\/uploads\/2021\/11\/Tomaszewska-Praktyki-czytania-do-druku.pdf\">Dost\u0119p do ksi\u0105\u017cki w wersji elektronicznej.<\/a><\/strong><\/p>\n<p>Autorka monografii pisze o trudnych relacjach mi\u0119dzy ponowoczesn\u0105 interpretacj\u0105 a szko\u0142\u0105. Wskazuje na potrzeb\u0119 zlikwidowania opozycji mi\u0119dzy teori\u0105 a praktykami czytania, na uwolnienie interpretacji z teoretycznych zobowi\u0105za\u0144. Zw\u0142aszcza takich, kt\u00f3re nie pozwalaj\u0105 na \u201eotwieranie lektury&#8221;, a w konsekwencji i jej \u017cywe do\u015bwiadczanie. Taki kierunek my\u015blenia odzwierciedlaj\u0105 zaprezentowane w ksi\u0105\u017cce przyk\u0142ady interpretacji (praktyk czytania). Jednocze\u015bnie s\u0105 one wyrazem nadziei, \u017ce wsp\u00f3\u0142czesna rozmaito\u015b\u0107 strategii pracy z tekstem jest dla szko\u0142y wielkim dobrodziejstwem.<\/p>\n","protected":false},"featured_media":16619,"template":"","meta":{"_acf_changed":false},"journal":[],"rodzaj":[7076],"seria":[8072],"product_brand":[],"product_cat":[7007],"product_tag":[7589],"class_list":{"0":"post-46685","1":"product","2":"type-product","3":"status-publish","4":"has-post-thumbnail","6":"rodzaj-serie-wydawnicze","7":"seria-ponowoczesna-dydaktyka-polonistyczna-teoria-i-praktyka","8":"product_cat-pedagogika-i-psychologia","9":"product_tag-grazyna-b-tomaszewskagrazyna-b-tomaszewska","11":"first","12":"outofstock","13":"taxable","14":"shipping-taxable","15":"product-type-simple"},"acf":[],"_links":{"self":[{"href":"https:\/\/wydawnictwo.ug.edu.pl\/en\/wp-json\/wp\/v2\/product\/46685","targetHints":{"allow":["GET"]}}],"collection":[{"href":"https:\/\/wydawnictwo.ug.edu.pl\/en\/wp-json\/wp\/v2\/product"}],"about":[{"href":"https:\/\/wydawnictwo.ug.edu.pl\/en\/wp-json\/wp\/v2\/types\/product"}],"wp:featuredmedia":[{"embeddable":true,"href":"https:\/\/wydawnictwo.ug.edu.pl\/en\/wp-json\/wp\/v2\/media\/16619"}],"wp:attachment":[{"href":"https:\/\/wydawnictwo.ug.edu.pl\/en\/wp-json\/wp\/v2\/media?parent=46685"}],"wp:term":[{"taxonomy":"journal","embeddable":true,"href":"https:\/\/wydawnictwo.ug.edu.pl\/en\/wp-json\/wp\/v2\/journal?post=46685"},{"taxonomy":"rodzaj","embeddable":true,"href":"https:\/\/wydawnictwo.ug.edu.pl\/en\/wp-json\/wp\/v2\/rodzaj?post=46685"},{"taxonomy":"seria","embeddable":true,"href":"https:\/\/wydawnictwo.ug.edu.pl\/en\/wp-json\/wp\/v2\/seria?post=46685"},{"taxonomy":"product_brand","embeddable":true,"href":"https:\/\/wydawnictwo.ug.edu.pl\/en\/wp-json\/wp\/v2\/product_brand?post=46685"},{"taxonomy":"product_cat","embeddable":true,"href":"https:\/\/wydawnictwo.ug.edu.pl\/en\/wp-json\/wp\/v2\/product_cat?post=46685"},{"taxonomy":"product_tag","embeddable":true,"href":"https:\/\/wydawnictwo.ug.edu.pl\/en\/wp-json\/wp\/v2\/product_tag?post=46685"}],"curies":[{"name":"wp","href":"https:\/\/api.w.org\/{rel}","templated":true}]}}