{"id":46684,"date":"2018-11-30T01:00:00","date_gmt":"2018-11-30T01:00:00","guid":{"rendered":"https:\/\/wydawnictwo.ug.edu.pl\/ksiegarnia-online\/uncategorized\/trudna-obecnosc-film-w-edukacji-polonistycznej-a-interpretacja\/"},"modified":"2026-02-11T15:39:01","modified_gmt":"2026-02-11T15:39:01","slug":"trudna-obecnosc-film-w-edukacji-polonistycznej-a-interpretacja","status":"publish","type":"product","link":"https:\/\/wydawnictwo.ug.edu.pl\/en\/ksiegarnia-online\/pedagogika-i-psychologia\/trudna-obecnosc-film-w-edukacji-polonistycznej-a-interpretacja\/","title":{"rendered":"Trudna obecno\u015b\u0107. Film w edukacji polonistycznej a interpretacja"},"content":{"rendered":"","protected":false},"excerpt":{"rendered":"<p><strong><a href=\"https:\/\/wydawnictwo.ug.edu.pl\/wp-content\/uploads\/2021\/11\/Szoska-Maria-trudna-obecnosc.pdf\">Dost\u0119p do ksi\u0105\u017cki w wersji elektronicznej.<\/a><\/strong><\/p>\n<p><em>Trudna obecno\u015b\u0107&#8230;\u00a0<\/em>ukazuje niejednoznaczne i pe\u0142ne paradoks\u00f3w miejsce\u00a0filmu w szkole i edukacji polonistycznej. Ksi\u0105\u017cka sk\u0142ada si\u0119 z dw\u00f3ch\u00a0cz\u0119\u015bci. W pierwszej przedmiotem\u00a0uwagi s\u0105 uwarunkowania edukacji\u00a0filmowej w Polsce oraz jej szkolne\u00a0i pozaszkolne przyk\u0142ady realizacji na\u00a0przestrzeni lat 1918-2017. W cz\u0119\u015bci\u00a0drugiej autorka przedstawia kalejdoskop mo\u017cliwo\u015bci \u2013 przetestowanych\u00a0w szkolnej praktyce \u2013 jakie stwarza\u00a0film dla kszta\u0142cenia najtrudniejszej, ale\u00a0i najbardziej potrzebnej umiej\u0119tno\u015bci:\u00a0interpretacji.<\/p>\n","protected":false},"featured_media":16612,"template":"","meta":{"_acf_changed":false},"journal":[],"rodzaj":[2604],"seria":[6756],"product_brand":[],"product_cat":[7007],"product_tag":[1040],"class_list":{"0":"post-46684","1":"product","2":"type-product","3":"status-publish","4":"has-post-thumbnail","6":"rodzaj-serie-wydawnicze","7":"seria-ponowoczesna-dydaktyka-polonistyczna-teoria-i-praktyka","8":"product_cat-pedagogika-i-psychologia","9":"product_tag-maria-szoska","11":"first","12":"outofstock","13":"taxable","14":"shipping-taxable","15":"product-type-simple"},"acf":[],"_links":{"self":[{"href":"https:\/\/wydawnictwo.ug.edu.pl\/en\/wp-json\/wp\/v2\/product\/46684","targetHints":{"allow":["GET"]}}],"collection":[{"href":"https:\/\/wydawnictwo.ug.edu.pl\/en\/wp-json\/wp\/v2\/product"}],"about":[{"href":"https:\/\/wydawnictwo.ug.edu.pl\/en\/wp-json\/wp\/v2\/types\/product"}],"wp:featuredmedia":[{"embeddable":true,"href":"https:\/\/wydawnictwo.ug.edu.pl\/en\/wp-json\/wp\/v2\/media\/16612"}],"wp:attachment":[{"href":"https:\/\/wydawnictwo.ug.edu.pl\/en\/wp-json\/wp\/v2\/media?parent=46684"}],"wp:term":[{"taxonomy":"journal","embeddable":true,"href":"https:\/\/wydawnictwo.ug.edu.pl\/en\/wp-json\/wp\/v2\/journal?post=46684"},{"taxonomy":"rodzaj","embeddable":true,"href":"https:\/\/wydawnictwo.ug.edu.pl\/en\/wp-json\/wp\/v2\/rodzaj?post=46684"},{"taxonomy":"seria","embeddable":true,"href":"https:\/\/wydawnictwo.ug.edu.pl\/en\/wp-json\/wp\/v2\/seria?post=46684"},{"taxonomy":"product_brand","embeddable":true,"href":"https:\/\/wydawnictwo.ug.edu.pl\/en\/wp-json\/wp\/v2\/product_brand?post=46684"},{"taxonomy":"product_cat","embeddable":true,"href":"https:\/\/wydawnictwo.ug.edu.pl\/en\/wp-json\/wp\/v2\/product_cat?post=46684"},{"taxonomy":"product_tag","embeddable":true,"href":"https:\/\/wydawnictwo.ug.edu.pl\/en\/wp-json\/wp\/v2\/product_tag?post=46684"}],"curies":[{"name":"wp","href":"https:\/\/api.w.org\/{rel}","templated":true}]}}