{"id":46682,"date":"2018-11-30T01:00:00","date_gmt":"2018-11-30T01:00:00","guid":{"rendered":"https:\/\/wydawnictwo.ug.edu.pl\/ksiegarnia-online\/uncategorized\/multidimensional-discourse-in-the-fiction-of-eva-figes\/"},"modified":"2026-02-11T15:40:25","modified_gmt":"2026-02-11T15:40:25","slug":"multidimensional-discourse-in-the-fiction-of-eva-figes","status":"publish","type":"product","link":"https:\/\/wydawnictwo.ug.edu.pl\/en\/ksiegarnia-online\/literaturoznawstwo\/multidimensional-discourse-in-the-fiction-of-eva-figes\/","title":{"rendered":"Multidimensional discourse in the fiction of Eva Figes"},"content":{"rendered":"","protected":false},"excerpt":{"rendered":"<p>Nadrz\u0119dnym celem proponowanej monografii jest przedstawienie tw\u00f3rczo\u015bci wsp\u00f3\u0142czesnej pisarki Brytyjskiej Evy Figes (1932-2012) na przyk\u0142adzie wybranych powie\u015bci. G\u0142\u00f3wnym aspektem analizowanych utwor\u00f3w jest ich wielowymiarowo\u015b\u0107 osi\u0105gni\u0119ta poprzez dyskurs intertekstualny na poziomie tekst &#8211; tekst, tekst &#8211; gatunek oraz tekst \u2013 rzeczywisto\u015b\u0107. Aby ukaza\u0107 indywidualne sposoby tworzenia sens\u00f3w w utworach Figes nale\u017cy spojrze\u0107 na nie jako na tkank\u0119 intertekstualnych nawi\u0105za\u0144 i pokaza\u0107 jak funkcjonuj\u0105 w utworach. Metodologia mojej pracy opiera si\u0119 w du\u017cym stopniu na koncepcji dialogu Bachtina, polifonii, karnawa\u0142owo\u015bci oraz r\u00f3\u017cnoj\u0119zyczno\u015bci. Nawi\u0105zuj\u0119 do r\u00f3\u017cnych koncepcji intertekstualnych ze szczeg\u00f3lnym wyr\u00f3\u017cnieniem za\u0142o\u017ce\u0144 Gerarda Genetta, Ryszarda Nycza oraz og\u00f3lnych za\u0142o\u017ceniach koncepcji feministycznej reprezentowanej przez Nancy Miller oraz Elaine Showalter. Opieram si\u0119 r\u00f3wnie\u017c na poj\u0119ciu pami\u0119ci rozumianej jako pami\u0119\u0107 kulturowa oraz historiograficzna a tak\u017ce diaspora. Wyr\u00f3\u017cnione poj\u0119cia odnajduj\u0105 odzwierciedlenie w analizowanych utworach i dope\u0142niaj\u0105 ich interpretacj\u0119. Cz\u0119\u015b\u0107 metodologiczna pracy stanowi zbi\u00f3r najwa\u017cniejszych teorii w zkresie bada\u0144 nad intertekstualno\u015bci\u0105 oraz poj\u0119ciem pami\u0119ci i mo\u017ce okaza\u0107 si\u0119 pomocn\u0105 pomoc\u0105 dydaktyczn\u0105 dla student\u00f3w filologii angielskiej.<\/p>\n<p>Eva Figes jest cenion\u0105 powie\u015bciopisark\u0105 oraz autork\u0105 rozpraw spo\u0142ecznych o silnym nurcie feministycznym. Pomimo wielu nagr\u00f3d, \u0142\u0105cznie z presti\u017cow\u0105 nagrod\u0105 the Guardian Fiction Prize za jedn\u0105 z pierwszych powie\u015bci\u00a0<em>Winter Journey<\/em>\u00a0w roku 1967, jej utwory s\u0105 znane i cenione g\u0142\u00f3wnie przez krytyk\u0119 literack\u0105. Analiz\u0119 utwor\u00f3w Figes opar\u0142am na nielicznych dost\u0119pnych opracowaniach powie\u015bci Figes w pracach zbiorowych dotycz\u0105cych literatury wsp\u00f3\u0142czesnej oraz artyku\u0142ach w czasopismach popularnych i recenzjach. Do tej pory opublikowano jedn\u0105 prac\u0119 monograficzn\u0105 dotycz\u0105c\u0105 tw\u00f3rczo\u015bci autorki, kt\u00f3ra jest analizowana \u015bci\u015ble z perspektywy teorii traumy. Niniejsza monografia poszerza spojrzenie na tw\u00f3rczo\u015b\u0107 pisarki wskazuj\u0105c na wielowymiarowo\u015b\u0107 jej utwor\u00f3w osi\u0105gni\u0119t\u0105 poprzez dyskurs intertekstualny z licznymi utworami poetyckimi i prozaicznymi oraz przez r\u00f3\u017cnorodno\u015b\u0107 gatunkow\u0105 i j\u0119zykow\u0105. W tw\u00f3rczo\u015bci pisarki mo\u017cna wyr\u00f3\u017cni\u0107 cztery podstawowe okresy tw\u00f3rczo\u015bci, kt\u00f3re ukazuj\u0105 dominuj\u0105ce trendy i zmieniaj\u0105ce si\u0119 zainteresowania w jej utworach reprezentowanych przez cztery wyr\u00f3\u017cnione powie\u015bci.<\/p>\n<p>Wszystkie powie\u015bci Evy Figes przedstawiaj\u0105 \u015bwiadomo\u015b\u0107 cz\u0142owieka wyobcowanego w spo\u0142ecze\u0144stwie. Protagonista, g\u0142\u00f3wnie kobieta, zosta\u0142 odsuni\u0119ty lub opuszczony przez spo\u0142ecze\u0144stwo ze wzgl\u0119du na swoj\u0105 inno\u015b\u0107. Figes wykorzystuje zapo\u017cyczone motywy i r\u00f3\u017cnorodne gatunki w zmienionej formie, nadaj\u0105c im sw\u00f3j w\u0142asny charakter i nowe znaczenia dzi\u0119ki umieszczeniu hipotekst\u00f3w w nowym kontek\u015bcie. Dzi\u0119ki nawi\u0105zaniom do innych utwor\u00f3w, Figes wpisuje literatur\u0119 kobiec\u0105 do kanonu literatury \u015bwiatowej spisuj\u0105c now\u0105 wersj\u0119 historii z uwzgl\u0119dnieniem perspektywy kobiecej.<\/p>\n","protected":false},"featured_media":17286,"template":"","meta":{"_acf_changed":false},"journal":[],"rodzaj":[7074],"seria":[],"product_brand":[],"product_cat":[6925],"product_tag":[8079],"class_list":{"0":"post-46682","1":"product","2":"type-product","3":"status-publish","4":"has-post-thumbnail","6":"rodzaj-ksiazki","7":"product_cat-literaturoznawstwo","8":"product_tag-malgorzata-godlewskamalgorzata-godlewska","9":"pa_rok-wydania-2019-en","11":"first","12":"outofstock","13":"taxable","14":"shipping-taxable","15":"purchasable","16":"product-type-simple"},"acf":[],"_links":{"self":[{"href":"https:\/\/wydawnictwo.ug.edu.pl\/en\/wp-json\/wp\/v2\/product\/46682","targetHints":{"allow":["GET"]}}],"collection":[{"href":"https:\/\/wydawnictwo.ug.edu.pl\/en\/wp-json\/wp\/v2\/product"}],"about":[{"href":"https:\/\/wydawnictwo.ug.edu.pl\/en\/wp-json\/wp\/v2\/types\/product"}],"wp:featuredmedia":[{"embeddable":true,"href":"https:\/\/wydawnictwo.ug.edu.pl\/en\/wp-json\/wp\/v2\/media\/17286"}],"wp:attachment":[{"href":"https:\/\/wydawnictwo.ug.edu.pl\/en\/wp-json\/wp\/v2\/media?parent=46682"}],"wp:term":[{"taxonomy":"journal","embeddable":true,"href":"https:\/\/wydawnictwo.ug.edu.pl\/en\/wp-json\/wp\/v2\/journal?post=46682"},{"taxonomy":"rodzaj","embeddable":true,"href":"https:\/\/wydawnictwo.ug.edu.pl\/en\/wp-json\/wp\/v2\/rodzaj?post=46682"},{"taxonomy":"seria","embeddable":true,"href":"https:\/\/wydawnictwo.ug.edu.pl\/en\/wp-json\/wp\/v2\/seria?post=46682"},{"taxonomy":"product_brand","embeddable":true,"href":"https:\/\/wydawnictwo.ug.edu.pl\/en\/wp-json\/wp\/v2\/product_brand?post=46682"},{"taxonomy":"product_cat","embeddable":true,"href":"https:\/\/wydawnictwo.ug.edu.pl\/en\/wp-json\/wp\/v2\/product_cat?post=46682"},{"taxonomy":"product_tag","embeddable":true,"href":"https:\/\/wydawnictwo.ug.edu.pl\/en\/wp-json\/wp\/v2\/product_tag?post=46682"}],"curies":[{"name":"wp","href":"https:\/\/api.w.org\/{rel}","templated":true}]}}